{"id":305,"date":"2025-12-21T05:37:03","date_gmt":"2025-12-21T05:37:03","guid":{"rendered":"https:\/\/vigorashop.com\/product\/deep-cleanser\/"},"modified":"2025-12-25T22:54:32","modified_gmt":"2025-12-25T22:54:32","slug":"%d8%a8%d8%a7%d9%88%d8%b1-60-%d9%83%d8%a8%d8%b3%d9%88%d9%84%d8%a9","status":"publish","type":"product","link":"https:\/\/vigorashop.com\/fr\/produit\/%d8%a8%d8%a7%d9%88%d8%b1-60-%d9%83%d8%a8%d8%b3%d9%88%d9%84%d8%a9\/","title":{"rendered":"Power \u2013 60 G\u00e9lules"},"content":{"rendered":"<h2 data-start=\"208\" data-end=\"231\">\u26a1 Power \u2013 60 G\u00e9lules<\/h2>\n<p data-start=\"232\" data-end=\"269\"><strong data-start=\"232\" data-end=\"269\">\u00c9nergie durable\u2026 performance renforc\u00e9e au quotidien<\/strong><\/p>\n<p data-start=\"271\" data-end=\"507\">Les g\u00e9lules Power sont formul\u00e9es pour aider \u00e0 soutenir les niveaux d\u2019\u00e9nergie naturels et \u00e0 am\u00e9liorer l\u2019endurance physique et mentale.<br data-start=\"387\" data-end=\"390\" \/>Elles contribuent \u00e0 r\u00e9duire la sensation de fatigue, \u00e0 soutenir la concentration et l\u2019activit\u00e9 quotidienne, et \u00e0 offrir un coup de boost suppl\u00e9mentaire pour rester productif tout au long de la journ\u00e9e.<\/p>\n<p><img fetchpriority=\"high\" decoding=\"async\" class=\"aligncenter wp-image-1458 size-large\" src=\"https:\/\/vigorashop.com\/wp-content\/uploads\/2025\/12\/Rendu_Maquette_3840_2022_2025-05-0814-1024x539.png\" alt=\"\" width=\"1024\" height=\"539\" srcset=\"https:\/\/vigorashop.com\/wp-content\/uploads\/2025\/12\/Rendu_Maquette_3840_2022_2025-05-0814-1024x539.png 1024w, https:\/\/vigorashop.com\/wp-content\/uploads\/2025\/12\/Rendu_Maquette_3840_2022_2025-05-0814-300x158.png 300w, https:\/\/vigorashop.com\/wp-content\/uploads\/2025\/12\/Rendu_Maquette_3840_2022_2025-05-0814-768x404.png 768w, https:\/\/vigorashop.com\/wp-content\/uploads\/2025\/12\/Rendu_Maquette_3840_2022_2025-05-0814-1536x809.png 1536w, https:\/\/vigorashop.com\/wp-content\/uploads\/2025\/12\/Rendu_Maquette_3840_2022_2025-05-0814-2048x1078.png 2048w, https:\/\/vigorashop.com\/wp-content\/uploads\/2025\/12\/Rendu_Maquette_3840_2022_2025-05-0814-18x9.png 18w, https:\/\/vigorashop.com\/wp-content\/uploads\/2025\/12\/Rendu_Maquette_3840_2022_2025-05-0814-600x316.png 600w\" sizes=\"(max-width: 1024px) 100vw, 1024px\" \/><\/p>\n<p>Id\u00e9al pour les sportifs, les personnes actives et toute personne recherchant un soutien suppl\u00e9mentaire en vitalit\u00e9.<\/p>\n<h3 data-start=\"585\" data-end=\"605\">Bienfaits :<\/h3>\n<p data-start=\"606\" data-end=\"750\">\u2714\ufe0f Aide \u00e0 soutenir l\u2019\u00e9nergie et la vitalit\u00e9 quotidiennes<br data-start=\"643\" data-end=\"646\" \/>\u2714\ufe0f Contribue \u00e0 r\u00e9duire la fatigue<br data-start=\"678\" data-end=\"681\" \/>\u2714\ufe0f Soutient les performances physiques et mentales<br data-start=\"711\" data-end=\"714\" \/>\u2714\ufe0f Am\u00e9liore l\u2019endurance et la concentration<\/p>\n<h3 data-start=\"752\" data-end=\"768\">Caract\u00e9ristiques :<\/h3>\n<p data-start=\"769\" data-end=\"901\">\u2705 60 g\u00e9lules faciles \u00e0 prendre<br data-start=\"795\" data-end=\"798\" \/>\u2705 Formule \u00e9quilibr\u00e9e pour un usage quotidien<br data-start=\"830\" data-end=\"833\" \/>\u2705 Adapt\u00e9 aux modes de vie actifs et aux sportifs<br data-start=\"868\" data-end=\"871\" \/>\u2705 Formule douce et bien tol\u00e9r\u00e9e<\/p>\n<p data-start=\"769\" data-end=\"901\"><img decoding=\"async\" class=\"aligncenter wp-image-1459 size-large\" src=\"https:\/\/vigorashop.com\/wp-content\/uploads\/2025\/12\/Rendu_Maquette_3840_2022_2025-05-088-1024x539.png\" alt=\"\" width=\"1024\" height=\"539\" srcset=\"https:\/\/vigorashop.com\/wp-content\/uploads\/2025\/12\/Rendu_Maquette_3840_2022_2025-05-088-1024x539.png 1024w, https:\/\/vigorashop.com\/wp-content\/uploads\/2025\/12\/Rendu_Maquette_3840_2022_2025-05-088-300x158.png 300w, https:\/\/vigorashop.com\/wp-content\/uploads\/2025\/12\/Rendu_Maquette_3840_2022_2025-05-088-768x404.png 768w, https:\/\/vigorashop.com\/wp-content\/uploads\/2025\/12\/Rendu_Maquette_3840_2022_2025-05-088-1536x809.png 1536w, https:\/\/vigorashop.com\/wp-content\/uploads\/2025\/12\/Rendu_Maquette_3840_2022_2025-05-088-2048x1078.png 2048w, https:\/\/vigorashop.com\/wp-content\/uploads\/2025\/12\/Rendu_Maquette_3840_2022_2025-05-088-18x9.png 18w, https:\/\/vigorashop.com\/wp-content\/uploads\/2025\/12\/Rendu_Maquette_3840_2022_2025-05-088-600x316.png 600w\" sizes=\"(max-width: 1024px) 100vw, 1024px\" \/><\/p>\n<h3 data-start=\"903\" data-end=\"926\">Mode d\u2019utilisation :<\/h3>\n<p data-start=\"927\" data-end=\"1021\">Prendre les g\u00e9lules avec un verre d\u2019eau selon l\u2019apport quotidien recommand\u00e9 ou dans le cadre d\u2019une routine r\u00e9guli\u00e8re de compl\u00e9mentation.<\/p>\n<p data-start=\"927\" data-end=\"1021\" class=\"translation-block\">Ce produit est un compl\u00e9ment alimentaire.\nIl ne constitue pas un m\u00e9dicament et n\u2019est pas destin\u00e9 \u00e0 diagnostiquer, traiter, gu\u00e9rir ou pr\u00e9venir une quelconque maladie.\nLes r\u00e9sultats peuvent varier d\u2019une personne \u00e0 l\u2019autre.\nNe remplace pas une alimentation \u00e9quilibr\u00e9e ni un mode de vie sain.\nConsulter un professionnel de sant\u00e9 avant utilisation en cas de condition m\u00e9dicale ou de prise de m\u00e9dicaments.<\/p>\n<p data-start=\"927\" data-end=\"1021\">Compl\u00e9ment alimentaire | Non m\u00e9dicament | R\u00e9sultats variable<\/p>","protected":false},"excerpt":{"rendered":"<p>\u2714\ufe0f Aide \u00e0 soutenir l\u2019\u00e9nergie et la vitalit\u00e9 quotidiennes<br data-start=\"643\" data-end=\"646\" \/>\u2714\ufe0f Contribue \u00e0 r\u00e9duire la fatigue<br data-start=\"678\" data-end=\"681\" \/>\u2714\ufe0f Soutient les performances physiques et mentales<br data-start=\"711\" data-end=\"714\" \/>\u2714\ufe0f Am\u00e9liore l\u2019endurance et la concentration<\/p>","protected":false},"featured_media":1460,"comment_status":"open","ping_status":"closed","template":"","meta":{"_monsterinsights_skip_tracking":false,"_monsterinsights_sitenote_active":false,"_monsterinsights_sitenote_note":"","_monsterinsights_sitenote_category":0,"site-sidebar-layout":"no-sidebar","site-content-layout":"boxed-container","ast-site-content-layout":"normal-width-container","site-content-style":"boxed","site-sidebar-style":"boxed","ast-global-header-display":"","ast-banner-title-visibility":"","ast-main-header-display":"","ast-hfb-above-header-display":"","ast-hfb-below-header-display":"","ast-hfb-mobile-header-display":"","site-post-title":"","ast-breadcrumbs-content":"","ast-featured-img":"","footer-sml-layout":"","ast-disable-related-posts":"","theme-transparent-header-meta":"default","adv-header-id-meta":"","stick-header-meta":"","header-above-stick-meta":"","header-main-stick-meta":"","header-below-stick-meta":"","astra-migrate-meta-layouts":"set","ast-page-background-enabled":"default","ast-page-background-meta":{"desktop":{"background-color":"","background-image":"","background-repeat":"repeat","background-position":"center center","background-size":"auto","background-attachment":"scroll","background-type":"","background-media":"","overlay-type":"","overlay-color":"","overlay-opacity":"","overlay-gradient":""},"tablet":{"background-color":"","background-image":"","background-repeat":"repeat","background-position":"center center","background-size":"auto","background-attachment":"scroll","background-type":"","background-media":"","overlay-type":"","overlay-color":"","overlay-opacity":"","overlay-gradient":""},"mobile":{"background-color":"","background-image":"","background-repeat":"repeat","background-position":"center center","background-size":"auto","background-attachment":"scroll","background-type":"","background-media":"","overlay-type":"","overlay-color":"","overlay-opacity":"","overlay-gradient":""}},"ast-content-background-meta":{"desktop":{"background-color":"var(--ast-global-color-5)","background-image":"","background-repeat":"repeat","background-position":"center center","background-size":"auto","background-attachment":"scroll","background-type":"","background-media":"","overlay-type":"","overlay-color":"","overlay-opacity":"","overlay-gradient":""},"tablet":{"background-color":"var(--ast-global-color-5)","background-image":"","background-repeat":"repeat","background-position":"center center","background-size":"auto","background-attachment":"scroll","background-type":"","background-media":"","overlay-type":"","overlay-color":"","overlay-opacity":"","overlay-gradient":""},"mobile":{"background-color":"var(--ast-global-color-5)","background-image":"","background-repeat":"repeat","background-position":"center center","background-size":"auto","background-attachment":"scroll","background-type":"","background-media":"","overlay-type":"","overlay-color":"","overlay-opacity":"","overlay-gradient":""}},"_joinchat":[]},"product_brand":[],"product_cat":[15],"product_tag":[],"class_list":{"0":"post-305","1":"product","2":"type-product","3":"status-publish","4":"has-post-thumbnail","6":"product_cat-15","7":"desktop-align-left","8":"tablet-align-left","9":"mobile-align-left","11":"first","12":"instock","13":"featured","14":"shipping-taxable","15":"purchasable","16":"product-type-simple"},"_links":{"self":[{"href":"https:\/\/vigorashop.com\/fr\/wp-json\/wp\/v2\/product\/305","targetHints":{"allow":["GET"]}}],"collection":[{"href":"https:\/\/vigorashop.com\/fr\/wp-json\/wp\/v2\/product"}],"about":[{"href":"https:\/\/vigorashop.com\/fr\/wp-json\/wp\/v2\/types\/product"}],"replies":[{"embeddable":true,"href":"https:\/\/vigorashop.com\/fr\/wp-json\/wp\/v2\/comments?post=305"}],"wp:featuredmedia":[{"embeddable":true,"href":"https:\/\/vigorashop.com\/fr\/wp-json\/wp\/v2\/media\/1460"}],"wp:attachment":[{"href":"https:\/\/vigorashop.com\/fr\/wp-json\/wp\/v2\/media?parent=305"}],"wp:term":[{"taxonomy":"product_brand","embeddable":true,"href":"https:\/\/vigorashop.com\/fr\/wp-json\/wp\/v2\/product_brand?post=305"},{"taxonomy":"product_cat","embeddable":true,"href":"https:\/\/vigorashop.com\/fr\/wp-json\/wp\/v2\/product_cat?post=305"},{"taxonomy":"product_tag","embeddable":true,"href":"https:\/\/vigorashop.com\/fr\/wp-json\/wp\/v2\/product_tag?post=305"}],"curies":[{"name":"wp","href":"https:\/\/api.w.org\/{rel}","templated":true}]}}