{"id":1730,"date":"2026-01-13T02:31:28","date_gmt":"2026-01-13T02:31:28","guid":{"rendered":"https:\/\/vigorashop.com\/?post_type=product&#038;p=1730"},"modified":"2026-01-13T02:31:29","modified_gmt":"2026-01-13T02:31:29","slug":"%d8%b2%d9%8a%d8%aa-%d9%88%d8%b4%d8%a7%d9%85%d8%a8%d9%88-%d8%b6%d8%af-%d8%a7%d9%84%d9%82%d9%85%d9%84","status":"publish","type":"product","link":"https:\/\/vigorashop.com\/fr\/produit\/%d8%b2%d9%8a%d8%aa-%d9%88%d8%b4%d8%a7%d9%85%d8%a8%d9%88-%d8%b6%d8%af-%d8%a7%d9%84%d9%82%d9%85%d9%84\/","title":{"rendered":"Huile et shampooing \u0636\u062f \u0627\u0644\u0642\u0645\u0644 \u2013 200 ml"},"content":{"rendered":"<h2 data-start=\"200\" data-end=\"236\">\ud83e\udd8b Huile et Shampoing Anti-Poux \u2013 200 ml<\/h2>\n<p data-start=\"237\" data-end=\"287\"><strong data-start=\"237\" data-end=\"287\">Nettoyage doux \u2022 Protection efficace \u2022 Soin capillaire<\/strong><\/p>\n<p data-start=\"289\" data-end=\"545\" class=\"translation-block\">L\u2019huile et shampoing anti-poux a \u00e9t\u00e9 formul\u00e9 pour aider \u00e0 \u00e9liminer les poux et les lentes, tout en respectant le cuir chevelu et la douceur des cheveux.\nSa formule douce convient aux enfants et aux adultes et contribue \u00e0 limiter la r\u00e9apparition des poux en cas d\u2019utilisation r\u00e9guli\u00e8re<\/p>\n<p data-start=\"289\" data-end=\"545\"><img fetchpriority=\"high\" decoding=\"async\" class=\"aligncenter wp-image-1731 size-large\" src=\"https:\/\/vigorashop.com\/wp-content\/uploads\/2026\/01\/WhatsApp-Image-2025-09-26-at-17.46.311-2-1024x1024.jpeg\" alt=\"\" width=\"1024\" height=\"1024\" srcset=\"https:\/\/vigorashop.com\/wp-content\/uploads\/2026\/01\/WhatsApp-Image-2025-09-26-at-17.46.311-2-1024x1024.jpeg 1024w, https:\/\/vigorashop.com\/wp-content\/uploads\/2026\/01\/WhatsApp-Image-2025-09-26-at-17.46.311-2-300x300.jpeg 300w, https:\/\/vigorashop.com\/wp-content\/uploads\/2026\/01\/WhatsApp-Image-2025-09-26-at-17.46.311-2-150x150.jpeg 150w, https:\/\/vigorashop.com\/wp-content\/uploads\/2026\/01\/WhatsApp-Image-2025-09-26-at-17.46.311-2-768x768.jpeg 768w, https:\/\/vigorashop.com\/wp-content\/uploads\/2026\/01\/WhatsApp-Image-2025-09-26-at-17.46.311-2-12x12.jpeg 12w, https:\/\/vigorashop.com\/wp-content\/uploads\/2026\/01\/WhatsApp-Image-2025-09-26-at-17.46.311-2-600x600.jpeg 600w, https:\/\/vigorashop.com\/wp-content\/uploads\/2026\/01\/WhatsApp-Image-2025-09-26-at-17.46.311-2-100x100.jpeg 100w, https:\/\/vigorashop.com\/wp-content\/uploads\/2026\/01\/WhatsApp-Image-2025-09-26-at-17.46.311-2.jpeg 1080w\" sizes=\"(max-width: 1024px) 100vw, 1024px\" \/><img decoding=\"async\" class=\"aligncenter wp-image-1734 size-large\" src=\"https:\/\/vigorashop.com\/wp-content\/uploads\/2026\/01\/Render_Mockup_4000_3000_2025-11-21-63-1024x768.png\" alt=\"\" width=\"1024\" height=\"768\" srcset=\"https:\/\/vigorashop.com\/wp-content\/uploads\/2026\/01\/Render_Mockup_4000_3000_2025-11-21-63-1024x768.png 1024w, https:\/\/vigorashop.com\/wp-content\/uploads\/2026\/01\/Render_Mockup_4000_3000_2025-11-21-63-300x225.png 300w, https:\/\/vigorashop.com\/wp-content\/uploads\/2026\/01\/Render_Mockup_4000_3000_2025-11-21-63-768x576.png 768w, https:\/\/vigorashop.com\/wp-content\/uploads\/2026\/01\/Render_Mockup_4000_3000_2025-11-21-63-1536x1152.png 1536w, https:\/\/vigorashop.com\/wp-content\/uploads\/2026\/01\/Render_Mockup_4000_3000_2025-11-21-63-2048x1536.png 2048w, https:\/\/vigorashop.com\/wp-content\/uploads\/2026\/01\/Render_Mockup_4000_3000_2025-11-21-63-16x12.png 16w, https:\/\/vigorashop.com\/wp-content\/uploads\/2026\/01\/Render_Mockup_4000_3000_2025-11-21-63-600x450.png 600w\" sizes=\"(max-width: 1024px) 100vw, 1024px\" \/><\/p>\n<h3 data-start=\"552\" data-end=\"570\">\u2705 Bienfaits du produit<\/h3>\n<p data-start=\"571\" data-end=\"731\">\u2714\ufe0f Aide \u00e0 \u00e9liminer les poux et les lentes<br data-start=\"605\" data-end=\"608\" \/>\u2714\ufe0f Nettoie le cuir chevelu en douceur<br data-start=\"631\" data-end=\"634\" \/>\u2714\ufe0f Contribue \u00e0 prot\u00e9ger contre la r\u00e9apparition des poux<br data-start=\"671\" data-end=\"674\" \/>\u2714\ufe0f Convient aux enfants et aux adultes<br data-start=\"698\" data-end=\"701\" \/>\u2714\ufe0f Laisse les cheveux propres et doux<\/p>\n<h3 data-start=\"738\" data-end=\"752\">\u2b50 Caract\u00e9ristiques<\/h3>\n<p data-start=\"753\" data-end=\"850\">\u2728 Formule 2-en-1 (huile + shampoing)<br data-start=\"782\" data-end=\"785\" \/>\u2728 Format pratique 200 ml<br data-start=\"802\" data-end=\"805\" \/>\u2728 Facile \u00e0 utiliser<br data-start=\"820\" data-end=\"823\" \/>\u2728 Adapt\u00e9 \u00e0 un usage domestique<\/p>\n<h3 data-start=\"857\" data-end=\"879\">\ud83e\uddf4 Mode d\u2019utilisation<\/h3>\n<p data-start=\"880\" data-end=\"1007\" class=\"translation-block\">Appliquer une quantit\u00e9 suffisante sur cheveux secs ou humides,\nmasser pendant 5 minutes,\nlaisser agir 10 minutes, puis rincer \u00e0 l\u2019eau ti\u00e8de.<\/p>\n<p data-start=\"1009\" data-end=\"1102\" class=\"translation-block\">Utiliser un peigne \u00e0 dents fines pour retirer les poux.\nR\u00e9p\u00e9ter apr\u00e8s 7 jours si n\u00e9cessaire.<\/p>\n<h3 data-start=\"1109\" data-end=\"1123\">\u26a0\ufe0f Pr\u00e9cautions<\/h3>\n<ul data-start=\"1124\" data-end=\"1255\">\n<li data-start=\"1124\" data-end=\"1149\">\n<p data-start=\"1126\" data-end=\"1149\">Usage externe uniquement<\/p>\n<\/li>\n<li data-start=\"1150\" data-end=\"1173\">\n<p data-start=\"1152\" data-end=\"1173\">\u00c9viter le contact avec les yeux<\/p>\n<\/li>\n<li data-start=\"1174\" data-end=\"1222\">\n<p data-start=\"1176\" data-end=\"1222\">Arr\u00eater l\u2019utilisation en cas d\u2019irritation<\/p>\n<\/li>\n<li data-start=\"1223\" data-end=\"1255\">\n<p data-start=\"1225\" data-end=\"1255\">Les r\u00e9sultats peuvent varier selon les personnes<\/p>\n<\/li>\n<\/ul>\n<p data-start=\"1262\" data-end=\"1326\"><strong data-start=\"1262\" data-end=\"1326\">Produit de soin capillaire | Usage externe uniquement | Les r\u00e9sultats peuvent varier<\/strong><\/p>","protected":false},"excerpt":{"rendered":"<p data-start=\"571\" data-end=\"731\">\u2714\ufe0f Aide \u00e0 \u00e9liminer les poux et les lentes<br data-start=\"605\" data-end=\"608\" \/>\u2714\ufe0f Nettoie le cuir chevelu en douceur<br data-start=\"631\" data-end=\"634\" \/>\u2714\ufe0f Contribue \u00e0 prot\u00e9ger contre la r\u00e9apparition des poux<br data-start=\"671\" data-end=\"674\" \/>\u2714\ufe0f Convient aux enfants et aux adultes<br data-start=\"698\" data-end=\"701\" \/>\u2714\ufe0f Laisse les cheveux propres et doux<\/p>\n<h3 data-start=\"738\" data-end=\"752\"><\/h3>","protected":false},"featured_media":1732,"comment_status":"open","ping_status":"closed","template":"","meta":{"_monsterinsights_skip_tracking":false,"_monsterinsights_sitenote_active":false,"_monsterinsights_sitenote_note":"","_monsterinsights_sitenote_category":0,"site-sidebar-layout":"default","site-content-layout":"","ast-site-content-layout":"default","site-content-style":"default","site-sidebar-style":"default","ast-global-header-display":"","ast-banner-title-visibility":"","ast-main-header-display":"","ast-hfb-above-header-display":"","ast-hfb-below-header-display":"","ast-hfb-mobile-header-display":"","site-post-title":"","ast-breadcrumbs-content":"","ast-featured-img":"","footer-sml-layout":"","ast-disable-related-posts":"","theme-transparent-header-meta":"default","adv-header-id-meta":"","stick-header-meta":"","header-above-stick-meta":"","header-main-stick-meta":"","header-below-stick-meta":"","astra-migrate-meta-layouts":"set","ast-page-background-enabled":"default","ast-page-background-meta":{"desktop":{"background-color":"","background-image":"","background-repeat":"repeat","background-position":"center center","background-size":"auto","background-attachment":"scroll","background-type":"","background-media":"","overlay-type":"","overlay-color":"","overlay-opacity":"","overlay-gradient":""},"tablet":{"background-color":"","background-image":"","background-repeat":"repeat","background-position":"center center","background-size":"auto","background-attachment":"scroll","background-type":"","background-media":"","overlay-type":"","overlay-color":"","overlay-opacity":"","overlay-gradient":""},"mobile":{"background-color":"","background-image":"","background-repeat":"repeat","background-position":"center center","background-size":"auto","background-attachment":"scroll","background-type":"","background-media":"","overlay-type":"","overlay-color":"","overlay-opacity":"","overlay-gradient":""}},"ast-content-background-meta":{"desktop":{"background-color":"var(--ast-global-color-5)","background-image":"","background-repeat":"repeat","background-position":"center center","background-size":"auto","background-attachment":"scroll","background-type":"","background-media":"","overlay-type":"","overlay-color":"","overlay-opacity":"","overlay-gradient":""},"tablet":{"background-color":"var(--ast-global-color-5)","background-image":"","background-repeat":"repeat","background-position":"center center","background-size":"auto","background-attachment":"scroll","background-type":"","background-media":"","overlay-type":"","overlay-color":"","overlay-opacity":"","overlay-gradient":""},"mobile":{"background-color":"var(--ast-global-color-5)","background-image":"","background-repeat":"repeat","background-position":"center center","background-size":"auto","background-attachment":"scroll","background-type":"","background-media":"","overlay-type":"","overlay-color":"","overlay-opacity":"","overlay-gradient":""}},"_joinchat":[]},"product_brand":[],"product_cat":[64],"product_tag":[],"class_list":{"0":"post-1730","1":"product","2":"type-product","3":"status-publish","4":"has-post-thumbnail","6":"product_cat-64","7":"desktop-align-left","8":"tablet-align-left","9":"mobile-align-left","11":"first","12":"instock","13":"sale","14":"shipping-taxable","15":"purchasable","16":"product-type-simple"},"_links":{"self":[{"href":"https:\/\/vigorashop.com\/fr\/wp-json\/wp\/v2\/product\/1730","targetHints":{"allow":["GET"]}}],"collection":[{"href":"https:\/\/vigorashop.com\/fr\/wp-json\/wp\/v2\/product"}],"about":[{"href":"https:\/\/vigorashop.com\/fr\/wp-json\/wp\/v2\/types\/product"}],"replies":[{"embeddable":true,"href":"https:\/\/vigorashop.com\/fr\/wp-json\/wp\/v2\/comments?post=1730"}],"wp:featuredmedia":[{"embeddable":true,"href":"https:\/\/vigorashop.com\/fr\/wp-json\/wp\/v2\/media\/1732"}],"wp:attachment":[{"href":"https:\/\/vigorashop.com\/fr\/wp-json\/wp\/v2\/media?parent=1730"}],"wp:term":[{"taxonomy":"product_brand","embeddable":true,"href":"https:\/\/vigorashop.com\/fr\/wp-json\/wp\/v2\/product_brand?post=1730"},{"taxonomy":"product_cat","embeddable":true,"href":"https:\/\/vigorashop.com\/fr\/wp-json\/wp\/v2\/product_cat?post=1730"},{"taxonomy":"product_tag","embeddable":true,"href":"https:\/\/vigorashop.com\/fr\/wp-json\/wp\/v2\/product_tag?post=1730"}],"curies":[{"name":"wp","href":"https:\/\/api.w.org\/{rel}","templated":true}]}}