{"id":1724,"date":"2026-01-13T00:53:28","date_gmt":"2026-01-13T00:53:28","guid":{"rendered":"https:\/\/vigorashop.com\/?post_type=product&#038;p=1724"},"modified":"2026-01-13T00:54:29","modified_gmt":"2026-01-13T00:54:29","slug":"%d8%b3%d8%a8%d8%b1%d8%a7%d9%8a-%d8%a7%d9%84%d9%85%d9%81%d8%a7%d8%b5%d9%84-50-%d9%85%d9%84","status":"publish","type":"product","link":"https:\/\/vigorashop.com\/fr\/produit\/%d8%b3%d8%a8%d8%b1%d8%a7%d9%8a-%d8%a7%d9%84%d9%85%d9%81%d8%a7%d8%b5%d9%84-50-%d9%85%d9%84\/","title":{"rendered":"\u0633\u0628\u0631\u0627\u064a \u0627\u0644\u0645\u0641\u0627\u0635\u0644 \u2013 50 \u0645\u0644"},"content":{"rendered":"<h2 data-start=\"167\" data-end=\"214\">Spray de soin des articulations et des muscles \u2013 50 ml<\/h2>\n<p data-start=\"215\" data-end=\"264\"><strong data-start=\"215\" data-end=\"264\">Soulagement rapide \u2022 Sensation de fra\u00eecheur \u2022 Soin quotidien efficace<\/strong><\/p>\n<p data-start=\"266\" data-end=\"536\">Le spray de soin des articulations et des muscles a \u00e9t\u00e9 formul\u00e9 pour aider \u00e0 soulager l\u2019inconfort ressenti au niveau des articulations et des muscles, tout en procurant une sensation imm\u00e9diate de fra\u00eecheur et de d\u00e9tente apr\u00e8s l\u2019effort physique ou les activit\u00e9s quotidiennes.<br data-start=\"446\" data-end=\"449\" \/>Son format spray pratique permet une application facile et cibl\u00e9e directement sur la zone concern\u00e9e.<\/p>\n<p data-start=\"266\" data-end=\"536\"><img fetchpriority=\"high\" decoding=\"async\" class=\"aligncenter wp-image-1726 size-large\" src=\"https:\/\/vigorashop.com\/wp-content\/uploads\/2026\/01\/Rendu_Maquette_3840_2022_2025-05-0918-1024x539.png\" alt=\"\" width=\"1024\" height=\"539\" srcset=\"https:\/\/vigorashop.com\/wp-content\/uploads\/2026\/01\/Rendu_Maquette_3840_2022_2025-05-0918-1024x539.png 1024w, https:\/\/vigorashop.com\/wp-content\/uploads\/2026\/01\/Rendu_Maquette_3840_2022_2025-05-0918-300x158.png 300w, https:\/\/vigorashop.com\/wp-content\/uploads\/2026\/01\/Rendu_Maquette_3840_2022_2025-05-0918-768x404.png 768w, https:\/\/vigorashop.com\/wp-content\/uploads\/2026\/01\/Rendu_Maquette_3840_2022_2025-05-0918-1536x809.png 1536w, https:\/\/vigorashop.com\/wp-content\/uploads\/2026\/01\/Rendu_Maquette_3840_2022_2025-05-0918-2048x1078.png 2048w, https:\/\/vigorashop.com\/wp-content\/uploads\/2026\/01\/Rendu_Maquette_3840_2022_2025-05-0918-18x9.png 18w, https:\/\/vigorashop.com\/wp-content\/uploads\/2026\/01\/Rendu_Maquette_3840_2022_2025-05-0918-600x316.png 600w\" sizes=\"(max-width: 1024px) 100vw, 1024px\" \/><\/p>\n<h3 data-start=\"538\" data-end=\"556\">\u2705 Bienfaits du produit<\/h3>\n<p data-start=\"557\" data-end=\"722\">\u2714\ufe0f Aide \u00e0 soulager l\u2019inconfort des articulations et des muscles<br data-start=\"605\" data-end=\"608\" \/>\u2714\ufe0f Contribue \u00e0 r\u00e9duire la sensation de raideur<br data-start=\"642\" data-end=\"645\" \/>\u2714\ufe0f Favorise la souplesse et le confort au quotidien<br data-start=\"681\" data-end=\"684\" \/>\u2714\ufe0f Procure une sensation de fra\u00eecheur et de relaxation<\/p>\n<h3 data-start=\"724\" data-end=\"738\">\u2b50 Caract\u00e9ristiques<\/h3>\n<p data-start=\"739\" data-end=\"877\">\u2728 Format spray pratique de 50 ml<br data-start=\"761\" data-end=\"764\" \/>\u2728 Facile \u00e0 transporter et \u00e0 utiliser<br data-start=\"786\" data-end=\"789\" \/>\u2728 Application directe sur la zone concern\u00e9e<br data-start=\"824\" data-end=\"827\" \/>\u2728 Texture l\u00e9g\u00e8re et non grasse<br data-start=\"848\" data-end=\"851\" \/>\u2728 Convient \u00e0 un usage quotidien<\/p>\n<h3 data-start=\"879\" data-end=\"901\">\ud83e\udded Mode d\u2019utilisation<\/h3>\n<p data-start=\"902\" data-end=\"1018\" class=\"translation-block\">Vaporiser directement sur la zone externe \u00e0 traiter,\npuis masser l\u00e9g\u00e8rement jusqu\u2019\u00e0 absorption.\n\u00c0 utiliser selon le besoin ou apr\u00e8s une activit\u00e9 physique.<\/p>\n<h3 data-start=\"1020\" data-end=\"1039\">\u26a0\ufe0f Pr\u00e9cautions d\u2019emploi<\/h3>\n<ul data-start=\"1040\" data-end=\"1261\">\n<li data-start=\"1040\" data-end=\"1074\">\n<p data-start=\"1042\" data-end=\"1074\">Produit destin\u00e9 uniquement aux soins et \u00e0 l\u2019hygi\u00e8ne personnelle<\/p>\n<\/li>\n<li data-start=\"1075\" data-end=\"1153\">\n<p data-start=\"1077\" data-end=\"1153\">Ne constitue pas un produit m\u00e9dical et n\u2019est pas destin\u00e9 \u00e0 diagnostiquer, traiter ou pr\u00e9venir une affection<\/p>\n<\/li>\n<li data-start=\"1154\" data-end=\"1179\">\n<p data-start=\"1156\" data-end=\"1179\">Usage externe uniquement<\/p>\n<\/li>\n<li data-start=\"1180\" data-end=\"1212\">\n<p data-start=\"1182\" data-end=\"1212\">Les r\u00e9sultats peuvent varier d\u2019une personne \u00e0 l\u2019autre<\/p>\n<\/li>\n<li data-start=\"1213\" data-end=\"1261\">\n<p data-start=\"1215\" data-end=\"1261\">Arr\u00eater l\u2019utilisation en cas d\u2019irritation<\/p>\n<\/li>\n<\/ul>\n<p data-start=\"1263\" data-end=\"1326\"><strong data-start=\"1263\" data-end=\"1326\">Produit de soin personnel | Usage externe uniquement | R\u00e9sultats variables<\/strong><\/p>","protected":false},"excerpt":{"rendered":"<p>\u2714\ufe0f Aide \u00e0 soulager l\u2019inconfort des articulations et des muscles<br data-start=\"605\" data-end=\"608\" \/>\u2714\ufe0f Contribue \u00e0 r\u00e9duire la sensation de raideur<br data-start=\"642\" data-end=\"645\" \/>\u2714\ufe0f Favorise la souplesse et le confort au quotidien<br data-start=\"681\" data-end=\"684\" \/>\u2714\ufe0f Procure une sensation de fra\u00eecheur et de relaxation<\/p>","protected":false},"featured_media":1725,"comment_status":"open","ping_status":"closed","template":"","meta":{"_monsterinsights_skip_tracking":false,"_monsterinsights_sitenote_active":false,"_monsterinsights_sitenote_note":"","_monsterinsights_sitenote_category":0,"site-sidebar-layout":"default","site-content-layout":"","ast-site-content-layout":"default","site-content-style":"default","site-sidebar-style":"default","ast-global-header-display":"","ast-banner-title-visibility":"","ast-main-header-display":"","ast-hfb-above-header-display":"","ast-hfb-below-header-display":"","ast-hfb-mobile-header-display":"","site-post-title":"","ast-breadcrumbs-content":"","ast-featured-img":"","footer-sml-layout":"","ast-disable-related-posts":"","theme-transparent-header-meta":"default","adv-header-id-meta":"","stick-header-meta":"","header-above-stick-meta":"","header-main-stick-meta":"","header-below-stick-meta":"","astra-migrate-meta-layouts":"set","ast-page-background-enabled":"default","ast-page-background-meta":{"desktop":{"background-color":"","background-image":"","background-repeat":"repeat","background-position":"center center","background-size":"auto","background-attachment":"scroll","background-type":"","background-media":"","overlay-type":"","overlay-color":"","overlay-opacity":"","overlay-gradient":""},"tablet":{"background-color":"","background-image":"","background-repeat":"repeat","background-position":"center center","background-size":"auto","background-attachment":"scroll","background-type":"","background-media":"","overlay-type":"","overlay-color":"","overlay-opacity":"","overlay-gradient":""},"mobile":{"background-color":"","background-image":"","background-repeat":"repeat","background-position":"center center","background-size":"auto","background-attachment":"scroll","background-type":"","background-media":"","overlay-type":"","overlay-color":"","overlay-opacity":"","overlay-gradient":""}},"ast-content-background-meta":{"desktop":{"background-color":"var(--ast-global-color-5)","background-image":"","background-repeat":"repeat","background-position":"center center","background-size":"auto","background-attachment":"scroll","background-type":"","background-media":"","overlay-type":"","overlay-color":"","overlay-opacity":"","overlay-gradient":""},"tablet":{"background-color":"var(--ast-global-color-5)","background-image":"","background-repeat":"repeat","background-position":"center center","background-size":"auto","background-attachment":"scroll","background-type":"","background-media":"","overlay-type":"","overlay-color":"","overlay-opacity":"","overlay-gradient":""},"mobile":{"background-color":"var(--ast-global-color-5)","background-image":"","background-repeat":"repeat","background-position":"center center","background-size":"auto","background-attachment":"scroll","background-type":"","background-media":"","overlay-type":"","overlay-color":"","overlay-opacity":"","overlay-gradient":""}},"_joinchat":[]},"product_brand":[],"product_cat":[64],"product_tag":[],"class_list":{"0":"post-1724","1":"product","2":"type-product","3":"status-publish","4":"has-post-thumbnail","6":"product_cat-64","7":"desktop-align-left","8":"tablet-align-left","9":"mobile-align-left","11":"first","12":"instock","13":"sale","14":"shipping-taxable","15":"purchasable","16":"product-type-simple"},"_links":{"self":[{"href":"https:\/\/vigorashop.com\/fr\/wp-json\/wp\/v2\/product\/1724","targetHints":{"allow":["GET"]}}],"collection":[{"href":"https:\/\/vigorashop.com\/fr\/wp-json\/wp\/v2\/product"}],"about":[{"href":"https:\/\/vigorashop.com\/fr\/wp-json\/wp\/v2\/types\/product"}],"replies":[{"embeddable":true,"href":"https:\/\/vigorashop.com\/fr\/wp-json\/wp\/v2\/comments?post=1724"}],"wp:featuredmedia":[{"embeddable":true,"href":"https:\/\/vigorashop.com\/fr\/wp-json\/wp\/v2\/media\/1725"}],"wp:attachment":[{"href":"https:\/\/vigorashop.com\/fr\/wp-json\/wp\/v2\/media?parent=1724"}],"wp:term":[{"taxonomy":"product_brand","embeddable":true,"href":"https:\/\/vigorashop.com\/fr\/wp-json\/wp\/v2\/product_brand?post=1724"},{"taxonomy":"product_cat","embeddable":true,"href":"https:\/\/vigorashop.com\/fr\/wp-json\/wp\/v2\/product_cat?post=1724"},{"taxonomy":"product_tag","embeddable":true,"href":"https:\/\/vigorashop.com\/fr\/wp-json\/wp\/v2\/product_tag?post=1724"}],"curies":[{"name":"wp","href":"https:\/\/api.w.org\/{rel}","templated":true}]}}