{"id":1641,"date":"2025-12-30T23:50:31","date_gmt":"2025-12-30T23:50:31","guid":{"rendered":"https:\/\/vigorashop.com\/?post_type=product&#038;p=1641"},"modified":"2025-12-30T23:50:32","modified_gmt":"2025-12-30T23:50:32","slug":"%d9%85%d8%ac%d9%85%d9%88%d8%b9%d8%a9-%d8%a8%d8%a7%d9%88%d8%b1-3-%d9%85%d9%86%d8%aa%d8%ac%d8%a7%d8%aa","status":"publish","type":"product","link":"https:\/\/vigorashop.com\/fr\/produit\/%d9%85%d8%ac%d9%85%d9%88%d8%b9%d8%a9-%d8%a8%d8%a7%d9%88%d8%b1-3-%d9%85%d9%86%d8%aa%d8%ac%d8%a7%d8%aa\/","title":{"rendered":"Power Pack \u2013 3 Produits"},"content":{"rendered":"<h2 data-start=\"227\" data-end=\"257\">Power Pack \u2013 3 Produits<\/h2>\n<p data-start=\"258\" data-end=\"305\"><strong data-start=\"258\" data-end=\"305\">\u00c9nergie compl\u00e8te\u2026 performance renforc\u00e9e\u2026 vitalit\u00e9 quotidienne<\/strong><\/p>\n<p data-start=\"307\" data-end=\"566\" class=\"translation-block\">Profitez d\u2019une exp\u00e9rience compl\u00e8te de soutien \u00e0 l\u2019\u00e9nergie et \u00e0 l\u2019activit\u00e9 avec le Power Pack, compos\u00e9 de g\u00e9lules, cr\u00e8me et spray.\nDes formules compl\u00e9mentaires qui agissent ensemble pour soutenir le corps de l\u2019int\u00e9rieur et de l\u2019ext\u00e9rieur, favoriser la vitalit\u00e9, am\u00e9liorer le confort physique et r\u00e9duire les sensations de fatigue avec une utilisation r\u00e9guli\u00e8re.<\/p>\n<p data-start=\"568\" data-end=\"653\">Id\u00e9al pour les sportifs, les personnes actives et tous ceux qui recherchent une \u00e9nergie durable au quotidien.<\/p>\n<h3 data-start=\"660\" data-end=\"681\">\u00a0Contenu du coffret :<\/h3>\n<p data-start=\"682\" data-end=\"839\">\u2714\ufe0f Soutien global de l\u2019\u00e9nergie et de la performance physique<br data-start=\"717\" data-end=\"720\" \/>\u2714\ufe0f Contribue \u00e0 r\u00e9duire les sensations de fatigue musculaire<br data-start=\"763\" data-end=\"766\" \/>\u2714\ufe0f Favorise la vitalit\u00e9 et l\u2019endurance au quotidien<br data-start=\"804\" data-end=\"807\" \/>\u2714\ufe0f Action combin\u00e9e interne et externe<\/p>\n<h3 data-start=\"846\" data-end=\"870\">\u00a0Contenu du coffret :<\/h3>\n<p data-start=\"871\" data-end=\"993\">\u2728 G\u00e9lules Power pour soutenir l\u2019\u00e9nergie quotidienne<br data-start=\"905\" data-end=\"908\" \/>\u2728 Cr\u00e8me Power pour le confort et le soutien local<br data-start=\"948\" data-end=\"951\" \/>\u2728 Spray Power pour une sensation de fra\u00eecheur rapide<\/p>\n<h3 data-start=\"1000\" data-end=\"1016\">\u00a0Caract\u00e9ristiques :<\/h3>\n<p data-start=\"1017\" data-end=\"1169\">\u2714\ufe0f Pack complet de 3 produits compl\u00e9mentaires<br data-start=\"1055\" data-end=\"1058\" \/>\u2714\ufe0f Convient aux sportifs et aux personnes actives<br data-start=\"1094\" data-end=\"1097\" \/>\u2714\ufe0f Facile \u00e0 int\u00e9grer dans une routine quotidienne<br data-start=\"1128\" data-end=\"1131\" \/>\u2714\ufe0f R\u00e9sultats perceptibles avec une utilisation r\u00e9guli\u00e8re<\/p>\n<h3 data-start=\"1176\" data-end=\"1203\"><\/h3>\n<p data-start=\"1204\" data-end=\"1467\" class=\"translation-block\">Les g\u00e9lules sont un compl\u00e9ment alimentaire.\nLa cr\u00e8me et le spray sont des produits de soin personnel \u00e0 usage externe uniquement.\nCes produits ne sont pas des m\u00e9dicaments et ne sont pas destin\u00e9s \u00e0 diagnostiquer, traiter, gu\u00e9rir ou pr\u00e9venir une affection m\u00e9dicale.\nLes r\u00e9sultats peuvent varier selon les individus.\nNe remplacent pas une alimentation \u00e9quilibr\u00e9e ni un mode de vie sain.<\/p>\n<h3 data-start=\"1474\" data-end=\"1510\"><\/h3>\n<p data-start=\"1511\" data-end=\"1578\"><strong data-start=\"1511\" data-end=\"1578\">Compl\u00e9ment alimentaire + produits de soin | Non m\u00e9dicaments | R\u00e9sultats variables<\/strong><\/p>","protected":false},"excerpt":{"rendered":"<p>\u2714\ufe0f Soutien global de l\u2019\u00e9nergie et de la performance physique<br data-start=\"717\" data-end=\"720\" \/>\u2714\ufe0f Contribue \u00e0 r\u00e9duire les sensations de fatigue musculaire<br data-start=\"763\" data-end=\"766\" \/>\u2714\ufe0f Favorise la vitalit\u00e9 et l\u2019endurance au quotidien<br data-start=\"804\" data-end=\"807\" \/>\u2714\ufe0f Action combin\u00e9e interne et externe<\/p>","protected":false},"featured_media":1642,"comment_status":"open","ping_status":"closed","template":"","meta":{"_monsterinsights_skip_tracking":false,"_monsterinsights_sitenote_active":false,"_monsterinsights_sitenote_note":"","_monsterinsights_sitenote_category":0,"site-sidebar-layout":"default","site-content-layout":"","ast-site-content-layout":"default","site-content-style":"default","site-sidebar-style":"default","ast-global-header-display":"","ast-banner-title-visibility":"","ast-main-header-display":"","ast-hfb-above-header-display":"","ast-hfb-below-header-display":"","ast-hfb-mobile-header-display":"","site-post-title":"","ast-breadcrumbs-content":"","ast-featured-img":"","footer-sml-layout":"","ast-disable-related-posts":"","theme-transparent-header-meta":"default","adv-header-id-meta":"","stick-header-meta":"","header-above-stick-meta":"","header-main-stick-meta":"","header-below-stick-meta":"","astra-migrate-meta-layouts":"set","ast-page-background-enabled":"default","ast-page-background-meta":{"desktop":{"background-color":"","background-image":"","background-repeat":"repeat","background-position":"center center","background-size":"auto","background-attachment":"scroll","background-type":"","background-media":"","overlay-type":"","overlay-color":"","overlay-opacity":"","overlay-gradient":""},"tablet":{"background-color":"","background-image":"","background-repeat":"repeat","background-position":"center center","background-size":"auto","background-attachment":"scroll","background-type":"","background-media":"","overlay-type":"","overlay-color":"","overlay-opacity":"","overlay-gradient":""},"mobile":{"background-color":"","background-image":"","background-repeat":"repeat","background-position":"center center","background-size":"auto","background-attachment":"scroll","background-type":"","background-media":"","overlay-type":"","overlay-color":"","overlay-opacity":"","overlay-gradient":""}},"ast-content-background-meta":{"desktop":{"background-color":"var(--ast-global-color-5)","background-image":"","background-repeat":"repeat","background-position":"center center","background-size":"auto","background-attachment":"scroll","background-type":"","background-media":"","overlay-type":"","overlay-color":"","overlay-opacity":"","overlay-gradient":""},"tablet":{"background-color":"var(--ast-global-color-5)","background-image":"","background-repeat":"repeat","background-position":"center center","background-size":"auto","background-attachment":"scroll","background-type":"","background-media":"","overlay-type":"","overlay-color":"","overlay-opacity":"","overlay-gradient":""},"mobile":{"background-color":"var(--ast-global-color-5)","background-image":"","background-repeat":"repeat","background-position":"center center","background-size":"auto","background-attachment":"scroll","background-type":"","background-media":"","overlay-type":"","overlay-color":"","overlay-opacity":"","overlay-gradient":""}},"_joinchat":[]},"product_brand":[],"product_cat":[15],"product_tag":[],"class_list":{"0":"post-1641","1":"product","2":"type-product","3":"status-publish","4":"has-post-thumbnail","6":"product_cat-15","7":"desktop-align-left","8":"tablet-align-left","9":"mobile-align-left","11":"first","12":"instock","13":"sale","14":"shipping-taxable","15":"purchasable","16":"product-type-simple"},"_links":{"self":[{"href":"https:\/\/vigorashop.com\/fr\/wp-json\/wp\/v2\/product\/1641","targetHints":{"allow":["GET"]}}],"collection":[{"href":"https:\/\/vigorashop.com\/fr\/wp-json\/wp\/v2\/product"}],"about":[{"href":"https:\/\/vigorashop.com\/fr\/wp-json\/wp\/v2\/types\/product"}],"replies":[{"embeddable":true,"href":"https:\/\/vigorashop.com\/fr\/wp-json\/wp\/v2\/comments?post=1641"}],"wp:featuredmedia":[{"embeddable":true,"href":"https:\/\/vigorashop.com\/fr\/wp-json\/wp\/v2\/media\/1642"}],"wp:attachment":[{"href":"https:\/\/vigorashop.com\/fr\/wp-json\/wp\/v2\/media?parent=1641"}],"wp:term":[{"taxonomy":"product_brand","embeddable":true,"href":"https:\/\/vigorashop.com\/fr\/wp-json\/wp\/v2\/product_brand?post=1641"},{"taxonomy":"product_cat","embeddable":true,"href":"https:\/\/vigorashop.com\/fr\/wp-json\/wp\/v2\/product_cat?post=1641"},{"taxonomy":"product_tag","embeddable":true,"href":"https:\/\/vigorashop.com\/fr\/wp-json\/wp\/v2\/product_tag?post=1641"}],"curies":[{"name":"wp","href":"https:\/\/api.w.org\/{rel}","templated":true}]}}