{"id":1640,"date":"2025-12-30T23:23:46","date_gmt":"2025-12-30T23:23:46","guid":{"rendered":"https:\/\/vigorashop.com\/?post_type=product&#038;p=1640"},"modified":"2025-12-30T23:23:46","modified_gmt":"2025-12-30T23:23:46","slug":"%d8%b3%d8%a8%d8%b1%d8%a7%d9%8a-%d8%a8%d8%a7%d9%88%d8%b1-50-%d9%85%d9%84","status":"publish","type":"product","link":"https:\/\/vigorashop.com\/fr\/produit\/%d8%b3%d8%a8%d8%b1%d8%a7%d9%8a-%d8%a8%d8%a7%d9%88%d8%b1-50-%d9%85%d9%84\/","title":{"rendered":"Spray Power \u2013 50 ml"},"content":{"rendered":"<h2 data-start=\"195\" data-end=\"220\">Spray Power \u2013 50 ml<\/h2>\n<p data-start=\"221\" data-end=\"260\"><strong data-start=\"221\" data-end=\"260\">Fra\u00eecheur imm\u00e9diate\u2026 soutien du mouvement\u2026 confort quotidien<\/strong><\/p>\n<p data-start=\"262\" data-end=\"498\" class=\"translation-block\">Le Spray Power est formul\u00e9 pour offrir une sensation rapide de fra\u00eecheur et soutenir le confort physique au quotidien.\nIl contribue \u00e0 am\u00e9liorer les sensations locales apr\u00e8s l\u2019effort et \u00e0 r\u00e9duire l\u2019inconfort musculaire, gr\u00e2ce \u00e0 une application cibl\u00e9e et facile.<\/p>\n<p data-start=\"262\" data-end=\"498\"><img fetchpriority=\"high\" decoding=\"async\" class=\"aligncenter wp-image-1637 size-large\" src=\"https:\/\/vigorashop.com\/wp-content\/uploads\/2025\/12\/WhatsApp-Image-2025-08-12-at-17.20.444-1024x401.jpeg\" alt=\"\" width=\"1024\" height=\"401\" srcset=\"https:\/\/vigorashop.com\/wp-content\/uploads\/2025\/12\/WhatsApp-Image-2025-08-12-at-17.20.444-1024x401.jpeg 1024w, https:\/\/vigorashop.com\/wp-content\/uploads\/2025\/12\/WhatsApp-Image-2025-08-12-at-17.20.444-300x118.jpeg 300w, https:\/\/vigorashop.com\/wp-content\/uploads\/2025\/12\/WhatsApp-Image-2025-08-12-at-17.20.444-768x301.jpeg 768w, https:\/\/vigorashop.com\/wp-content\/uploads\/2025\/12\/WhatsApp-Image-2025-08-12-at-17.20.444-1536x602.jpeg 1536w, https:\/\/vigorashop.com\/wp-content\/uploads\/2025\/12\/WhatsApp-Image-2025-08-12-at-17.20.444-18x7.jpeg 18w, https:\/\/vigorashop.com\/wp-content\/uploads\/2025\/12\/WhatsApp-Image-2025-08-12-at-17.20.444-600x235.jpeg 600w, https:\/\/vigorashop.com\/wp-content\/uploads\/2025\/12\/WhatsApp-Image-2025-08-12-at-17.20.444.jpeg 1600w\" sizes=\"(max-width: 1024px) 100vw, 1024px\" \/><\/p>\n<p data-start=\"500\" data-end=\"572\">Id\u00e9al pour les personnes actives et les sportifs, dans le cadre d\u2019une routine de soin quotidienne.<\/p>\n<h3 data-start=\"579\" data-end=\"598\">\u00a0Bienfaits :<\/h3>\n<p data-start=\"599\" data-end=\"751\">\u2714\ufe0f Procure une sensation rapide de fra\u00eecheur et d\u2019\u00e9nergie<br data-start=\"639\" data-end=\"642\" \/>\u2714\ufe0f Aide \u00e0 soutenir la performance physique quotidienne<br data-start=\"679\" data-end=\"682\" \/>\u2714\ufe0f Contribue \u00e0 r\u00e9duire les sensations de fatigue musculaire<br data-start=\"721\" data-end=\"724\" \/>\u2714\ufe0f Convient \u00e0 un usage quotidien<\/p>\n<h3 data-start=\"758\" data-end=\"774\">\u00a0Caract\u00e9ristiques :<\/h3>\n<p data-start=\"775\" data-end=\"886\">\u2728 Format spray pratique de 50 ml<br data-start=\"797\" data-end=\"800\" \/>\u2728 Facile \u00e0 transporter et \u00e0 utiliser<br data-start=\"822\" data-end=\"825\" \/>\u2728 Application directe sur la zone concern\u00e9e<br data-start=\"860\" data-end=\"863\" \/>\u2728 Texture l\u00e9g\u00e8re et non grasse<\/p>\n<p data-start=\"775\" data-end=\"886\"><img decoding=\"async\" class=\"aligncenter wp-image-1639 size-large\" src=\"https:\/\/vigorashop.com\/wp-content\/uploads\/2025\/12\/WhatsApp-Image-2025-08-12-at-17.20.442-1024x768.jpeg\" alt=\"\" width=\"1024\" height=\"768\" srcset=\"https:\/\/vigorashop.com\/wp-content\/uploads\/2025\/12\/WhatsApp-Image-2025-08-12-at-17.20.442-1024x768.jpeg 1024w, https:\/\/vigorashop.com\/wp-content\/uploads\/2025\/12\/WhatsApp-Image-2025-08-12-at-17.20.442-300x225.jpeg 300w, https:\/\/vigorashop.com\/wp-content\/uploads\/2025\/12\/WhatsApp-Image-2025-08-12-at-17.20.442-768x576.jpeg 768w, https:\/\/vigorashop.com\/wp-content\/uploads\/2025\/12\/WhatsApp-Image-2025-08-12-at-17.20.442-1536x1152.jpeg 1536w, https:\/\/vigorashop.com\/wp-content\/uploads\/2025\/12\/WhatsApp-Image-2025-08-12-at-17.20.442-16x12.jpeg 16w, https:\/\/vigorashop.com\/wp-content\/uploads\/2025\/12\/WhatsApp-Image-2025-08-12-at-17.20.442-600x450.jpeg 600w, https:\/\/vigorashop.com\/wp-content\/uploads\/2025\/12\/WhatsApp-Image-2025-08-12-at-17.20.442.jpeg 1600w\" sizes=\"(max-width: 1024px) 100vw, 1024px\" \/><\/p>\n<h3 data-start=\"893\" data-end=\"916\">\u00a0Mode d\u2019utilisation :<\/h3>\n<p data-start=\"917\" data-end=\"1039\" class=\"translation-block\">Vaporiser sur la zone \u00e0 soulager,\npuis masser d\u00e9licatement jusqu\u2019\u00e0 absorption compl\u00e8te.\n\u00c0 utiliser selon les besoins ou dans le cadre d\u2019une routine de soin quotidienne.<\/p>\n<h3 data-start=\"1046\" data-end=\"1073\"><\/h3>\n<p data-start=\"1074\" data-end=\"1302\" class=\"translation-block\">Ce produit est un produit de soin personnel \u00e0 usage externe uniquement.\nIl ne constitue pas un m\u00e9dicament et n\u2019est pas destin\u00e9 \u00e0 diagnostiquer, traiter, gu\u00e9rir ou pr\u00e9venir une affection m\u00e9dicale.\nLes r\u00e9sultats peuvent varier selon les individus.\nUn test cutan\u00e9 est recommand\u00e9 avant utilisation.\nUsage externe uniquement.<\/p>\n<h3 data-start=\"1309\" data-end=\"1345\"><\/h3>\n<p data-start=\"1346\" data-end=\"1409\"><strong data-start=\"1346\" data-end=\"1409\">Produit de soin personnel | Usage externe uniquement | R\u00e9sultats variables<\/strong><\/p>","protected":false},"excerpt":{"rendered":"<p>\u2714\ufe0f Procure une sensation rapide de fra\u00eecheur et d\u2019\u00e9nergie<br data-start=\"639\" data-end=\"642\" \/>\u2714\ufe0f Aide \u00e0 soutenir la performance physique quotidienne<br data-start=\"679\" data-end=\"682\" \/>\u2714\ufe0f Contribue \u00e0 r\u00e9duire les sensations de fatigue musculaire<br data-start=\"721\" data-end=\"724\" \/>\u2714\ufe0f Convient \u00e0 un usage quotidien<\/p>","protected":false},"featured_media":1635,"comment_status":"open","ping_status":"closed","template":"","meta":{"_monsterinsights_skip_tracking":false,"_monsterinsights_sitenote_active":false,"_monsterinsights_sitenote_note":"","_monsterinsights_sitenote_category":0,"site-sidebar-layout":"default","site-content-layout":"","ast-site-content-layout":"default","site-content-style":"default","site-sidebar-style":"default","ast-global-header-display":"","ast-banner-title-visibility":"","ast-main-header-display":"","ast-hfb-above-header-display":"","ast-hfb-below-header-display":"","ast-hfb-mobile-header-display":"","site-post-title":"","ast-breadcrumbs-content":"","ast-featured-img":"","footer-sml-layout":"","ast-disable-related-posts":"","theme-transparent-header-meta":"default","adv-header-id-meta":"","stick-header-meta":"","header-above-stick-meta":"","header-main-stick-meta":"","header-below-stick-meta":"","astra-migrate-meta-layouts":"set","ast-page-background-enabled":"default","ast-page-background-meta":{"desktop":{"background-color":"","background-image":"","background-repeat":"repeat","background-position":"center center","background-size":"auto","background-attachment":"scroll","background-type":"","background-media":"","overlay-type":"","overlay-color":"","overlay-opacity":"","overlay-gradient":""},"tablet":{"background-color":"","background-image":"","background-repeat":"repeat","background-position":"center center","background-size":"auto","background-attachment":"scroll","background-type":"","background-media":"","overlay-type":"","overlay-color":"","overlay-opacity":"","overlay-gradient":""},"mobile":{"background-color":"","background-image":"","background-repeat":"repeat","background-position":"center center","background-size":"auto","background-attachment":"scroll","background-type":"","background-media":"","overlay-type":"","overlay-color":"","overlay-opacity":"","overlay-gradient":""}},"ast-content-background-meta":{"desktop":{"background-color":"var(--ast-global-color-5)","background-image":"","background-repeat":"repeat","background-position":"center center","background-size":"auto","background-attachment":"scroll","background-type":"","background-media":"","overlay-type":"","overlay-color":"","overlay-opacity":"","overlay-gradient":""},"tablet":{"background-color":"var(--ast-global-color-5)","background-image":"","background-repeat":"repeat","background-position":"center center","background-size":"auto","background-attachment":"scroll","background-type":"","background-media":"","overlay-type":"","overlay-color":"","overlay-opacity":"","overlay-gradient":""},"mobile":{"background-color":"var(--ast-global-color-5)","background-image":"","background-repeat":"repeat","background-position":"center center","background-size":"auto","background-attachment":"scroll","background-type":"","background-media":"","overlay-type":"","overlay-color":"","overlay-opacity":"","overlay-gradient":""}},"_joinchat":[]},"product_brand":[],"product_cat":[15,64],"product_tag":[],"class_list":{"0":"post-1640","1":"product","2":"type-product","3":"status-publish","4":"has-post-thumbnail","6":"product_cat-15","7":"product_cat-64","8":"desktop-align-left","9":"tablet-align-left","10":"mobile-align-left","12":"first","13":"instock","14":"sale","15":"shipping-taxable","16":"purchasable","17":"product-type-simple"},"_links":{"self":[{"href":"https:\/\/vigorashop.com\/fr\/wp-json\/wp\/v2\/product\/1640","targetHints":{"allow":["GET"]}}],"collection":[{"href":"https:\/\/vigorashop.com\/fr\/wp-json\/wp\/v2\/product"}],"about":[{"href":"https:\/\/vigorashop.com\/fr\/wp-json\/wp\/v2\/types\/product"}],"replies":[{"embeddable":true,"href":"https:\/\/vigorashop.com\/fr\/wp-json\/wp\/v2\/comments?post=1640"}],"wp:featuredmedia":[{"embeddable":true,"href":"https:\/\/vigorashop.com\/fr\/wp-json\/wp\/v2\/media\/1635"}],"wp:attachment":[{"href":"https:\/\/vigorashop.com\/fr\/wp-json\/wp\/v2\/media?parent=1640"}],"wp:term":[{"taxonomy":"product_brand","embeddable":true,"href":"https:\/\/vigorashop.com\/fr\/wp-json\/wp\/v2\/product_brand?post=1640"},{"taxonomy":"product_cat","embeddable":true,"href":"https:\/\/vigorashop.com\/fr\/wp-json\/wp\/v2\/product_cat?post=1640"},{"taxonomy":"product_tag","embeddable":true,"href":"https:\/\/vigorashop.com\/fr\/wp-json\/wp\/v2\/product_tag?post=1640"}],"curies":[{"name":"wp","href":"https:\/\/api.w.org\/{rel}","templated":true}]}}