{"id":1621,"date":"2025-12-30T22:21:31","date_gmt":"2025-12-30T22:21:31","guid":{"rendered":"https:\/\/vigorashop.com\/?post_type=product&#038;p=1621"},"modified":"2025-12-30T22:27:10","modified_gmt":"2025-12-30T22:27:10","slug":"%d8%aa%d9%86%d8%b8%d9%8a%d9%85-%d8%a7%d9%84%d8%b3%d9%83%d8%b1","status":"publish","type":"product","link":"https:\/\/vigorashop.com\/fr\/produit\/%d8%aa%d9%86%d8%b8%d9%8a%d9%85-%d8%a7%d9%84%d8%b3%d9%83%d8%b1\/","title":{"rendered":"\u062a\u0646\u0638\u064a\u0645 \u0627\u0644\u0633\u0643\u0631 R\u00e9glementation du sucre 60gelules"},"content":{"rendered":"<h2 data-start=\"232\" data-end=\"263\">R\u00e9gulation du Sucre \u2013 60 G\u00e9lules<\/h2>\n<p data-start=\"264\" data-end=\"304\"><strong data-start=\"264\" data-end=\"304\">\u00c9quilibre quotidien\u2026 \u00e9nergie durable\u2026 soutien nutritionnel<\/strong><\/p>\n<p data-start=\"306\" data-end=\"536\" class=\"translation-block\">Le compl\u00e9ment R\u00e9gulation du Sucre est formul\u00e9 pour aider \u00e0 soutenir l\u2019\u00e9quilibre naturel de la glyc\u00e9mie dans le cadre d\u2019un mode de vie sain et \u00e9quilibr\u00e9.\nIl contribue \u00e0 soutenir l\u2019\u00e9nergie quotidienne et le bien-\u00eatre g\u00e9n\u00e9ral lorsqu\u2019il est utilis\u00e9 r\u00e9guli\u00e8rement.<\/p>\n<p data-start=\"306\" data-end=\"536\"><img fetchpriority=\"high\" decoding=\"async\" class=\"aligncenter wp-image-1625 size-large\" src=\"https:\/\/vigorashop.com\/wp-content\/uploads\/2025\/12\/Render_Mockup_4000_3000_2025-11-20-2025-11-20T185500.081-1024x768.png\" alt=\"\" width=\"1024\" height=\"768\" srcset=\"https:\/\/vigorashop.com\/wp-content\/uploads\/2025\/12\/Render_Mockup_4000_3000_2025-11-20-2025-11-20T185500.081-1024x768.png 1024w, https:\/\/vigorashop.com\/wp-content\/uploads\/2025\/12\/Render_Mockup_4000_3000_2025-11-20-2025-11-20T185500.081-300x225.png 300w, https:\/\/vigorashop.com\/wp-content\/uploads\/2025\/12\/Render_Mockup_4000_3000_2025-11-20-2025-11-20T185500.081-768x576.png 768w, https:\/\/vigorashop.com\/wp-content\/uploads\/2025\/12\/Render_Mockup_4000_3000_2025-11-20-2025-11-20T185500.081-1536x1152.png 1536w, https:\/\/vigorashop.com\/wp-content\/uploads\/2025\/12\/Render_Mockup_4000_3000_2025-11-20-2025-11-20T185500.081-2048x1536.png 2048w, https:\/\/vigorashop.com\/wp-content\/uploads\/2025\/12\/Render_Mockup_4000_3000_2025-11-20-2025-11-20T185500.081-16x12.png 16w, https:\/\/vigorashop.com\/wp-content\/uploads\/2025\/12\/Render_Mockup_4000_3000_2025-11-20-2025-11-20T185500.081-600x450.png 600w\" sizes=\"(max-width: 1024px) 100vw, 1024px\" \/><\/p>\n<p data-start=\"538\" data-end=\"620\">Convient aux adultes souhaitant int\u00e9grer un compl\u00e9ment nutritionnel \u00e0 leur routine quotidienne.<\/p>\n<h3 data-start=\"627\" data-end=\"646\">Bienfaits :<\/h3>\n<p data-start=\"647\" data-end=\"817\">\u2714\ufe0f Aide \u00e0 soutenir des niveaux de sucre sanguin normaux<br data-start=\"705\" data-end=\"708\" \/>\u2714\ufe0f Contribue \u00e0 maintenir l\u2019\u00e9nergie et la vitalit\u00e9 quotidiennes<br data-start=\"747\" data-end=\"750\" \/>\u2714\ufe0f Soutient le bien-\u00eatre g\u00e9n\u00e9ral et l\u2019\u00e9quilibre nutritionnel<br data-start=\"787\" data-end=\"790\" \/>\u2714\ufe0f Convient \u00e0 un usage quotidien<\/p>\n<h3 data-start=\"824\" data-end=\"840\">\u00a0Caract\u00e9ristiques :<\/h3>\n<p data-start=\"841\" data-end=\"958\">\u2728 60 g\u00e9lules faciles \u00e0 prendre<br data-start=\"867\" data-end=\"870\" \/>\u2728 Formule \u00e9quilibr\u00e9e pour un usage r\u00e9gulier<br data-start=\"903\" data-end=\"906\" \/>\u2728 Adapt\u00e9 aux adultes<br data-start=\"922\" data-end=\"925\" \/>\u2728 S\u2019int\u00e8gre facilement dans une routine saine<\/p>\n<p data-start=\"841\" data-end=\"958\"><img decoding=\"async\" class=\"aligncenter wp-image-1624 size-large\" src=\"https:\/\/vigorashop.com\/wp-content\/uploads\/2025\/12\/Render_Mockup_4000_3000_2025-11-20-2025-11-20T185516.299-1024x768.png\" alt=\"\" width=\"1024\" height=\"768\" srcset=\"https:\/\/vigorashop.com\/wp-content\/uploads\/2025\/12\/Render_Mockup_4000_3000_2025-11-20-2025-11-20T185516.299-1024x768.png 1024w, https:\/\/vigorashop.com\/wp-content\/uploads\/2025\/12\/Render_Mockup_4000_3000_2025-11-20-2025-11-20T185516.299-300x225.png 300w, https:\/\/vigorashop.com\/wp-content\/uploads\/2025\/12\/Render_Mockup_4000_3000_2025-11-20-2025-11-20T185516.299-768x576.png 768w, https:\/\/vigorashop.com\/wp-content\/uploads\/2025\/12\/Render_Mockup_4000_3000_2025-11-20-2025-11-20T185516.299-1536x1152.png 1536w, https:\/\/vigorashop.com\/wp-content\/uploads\/2025\/12\/Render_Mockup_4000_3000_2025-11-20-2025-11-20T185516.299-2048x1536.png 2048w, https:\/\/vigorashop.com\/wp-content\/uploads\/2025\/12\/Render_Mockup_4000_3000_2025-11-20-2025-11-20T185516.299-16x12.png 16w, https:\/\/vigorashop.com\/wp-content\/uploads\/2025\/12\/Render_Mockup_4000_3000_2025-11-20-2025-11-20T185516.299-600x450.png 600w\" sizes=\"(max-width: 1024px) 100vw, 1024px\" \/><\/p>\n<h3 data-start=\"965\" data-end=\"988\">\u00a0Mode d\u2019utilisation :<\/h3>\n<p data-start=\"989\" data-end=\"1096\" class=\"translation-block\">Prendre deux g\u00e9lules par jour avec un verre d\u2019eau,\nde pr\u00e9f\u00e9rence au cours des repas ou selon votre routine de compl\u00e9mentation.<\/p>\n<h3 data-start=\"1103\" data-end=\"1130\"><\/h3>\n<p data-start=\"1131\" data-end=\"1391\" class=\"translation-block\">Ce produit est un compl\u00e9ment alimentaire.\nIl ne constitue pas un m\u00e9dicament et n\u2019est pas destin\u00e9 \u00e0 diagnostiquer, traiter, gu\u00e9rir ou pr\u00e9venir une maladie.\nLes r\u00e9sultats peuvent varier selon les individus.\nNe remplace pas une alimentation \u00e9quilibr\u00e9e ni un mode de vie sain.\nConsulter un professionnel de sant\u00e9 avant utilisation, notamment en cas de condition m\u00e9dicale ou de prise de m\u00e9dicaments.<\/p>\n<h3 data-start=\"1398\" data-end=\"1434\"><\/h3>\n<p data-start=\"1435\" data-end=\"1480\"><strong data-start=\"1435\" data-end=\"1480\">Compl\u00e9ment alimentaire | Non m\u00e9dicament | R\u00e9sultats variable<\/strong><\/p>","protected":false},"excerpt":{"rendered":"<p data-start=\"647\" data-end=\"817\">\u2714\ufe0f Aide \u00e0 soutenir des niveaux de sucre sanguin normaux<br data-start=\"705\" data-end=\"708\" \/>\u2714\ufe0f Contribue \u00e0 maintenir l\u2019\u00e9nergie et la vitalit\u00e9 quotidiennes<br data-start=\"747\" data-end=\"750\" \/>\u2714\ufe0f Soutient le bien-\u00eatre g\u00e9n\u00e9ral et l\u2019\u00e9quilibre nutritionnel<br data-start=\"787\" data-end=\"790\" \/>\u2714\ufe0f Convient \u00e0 un usage quotidien<\/p>","protected":false},"featured_media":1623,"comment_status":"open","ping_status":"closed","template":"","meta":{"_monsterinsights_skip_tracking":false,"_monsterinsights_sitenote_active":false,"_monsterinsights_sitenote_note":"","_monsterinsights_sitenote_category":0,"site-sidebar-layout":"default","site-content-layout":"","ast-site-content-layout":"default","site-content-style":"default","site-sidebar-style":"default","ast-global-header-display":"","ast-banner-title-visibility":"","ast-main-header-display":"","ast-hfb-above-header-display":"","ast-hfb-below-header-display":"","ast-hfb-mobile-header-display":"","site-post-title":"","ast-breadcrumbs-content":"","ast-featured-img":"","footer-sml-layout":"","ast-disable-related-posts":"","theme-transparent-header-meta":"default","adv-header-id-meta":"","stick-header-meta":"","header-above-stick-meta":"","header-main-stick-meta":"","header-below-stick-meta":"","astra-migrate-meta-layouts":"set","ast-page-background-enabled":"default","ast-page-background-meta":{"desktop":{"background-color":"","background-image":"","background-repeat":"repeat","background-position":"center center","background-size":"auto","background-attachment":"scroll","background-type":"","background-media":"","overlay-type":"","overlay-color":"","overlay-opacity":"","overlay-gradient":""},"tablet":{"background-color":"","background-image":"","background-repeat":"repeat","background-position":"center center","background-size":"auto","background-attachment":"scroll","background-type":"","background-media":"","overlay-type":"","overlay-color":"","overlay-opacity":"","overlay-gradient":""},"mobile":{"background-color":"","background-image":"","background-repeat":"repeat","background-position":"center center","background-size":"auto","background-attachment":"scroll","background-type":"","background-media":"","overlay-type":"","overlay-color":"","overlay-opacity":"","overlay-gradient":""}},"ast-content-background-meta":{"desktop":{"background-color":"var(--ast-global-color-5)","background-image":"","background-repeat":"repeat","background-position":"center center","background-size":"auto","background-attachment":"scroll","background-type":"","background-media":"","overlay-type":"","overlay-color":"","overlay-opacity":"","overlay-gradient":""},"tablet":{"background-color":"var(--ast-global-color-5)","background-image":"","background-repeat":"repeat","background-position":"center center","background-size":"auto","background-attachment":"scroll","background-type":"","background-media":"","overlay-type":"","overlay-color":"","overlay-opacity":"","overlay-gradient":""},"mobile":{"background-color":"var(--ast-global-color-5)","background-image":"","background-repeat":"repeat","background-position":"center center","background-size":"auto","background-attachment":"scroll","background-type":"","background-media":"","overlay-type":"","overlay-color":"","overlay-opacity":"","overlay-gradient":""}},"_joinchat":[]},"product_brand":[],"product_cat":[15],"product_tag":[],"class_list":{"0":"post-1621","1":"product","2":"type-product","3":"status-publish","4":"has-post-thumbnail","6":"product_cat-15","7":"desktop-align-left","8":"tablet-align-left","9":"mobile-align-left","11":"first","12":"instock","13":"sale","14":"shipping-taxable","15":"purchasable","16":"product-type-simple"},"_links":{"self":[{"href":"https:\/\/vigorashop.com\/fr\/wp-json\/wp\/v2\/product\/1621","targetHints":{"allow":["GET"]}}],"collection":[{"href":"https:\/\/vigorashop.com\/fr\/wp-json\/wp\/v2\/product"}],"about":[{"href":"https:\/\/vigorashop.com\/fr\/wp-json\/wp\/v2\/types\/product"}],"replies":[{"embeddable":true,"href":"https:\/\/vigorashop.com\/fr\/wp-json\/wp\/v2\/comments?post=1621"}],"wp:featuredmedia":[{"embeddable":true,"href":"https:\/\/vigorashop.com\/fr\/wp-json\/wp\/v2\/media\/1623"}],"wp:attachment":[{"href":"https:\/\/vigorashop.com\/fr\/wp-json\/wp\/v2\/media?parent=1621"}],"wp:term":[{"taxonomy":"product_brand","embeddable":true,"href":"https:\/\/vigorashop.com\/fr\/wp-json\/wp\/v2\/product_brand?post=1621"},{"taxonomy":"product_cat","embeddable":true,"href":"https:\/\/vigorashop.com\/fr\/wp-json\/wp\/v2\/product_cat?post=1621"},{"taxonomy":"product_tag","embeddable":true,"href":"https:\/\/vigorashop.com\/fr\/wp-json\/wp\/v2\/product_tag?post=1621"}],"curies":[{"name":"wp","href":"https:\/\/api.w.org\/{rel}","templated":true}]}}