{"id":1610,"date":"2025-12-29T23:08:34","date_gmt":"2025-12-29T23:08:34","guid":{"rendered":"https:\/\/vigorashop.com\/?post_type=product&#038;p=1610"},"modified":"2025-12-29T23:16:50","modified_gmt":"2025-12-29T23:16:50","slug":"%d8%b3%d8%a8%d8%b1%d8%a7%d9%8a-%d8%a7%d9%84%d8%a8%d9%88%d8%a7%d8%b3%d9%8a%d8%b1-50-%d9%85%d9%84","status":"publish","type":"product","link":"https:\/\/vigorashop.com\/fr\/produit\/%d8%b3%d8%a8%d8%b1%d8%a7%d9%8a-%d8%a7%d9%84%d8%a8%d9%88%d8%a7%d8%b3%d9%8a%d8%b1-50-%d9%85%d9%84\/","title":{"rendered":"Spray H\u00e9morro\u00efdes \u2013 50 ml"},"content":{"rendered":"<h2 data-start=\"189\" data-end=\"219\">Spray H\u00e9morro\u00efdes \u2013 50 ml<\/h2>\n<p data-start=\"220\" data-end=\"266\"><strong data-start=\"220\" data-end=\"266\">Soulagement imm\u00e9diat\u2026 apaisement doux\u2026 confort quotidien<\/strong><\/p>\n<p data-start=\"268\" data-end=\"501\" class=\"translation-block\">Le Spray H\u00e9morro\u00efdes est formul\u00e9 pour aider \u00e0 apaiser les sensations d\u2019inconfort, de chaleur et d\u2019irritation associ\u00e9es aux zones sensibles.\nSa formule douce contribue \u00e0 am\u00e9liorer le confort et procure une sensation de fra\u00eecheur et de bien-\u00eatre avec une application facile et cibl\u00e9e.<\/p>\n<p data-start=\"503\" data-end=\"575\">Id\u00e9al pour une utilisation quotidienne gr\u00e2ce \u00e0 son format spray pratique.<\/p>\n<h3 data-start=\"582\" data-end=\"601\">\u00a0Bienfaits :<\/h3>\n<p data-start=\"602\" data-end=\"761\">\u2714\ufe0f Aide \u00e0 soulager l\u2019inconfort et les sensations d\u00e9sagr\u00e9ables<br data-start=\"645\" data-end=\"648\" \/>\u2714\ufe0f Contribue \u00e0 apaiser les irritations et les gonflements<br data-start=\"681\" data-end=\"684\" \/>\u2714\ufe0f Apporte une sensation de fra\u00eecheur et de confort<br data-start=\"717\" data-end=\"720\" \/>\u2714\ufe0f Formule douce adapt\u00e9e \u00e0 un usage r\u00e9gulier<\/p>\n<h3 data-start=\"768\" data-end=\"784\">\u00a0Caract\u00e9ristiques :<\/h3>\n<p data-start=\"785\" data-end=\"896\">\u2728 Format spray pratique de 50 ml<br data-start=\"807\" data-end=\"810\" \/>\u2728 Facile \u00e0 transporter et \u00e0 utiliser<br data-start=\"832\" data-end=\"835\" \/>\u2728 Application directe sur la zone concern\u00e9e<br data-start=\"870\" data-end=\"873\" \/>\u2728 Texture l\u00e9g\u00e8re et non grasse<img decoding=\"async\" class=\"aligncenter wp-image-1613 size-large\" src=\"https:\/\/vigorashop.com\/wp-content\/uploads\/2025\/12\/Rendu_Maquette_3840_2022_2025-04-1543-1024x539.png\" alt=\"\" width=\"1024\" height=\"539\" srcset=\"https:\/\/vigorashop.com\/wp-content\/uploads\/2025\/12\/Rendu_Maquette_3840_2022_2025-04-1543-1024x539.png 1024w, https:\/\/vigorashop.com\/wp-content\/uploads\/2025\/12\/Rendu_Maquette_3840_2022_2025-04-1543-300x158.png 300w, https:\/\/vigorashop.com\/wp-content\/uploads\/2025\/12\/Rendu_Maquette_3840_2022_2025-04-1543-768x404.png 768w, https:\/\/vigorashop.com\/wp-content\/uploads\/2025\/12\/Rendu_Maquette_3840_2022_2025-04-1543-1536x809.png 1536w, https:\/\/vigorashop.com\/wp-content\/uploads\/2025\/12\/Rendu_Maquette_3840_2022_2025-04-1543-2048x1078.png 2048w, https:\/\/vigorashop.com\/wp-content\/uploads\/2025\/12\/Rendu_Maquette_3840_2022_2025-04-1543-18x9.png 18w, https:\/\/vigorashop.com\/wp-content\/uploads\/2025\/12\/Rendu_Maquette_3840_2022_2025-04-1543-600x316.png 600w\" sizes=\"(max-width: 1024px) 100vw, 1024px\" \/><\/p>\n<h3 data-start=\"903\" data-end=\"926\">\u00a0Mode d\u2019utilisation :<\/h3>\n<p data-start=\"927\" data-end=\"1030\" class=\"translation-block\">Vaporiser directement sur la zone externe concern\u00e9e,\n\u00e0 utiliser selon les besoins ou dans le cadre d\u2019une routine de soin quotidienne.<\/p>\n<h3 data-start=\"1037\" data-end=\"1064\"><\/h3>\n<p data-start=\"1065\" data-end=\"1305\" class=\"translation-block\">Ce produit est un produit de soin et d\u2019hygi\u00e8ne personnelle uniquement.\nIl ne constitue pas un m\u00e9dicament et n\u2019est pas destin\u00e9 \u00e0 diagnostiquer, traiter, gu\u00e9rir ou pr\u00e9venir une affection m\u00e9dicale.\nLes r\u00e9sultats peuvent varier selon les individus.\nUsage externe uniquement.\nCesser l\u2019utilisation en cas d\u2019irritation.<\/p>\n<h3 data-start=\"1312\" data-end=\"1348\"><\/h3>\n<p data-start=\"1349\" data-end=\"1412\"><strong data-start=\"1349\" data-end=\"1412\">Produit de soin personnel | Usage externe uniquement | R\u00e9sultats variables<\/strong><\/p>\n<hr data-start=\"1414\" data-end=\"1417\" \/>\n<hr data-start=\"1419\" data-end=\"1422\" \/>\n<h2 data-start=\"1424\" data-end=\"1457\"><\/h2>","protected":false},"excerpt":{"rendered":"<p>\u2714\ufe0f Aide \u00e0 soulager l\u2019inconfort et les sensations d\u00e9sagr\u00e9ables<br data-start=\"645\" data-end=\"648\" \/>\u2714\ufe0f Contribue \u00e0 apaiser les irritations et les gonflements<br data-start=\"681\" data-end=\"684\" \/>\u2714\ufe0f Apporte une sensation de fra\u00eecheur et de confort<br data-start=\"717\" data-end=\"720\" \/>\u2714\ufe0f Formule douce adapt\u00e9e \u00e0 un usage r\u00e9gulier<\/p>","protected":false},"featured_media":1611,"comment_status":"open","ping_status":"closed","template":"","meta":{"_monsterinsights_skip_tracking":false,"_monsterinsights_sitenote_active":false,"_monsterinsights_sitenote_note":"","_monsterinsights_sitenote_category":0,"site-sidebar-layout":"default","site-content-layout":"","ast-site-content-layout":"default","site-content-style":"default","site-sidebar-style":"default","ast-global-header-display":"","ast-banner-title-visibility":"","ast-main-header-display":"","ast-hfb-above-header-display":"","ast-hfb-below-header-display":"","ast-hfb-mobile-header-display":"","site-post-title":"","ast-breadcrumbs-content":"","ast-featured-img":"","footer-sml-layout":"","ast-disable-related-posts":"","theme-transparent-header-meta":"default","adv-header-id-meta":"","stick-header-meta":"","header-above-stick-meta":"","header-main-stick-meta":"","header-below-stick-meta":"","astra-migrate-meta-layouts":"set","ast-page-background-enabled":"default","ast-page-background-meta":{"desktop":{"background-color":"","background-image":"","background-repeat":"repeat","background-position":"center center","background-size":"auto","background-attachment":"scroll","background-type":"","background-media":"","overlay-type":"","overlay-color":"","overlay-opacity":"","overlay-gradient":""},"tablet":{"background-color":"","background-image":"","background-repeat":"repeat","background-position":"center center","background-size":"auto","background-attachment":"scroll","background-type":"","background-media":"","overlay-type":"","overlay-color":"","overlay-opacity":"","overlay-gradient":""},"mobile":{"background-color":"","background-image":"","background-repeat":"repeat","background-position":"center center","background-size":"auto","background-attachment":"scroll","background-type":"","background-media":"","overlay-type":"","overlay-color":"","overlay-opacity":"","overlay-gradient":""}},"ast-content-background-meta":{"desktop":{"background-color":"var(--ast-global-color-5)","background-image":"","background-repeat":"repeat","background-position":"center center","background-size":"auto","background-attachment":"scroll","background-type":"","background-media":"","overlay-type":"","overlay-color":"","overlay-opacity":"","overlay-gradient":""},"tablet":{"background-color":"var(--ast-global-color-5)","background-image":"","background-repeat":"repeat","background-position":"center center","background-size":"auto","background-attachment":"scroll","background-type":"","background-media":"","overlay-type":"","overlay-color":"","overlay-opacity":"","overlay-gradient":""},"mobile":{"background-color":"var(--ast-global-color-5)","background-image":"","background-repeat":"repeat","background-position":"center center","background-size":"auto","background-attachment":"scroll","background-type":"","background-media":"","overlay-type":"","overlay-color":"","overlay-opacity":"","overlay-gradient":""}},"_joinchat":[]},"product_brand":[],"product_cat":[64],"product_tag":[],"class_list":{"0":"post-1610","1":"product","2":"type-product","3":"status-publish","4":"has-post-thumbnail","6":"product_cat-64","7":"desktop-align-left","8":"tablet-align-left","9":"mobile-align-left","11":"first","12":"instock","13":"shipping-taxable","14":"purchasable","15":"product-type-simple"},"_links":{"self":[{"href":"https:\/\/vigorashop.com\/fr\/wp-json\/wp\/v2\/product\/1610","targetHints":{"allow":["GET"]}}],"collection":[{"href":"https:\/\/vigorashop.com\/fr\/wp-json\/wp\/v2\/product"}],"about":[{"href":"https:\/\/vigorashop.com\/fr\/wp-json\/wp\/v2\/types\/product"}],"replies":[{"embeddable":true,"href":"https:\/\/vigorashop.com\/fr\/wp-json\/wp\/v2\/comments?post=1610"}],"wp:featuredmedia":[{"embeddable":true,"href":"https:\/\/vigorashop.com\/fr\/wp-json\/wp\/v2\/media\/1611"}],"wp:attachment":[{"href":"https:\/\/vigorashop.com\/fr\/wp-json\/wp\/v2\/media?parent=1610"}],"wp:term":[{"taxonomy":"product_brand","embeddable":true,"href":"https:\/\/vigorashop.com\/fr\/wp-json\/wp\/v2\/product_brand?post=1610"},{"taxonomy":"product_cat","embeddable":true,"href":"https:\/\/vigorashop.com\/fr\/wp-json\/wp\/v2\/product_cat?post=1610"},{"taxonomy":"product_tag","embeddable":true,"href":"https:\/\/vigorashop.com\/fr\/wp-json\/wp\/v2\/product_tag?post=1610"}],"curies":[{"name":"wp","href":"https:\/\/api.w.org\/{rel}","templated":true}]}}