{"id":1603,"date":"2025-12-29T22:01:08","date_gmt":"2025-12-29T22:01:08","guid":{"rendered":"https:\/\/vigorashop.com\/?post_type=product&#038;p=1603"},"modified":"2025-12-29T22:02:31","modified_gmt":"2025-12-29T22:02:31","slug":"50ml-%d9%83%d8%b1%d9%8a%d9%85-%d8%a7%d9%84%d8%b5%d8%af%d9%81%d9%8a%d8%a9-creme-contre-le-psoriasis","status":"publish","type":"product","link":"https:\/\/vigorashop.com\/fr\/produit\/50ml-%d9%83%d8%b1%d9%8a%d9%85-%d8%a7%d9%84%d8%b5%d8%af%d9%81%d9%8a%d8%a9-creme-contre-le-psoriasis\/","title":{"rendered":"50ml \u0643\u0631\u064a\u0645 \u0627\u0644\u0635\u062f\u0641\u064a\u0629 cr\u00e8me contre le psoriasis"},"content":{"rendered":"<h2 data-start=\"217\" data-end=\"245\" data-rm-block-id=\"block-1\">Cr\u00e8me Psoriasis \u2013 50 ml<\/h2>\n<p data-start=\"246\" data-end=\"293\" data-rm-block-id=\"block-2\"><strong data-start=\"246\" data-end=\"293\">Apaisement imm\u00e9diat\u2026 hydratation intense\u2026 soin doux de la peau<\/strong><span style=\"font-size: 16px; font-style: normal; font-weight: 400;\">\u00a0<\/span><\/p>\n<p data-start=\"295\" data-end=\"486\" data-rm-block-id=\"block-3\" class=\"translation-block\">La Cr\u00e8me Psoriasis est formul\u00e9e pour aider \u00e0 apaiser la peau sujette aux sensations d\u2019inconfort telles que les d\u00e9mangeaisons, la s\u00e9cheresse et les rougeurs associ\u00e9es aux peaux \u00e0 tendance psoriasique.\nSa texture l\u00e9g\u00e8re contribue \u00e0 am\u00e9liorer le confort cutan\u00e9 et \u00e0 laisser la peau plus douce et mieux hydrat\u00e9e avec une utilisation r\u00e9guli\u00e8re.<\/p>\n<p data-start=\"295\" data-end=\"486\" data-rm-block-id=\"block-4\"><img fetchpriority=\"high\" decoding=\"async\" class=\"aligncenter wp-image-1606 size-large\" src=\"https:\/\/vigorashop.com\/wp-content\/uploads\/2025\/12\/Render_Mockup_4000_3000_2025-11-20-4-1024x768.png\" alt=\"\" width=\"1024\" height=\"768\" srcset=\"https:\/\/vigorashop.com\/wp-content\/uploads\/2025\/12\/Render_Mockup_4000_3000_2025-11-20-4-1024x768.png 1024w, https:\/\/vigorashop.com\/wp-content\/uploads\/2025\/12\/Render_Mockup_4000_3000_2025-11-20-4-300x225.png 300w, https:\/\/vigorashop.com\/wp-content\/uploads\/2025\/12\/Render_Mockup_4000_3000_2025-11-20-4-768x576.png 768w, https:\/\/vigorashop.com\/wp-content\/uploads\/2025\/12\/Render_Mockup_4000_3000_2025-11-20-4-1536x1152.png 1536w, https:\/\/vigorashop.com\/wp-content\/uploads\/2025\/12\/Render_Mockup_4000_3000_2025-11-20-4-2048x1536.png 2048w, https:\/\/vigorashop.com\/wp-content\/uploads\/2025\/12\/Render_Mockup_4000_3000_2025-11-20-4-16x12.png 16w, https:\/\/vigorashop.com\/wp-content\/uploads\/2025\/12\/Render_Mockup_4000_3000_2025-11-20-4-600x450.png 600w\" sizes=\"(max-width: 1024px) 100vw, 1024px\" \/><\/p>\n<p data-start=\"488\" data-end=\"577\" data-rm-block-id=\"block-5\">Id\u00e9ale pour une routine quotidienne de soin des peaux sensibles.<\/p>\n<h3 data-start=\"584\" data-end=\"604\" data-rm-block-id=\"block-6\">\u00a0Bienfaits :<\/h3>\n<p data-start=\"605\" data-end=\"761\" data-rm-block-id=\"block-7\">\u2714\ufe0f Aide \u00e0 apaiser les d\u00e9mangeaisons et les rougeurs<br data-start=\"639\" data-end=\"642\" \/>\u2714\ufe0f Contribue \u00e0 r\u00e9duire la s\u00e9cheresse et l\u2019aspect des squames<br data-start=\"674\" data-end=\"677\" \/>\u2714\ufe0f Favorise une hydratation durable et une peau plus douce<br data-start=\"719\" data-end=\"722\" \/>\u2714\ufe0f Formule douce adapt\u00e9e aux peaux sensibles<\/p>\n<h3 data-start=\"768\" data-end=\"784\" data-rm-block-id=\"block-8\">\u00a0Caract\u00e9ristiques :<\/h3>\n<p data-start=\"785\" data-end=\"905\" data-rm-block-id=\"block-9\">\u2728 Format pratique de 50 ml<br data-start=\"812\" data-end=\"815\" \/>\u2728 Texture l\u00e9g\u00e8re et absorption rapide<br data-start=\"841\" data-end=\"844\" \/>\u2728 Convient \u00e0 un usage quotidien<br data-start=\"868\" data-end=\"871\" \/>\u2728 Contient des ingr\u00e9dients naturels apaisants<\/p>\n<p data-start=\"785\" data-end=\"905\" data-rm-block-id=\"block-9\"><img decoding=\"async\" class=\"aligncenter wp-image-1607 size-large\" src=\"https:\/\/vigorashop.com\/wp-content\/uploads\/2025\/12\/Render_Mockup_4000_3000_2025-11-20-3-1024x768.png\" alt=\"\" width=\"1024\" height=\"768\" srcset=\"https:\/\/vigorashop.com\/wp-content\/uploads\/2025\/12\/Render_Mockup_4000_3000_2025-11-20-3-1024x768.png 1024w, https:\/\/vigorashop.com\/wp-content\/uploads\/2025\/12\/Render_Mockup_4000_3000_2025-11-20-3-300x225.png 300w, https:\/\/vigorashop.com\/wp-content\/uploads\/2025\/12\/Render_Mockup_4000_3000_2025-11-20-3-768x576.png 768w, https:\/\/vigorashop.com\/wp-content\/uploads\/2025\/12\/Render_Mockup_4000_3000_2025-11-20-3-1536x1152.png 1536w, https:\/\/vigorashop.com\/wp-content\/uploads\/2025\/12\/Render_Mockup_4000_3000_2025-11-20-3-2048x1536.png 2048w, https:\/\/vigorashop.com\/wp-content\/uploads\/2025\/12\/Render_Mockup_4000_3000_2025-11-20-3-16x12.png 16w, https:\/\/vigorashop.com\/wp-content\/uploads\/2025\/12\/Render_Mockup_4000_3000_2025-11-20-3-600x450.png 600w\" sizes=\"(max-width: 1024px) 100vw, 1024px\" \/><\/p>\n<h3 data-start=\"912\" data-end=\"935\" data-rm-block-id=\"block-10\">\u00a0Mode d\u2019utilisation :<\/h3>\n<p data-start=\"936\" data-end=\"1073\" data-rm-block-id=\"block-11\" class=\"translation-block\">Appliquer une quantit\u00e9 appropri\u00e9e sur les zones concern\u00e9es,\npuis masser d\u00e9licatement jusqu\u2019\u00e0 absorption compl\u00e8te.\n\u00c0 utiliser deux fois par jour ou selon votre routine de soin.<\/p>\n<h3 data-start=\"1080\" data-end=\"1107\" data-rm-block-id=\"block-12\"><\/h3>\n<p data-start=\"1108\" data-end=\"1387\" data-rm-block-id=\"block-13\" class=\"translation-block\">Ce produit est un cosm\u00e9tique destin\u00e9 aux soins de la peau uniquement.\nIl ne constitue pas un m\u00e9dicament et n\u2019est pas destin\u00e9 \u00e0 diagnostiquer, traiter, gu\u00e9rir ou pr\u00e9venir une maladie cutan\u00e9e.\nLes r\u00e9sultats peuvent varier d\u2019une personne \u00e0 l\u2019autre selon le type de peau et la routine de soin.\nIl est recommand\u00e9 d\u2019effectuer un test cutan\u00e9 avant la premi\u00e8re utilisation.\nUsage externe uniquement.<\/p>\n<h3 data-start=\"1394\" data-end=\"1435\" data-rm-block-id=\"block-14\"><\/h3>\n<p data-start=\"1436\" data-end=\"1496\" data-rm-block-id=\"block-15\"><strong data-start=\"1436\" data-end=\"1496\">Produit cosm\u00e9tique | Usage externe uniquement | R\u00e9sultats variables<\/strong><\/p>","protected":false},"excerpt":{"rendered":"<p>\u2714\ufe0f Aide \u00e0 apaiser les d\u00e9mangeaisons et les rougeurs<br data-start=\"639\" data-end=\"642\" \/>\u2714\ufe0f Contribue \u00e0 r\u00e9duire la s\u00e9cheresse et l\u2019aspect des squames<br data-start=\"674\" data-end=\"677\" \/>\u2714\ufe0f Favorise une hydratation durable et une peau plus douce<br data-start=\"719\" data-end=\"722\" \/>\u2714\ufe0f Formule douce adapt\u00e9e aux peaux sensibles<\/p>","protected":false},"featured_media":1604,"comment_status":"open","ping_status":"closed","template":"","meta":{"_monsterinsights_skip_tracking":false,"_monsterinsights_sitenote_active":false,"_monsterinsights_sitenote_note":"","_monsterinsights_sitenote_category":0,"site-sidebar-layout":"default","site-content-layout":"","ast-site-content-layout":"default","site-content-style":"default","site-sidebar-style":"default","ast-global-header-display":"","ast-banner-title-visibility":"","ast-main-header-display":"","ast-hfb-above-header-display":"","ast-hfb-below-header-display":"","ast-hfb-mobile-header-display":"","site-post-title":"","ast-breadcrumbs-content":"","ast-featured-img":"","footer-sml-layout":"","ast-disable-related-posts":"","theme-transparent-header-meta":"default","adv-header-id-meta":"","stick-header-meta":"","header-above-stick-meta":"","header-main-stick-meta":"","header-below-stick-meta":"","astra-migrate-meta-layouts":"set","ast-page-background-enabled":"default","ast-page-background-meta":{"desktop":{"background-color":"","background-image":"","background-repeat":"repeat","background-position":"center center","background-size":"auto","background-attachment":"scroll","background-type":"","background-media":"","overlay-type":"","overlay-color":"","overlay-opacity":"","overlay-gradient":""},"tablet":{"background-color":"","background-image":"","background-repeat":"repeat","background-position":"center center","background-size":"auto","background-attachment":"scroll","background-type":"","background-media":"","overlay-type":"","overlay-color":"","overlay-opacity":"","overlay-gradient":""},"mobile":{"background-color":"","background-image":"","background-repeat":"repeat","background-position":"center center","background-size":"auto","background-attachment":"scroll","background-type":"","background-media":"","overlay-type":"","overlay-color":"","overlay-opacity":"","overlay-gradient":""}},"ast-content-background-meta":{"desktop":{"background-color":"var(--ast-global-color-5)","background-image":"","background-repeat":"repeat","background-position":"center center","background-size":"auto","background-attachment":"scroll","background-type":"","background-media":"","overlay-type":"","overlay-color":"","overlay-opacity":"","overlay-gradient":""},"tablet":{"background-color":"var(--ast-global-color-5)","background-image":"","background-repeat":"repeat","background-position":"center center","background-size":"auto","background-attachment":"scroll","background-type":"","background-media":"","overlay-type":"","overlay-color":"","overlay-opacity":"","overlay-gradient":""},"mobile":{"background-color":"var(--ast-global-color-5)","background-image":"","background-repeat":"repeat","background-position":"center center","background-size":"auto","background-attachment":"scroll","background-type":"","background-media":"","overlay-type":"","overlay-color":"","overlay-opacity":"","overlay-gradient":""}},"_joinchat":[]},"product_brand":[],"product_cat":[64],"product_tag":[],"class_list":{"0":"post-1603","1":"product","2":"type-product","3":"status-publish","4":"has-post-thumbnail","6":"product_cat-64","7":"desktop-align-left","8":"tablet-align-left","9":"mobile-align-left","11":"first","12":"instock","13":"shipping-taxable","14":"purchasable","15":"product-type-simple"},"_links":{"self":[{"href":"https:\/\/vigorashop.com\/fr\/wp-json\/wp\/v2\/product\/1603","targetHints":{"allow":["GET"]}}],"collection":[{"href":"https:\/\/vigorashop.com\/fr\/wp-json\/wp\/v2\/product"}],"about":[{"href":"https:\/\/vigorashop.com\/fr\/wp-json\/wp\/v2\/types\/product"}],"replies":[{"embeddable":true,"href":"https:\/\/vigorashop.com\/fr\/wp-json\/wp\/v2\/comments?post=1603"}],"wp:featuredmedia":[{"embeddable":true,"href":"https:\/\/vigorashop.com\/fr\/wp-json\/wp\/v2\/media\/1604"}],"wp:attachment":[{"href":"https:\/\/vigorashop.com\/fr\/wp-json\/wp\/v2\/media?parent=1603"}],"wp:term":[{"taxonomy":"product_brand","embeddable":true,"href":"https:\/\/vigorashop.com\/fr\/wp-json\/wp\/v2\/product_brand?post=1603"},{"taxonomy":"product_cat","embeddable":true,"href":"https:\/\/vigorashop.com\/fr\/wp-json\/wp\/v2\/product_cat?post=1603"},{"taxonomy":"product_tag","embeddable":true,"href":"https:\/\/vigorashop.com\/fr\/wp-json\/wp\/v2\/product_tag?post=1603"}],"curies":[{"name":"wp","href":"https:\/\/api.w.org\/{rel}","templated":true}]}}