{"id":1585,"date":"2025-12-28T23:47:08","date_gmt":"2025-12-28T23:47:08","guid":{"rendered":"https:\/\/vigorashop.com\/?post_type=product&#038;p=1585"},"modified":"2025-12-28T23:47:08","modified_gmt":"2025-12-28T23:47:08","slug":"%d9%83%d9%88%d9%84%d8%a7%d8%ac%d9%8a%d9%86-%d8%a8%d8%ad%d8%b1%d9%8a-collagene-marin","status":"publish","type":"product","link":"https:\/\/vigorashop.com\/fr\/produit\/%d9%83%d9%88%d9%84%d8%a7%d8%ac%d9%8a%d9%86-%d8%a8%d8%ad%d8%b1%d9%8a-collagene-marin\/","title":{"rendered":"\u0643\u0648\u0644\u0627\u062c\u064a\u0646 \u0628\u062d\u0631\u064a Collag\u00e8ne marin 60gelules"},"content":{"rendered":"<h2 data-start=\"254\" data-end=\"285\">Collag\u00e8ne Marin \u2013 60 G\u00e9lules<\/h2>\n<p data-start=\"286\" data-end=\"333\"><strong data-start=\"286\" data-end=\"333\">Peau plus jeune\u2026 meilleure \u00e9lasticit\u00e9\u2026 \u00e9clat naturel<\/strong><\/p>\n<p data-start=\"335\" data-end=\"587\" class=\"translation-block\">Le compl\u00e9ment de collag\u00e8ne marin est formul\u00e9 pour aider \u00e0 soutenir l\u2019\u00e9lasticit\u00e9 de la peau et \u00e0 am\u00e9liorer son apparence avec une utilisation r\u00e9guli\u00e8re.<\/p>\n<p data-start=\"335\" data-end=\"587\"><img fetchpriority=\"high\" decoding=\"async\" class=\"aligncenter wp-image-1594 size-large\" src=\"https:\/\/vigorashop.com\/wp-content\/uploads\/2025\/12\/Render_Mockup_4000_3000_2025-11-20-27-1024x768.png\" alt=\"\" width=\"1024\" height=\"768\" srcset=\"https:\/\/vigorashop.com\/wp-content\/uploads\/2025\/12\/Render_Mockup_4000_3000_2025-11-20-27-1024x768.png 1024w, https:\/\/vigorashop.com\/wp-content\/uploads\/2025\/12\/Render_Mockup_4000_3000_2025-11-20-27-300x225.png 300w, https:\/\/vigorashop.com\/wp-content\/uploads\/2025\/12\/Render_Mockup_4000_3000_2025-11-20-27-768x576.png 768w, https:\/\/vigorashop.com\/wp-content\/uploads\/2025\/12\/Render_Mockup_4000_3000_2025-11-20-27-1536x1152.png 1536w, https:\/\/vigorashop.com\/wp-content\/uploads\/2025\/12\/Render_Mockup_4000_3000_2025-11-20-27-2048x1536.png 2048w, https:\/\/vigorashop.com\/wp-content\/uploads\/2025\/12\/Render_Mockup_4000_3000_2025-11-20-27-16x12.png 16w, https:\/\/vigorashop.com\/wp-content\/uploads\/2025\/12\/Render_Mockup_4000_3000_2025-11-20-27-600x450.png 600w\" sizes=\"(max-width: 1024px) 100vw, 1024px\" \/><\/p>\n<p data-start=\"335\" data-end=\"587\"><br data-start=\"450\" data-end=\"453\" \/>Il contribue \u00e0 att\u00e9nuer l\u2019apparence des rides et ridules, tout en soutenant la sant\u00e9 des cheveux et des ongles, pour une apparence plus lumineuse et revitalis\u00e9e au quotidien.<\/p>\n<h3 data-start=\"594\" data-end=\"614\">\u00a0Bienfaits :<\/h3>\n<p data-start=\"615\" data-end=\"779\">\u2714\ufe0f Aide \u00e0 am\u00e9liorer l\u2019\u00e9lasticit\u00e9 et la fermet\u00e9 de la peau<br data-start=\"653\" data-end=\"656\" \/>\u2714\ufe0f Contribue \u00e0 r\u00e9duire l\u2019apparence des rides et ridules<br data-start=\"703\" data-end=\"706\" \/>\u2714\ufe0f Soutient la sant\u00e9 des cheveux et des ongles<br data-start=\"732\" data-end=\"735\" \/>\u2714\ufe0f Convient \u00e0 un usage quotidien dans une routine beaut\u00e9<\/p>\n<h3 data-start=\"786\" data-end=\"802\">\u00a0Caract\u00e9ristiques :<\/h3>\n<p data-start=\"803\" data-end=\"902\">\u2728 60 g\u00e9lules faciles \u00e0 prendre<br data-start=\"829\" data-end=\"832\" \/>\u2728 Formule \u00e0 base de collag\u00e8ne marin<br data-start=\"853\" data-end=\"856\" \/>\u2728 Adapt\u00e9 aux adultes<br data-start=\"872\" data-end=\"875\" \/>\u2728 Soutien \u00e9quilibr\u00e9 de la beaut\u00e9 de la peau<\/p>\n<p data-start=\"803\" data-end=\"902\"><img decoding=\"async\" class=\"aligncenter wp-image-1597 size-large\" src=\"https:\/\/vigorashop.com\/wp-content\/uploads\/2025\/12\/WhatsApp-Image-2025-09-20-at-16.13.58-2-1024x1024.jpeg\" alt=\"\" width=\"1024\" height=\"1024\" srcset=\"https:\/\/vigorashop.com\/wp-content\/uploads\/2025\/12\/WhatsApp-Image-2025-09-20-at-16.13.58-2-1024x1024.jpeg 1024w, https:\/\/vigorashop.com\/wp-content\/uploads\/2025\/12\/WhatsApp-Image-2025-09-20-at-16.13.58-2-300x300.jpeg 300w, https:\/\/vigorashop.com\/wp-content\/uploads\/2025\/12\/WhatsApp-Image-2025-09-20-at-16.13.58-2-150x150.jpeg 150w, https:\/\/vigorashop.com\/wp-content\/uploads\/2025\/12\/WhatsApp-Image-2025-09-20-at-16.13.58-2-768x768.jpeg 768w, https:\/\/vigorashop.com\/wp-content\/uploads\/2025\/12\/WhatsApp-Image-2025-09-20-at-16.13.58-2-12x12.jpeg 12w, https:\/\/vigorashop.com\/wp-content\/uploads\/2025\/12\/WhatsApp-Image-2025-09-20-at-16.13.58-2-600x600.jpeg 600w, https:\/\/vigorashop.com\/wp-content\/uploads\/2025\/12\/WhatsApp-Image-2025-09-20-at-16.13.58-2-100x100.jpeg 100w, https:\/\/vigorashop.com\/wp-content\/uploads\/2025\/12\/WhatsApp-Image-2025-09-20-at-16.13.58-2.jpeg 1080w\" sizes=\"(max-width: 1024px) 100vw, 1024px\" \/><\/p>\n<h3 data-start=\"909\" data-end=\"932\">\u00a0Mode d\u2019utilisation :<\/h3>\n<p data-start=\"933\" data-end=\"1039\" class=\"translation-block\">Prendre deux g\u00e9lules par jour avec de l\u2019eau, de pr\u00e9f\u00e9rence au cours des repas, dans le cadre d\u2019une routine r\u00e9guli\u00e8re de compl\u00e9mentation.<\/p>\n<h3 data-start=\"1046\" data-end=\"1073\"><\/h3>\n<p data-start=\"1074\" data-end=\"1339\" class=\"translation-block\">Ce produit est un compl\u00e9ment alimentaire.\nIl ne constitue pas un m\u00e9dicament et n\u2019est pas destin\u00e9 \u00e0 diagnostiquer, traiter, gu\u00e9rir ou pr\u00e9venir une maladie ou une affection cutan\u00e9e.\nLes r\u00e9sultats peuvent varier selon les individus.\nNe remplace pas une alimentation \u00e9quilibr\u00e9e ni un mode de vie sain.\nConsulter un professionnel de sant\u00e9 avant utilisation, notamment en cas de grossesse ou de prise de m\u00e9dicaments.<\/p>\n<h3 data-start=\"1346\" data-end=\"1382\"><\/h3>\n<p data-start=\"1383\" data-end=\"1428\"><strong data-start=\"1383\" data-end=\"1428\">Compl\u00e9ment alimentaire | Non m\u00e9dicament | R\u00e9sultats variable<\/strong><\/p>\n<hr data-start=\"1430\" data-end=\"1433\" \/>","protected":false},"excerpt":{"rendered":"<p>\u2714\ufe0f Aide \u00e0 am\u00e9liorer l\u2019\u00e9lasticit\u00e9 et la fermet\u00e9 de la peau<br data-start=\"653\" data-end=\"656\" \/>\u2714\ufe0f Contribue \u00e0 r\u00e9duire l\u2019apparence des rides et ridules<br data-start=\"703\" data-end=\"706\" \/>\u2714\ufe0f Soutient la sant\u00e9 des cheveux et des ongles<br data-start=\"732\" data-end=\"735\" \/>\u2714\ufe0f Convient \u00e0 un usage quotidien dans une routine beaut\u00e9<\/p>","protected":false},"featured_media":1586,"comment_status":"open","ping_status":"closed","template":"","meta":{"_monsterinsights_skip_tracking":false,"_monsterinsights_sitenote_active":false,"_monsterinsights_sitenote_note":"","_monsterinsights_sitenote_category":0,"site-sidebar-layout":"default","site-content-layout":"","ast-site-content-layout":"default","site-content-style":"default","site-sidebar-style":"default","ast-global-header-display":"","ast-banner-title-visibility":"","ast-main-header-display":"","ast-hfb-above-header-display":"","ast-hfb-below-header-display":"","ast-hfb-mobile-header-display":"","site-post-title":"","ast-breadcrumbs-content":"","ast-featured-img":"","footer-sml-layout":"","ast-disable-related-posts":"","theme-transparent-header-meta":"default","adv-header-id-meta":"","stick-header-meta":"","header-above-stick-meta":"","header-main-stick-meta":"","header-below-stick-meta":"","astra-migrate-meta-layouts":"set","ast-page-background-enabled":"default","ast-page-background-meta":{"desktop":{"background-color":"","background-image":"","background-repeat":"repeat","background-position":"center center","background-size":"auto","background-attachment":"scroll","background-type":"","background-media":"","overlay-type":"","overlay-color":"","overlay-opacity":"","overlay-gradient":""},"tablet":{"background-color":"","background-image":"","background-repeat":"repeat","background-position":"center center","background-size":"auto","background-attachment":"scroll","background-type":"","background-media":"","overlay-type":"","overlay-color":"","overlay-opacity":"","overlay-gradient":""},"mobile":{"background-color":"","background-image":"","background-repeat":"repeat","background-position":"center center","background-size":"auto","background-attachment":"scroll","background-type":"","background-media":"","overlay-type":"","overlay-color":"","overlay-opacity":"","overlay-gradient":""}},"ast-content-background-meta":{"desktop":{"background-color":"var(--ast-global-color-5)","background-image":"","background-repeat":"repeat","background-position":"center center","background-size":"auto","background-attachment":"scroll","background-type":"","background-media":"","overlay-type":"","overlay-color":"","overlay-opacity":"","overlay-gradient":""},"tablet":{"background-color":"var(--ast-global-color-5)","background-image":"","background-repeat":"repeat","background-position":"center center","background-size":"auto","background-attachment":"scroll","background-type":"","background-media":"","overlay-type":"","overlay-color":"","overlay-opacity":"","overlay-gradient":""},"mobile":{"background-color":"var(--ast-global-color-5)","background-image":"","background-repeat":"repeat","background-position":"center center","background-size":"auto","background-attachment":"scroll","background-type":"","background-media":"","overlay-type":"","overlay-color":"","overlay-opacity":"","overlay-gradient":""}},"_joinchat":[]},"product_brand":[],"product_cat":[15],"product_tag":[],"class_list":{"0":"post-1585","1":"product","2":"type-product","3":"status-publish","4":"has-post-thumbnail","6":"product_cat-15","7":"desktop-align-left","8":"tablet-align-left","9":"mobile-align-left","11":"first","12":"instock","13":"shipping-taxable","14":"purchasable","15":"product-type-simple"},"_links":{"self":[{"href":"https:\/\/vigorashop.com\/fr\/wp-json\/wp\/v2\/product\/1585","targetHints":{"allow":["GET"]}}],"collection":[{"href":"https:\/\/vigorashop.com\/fr\/wp-json\/wp\/v2\/product"}],"about":[{"href":"https:\/\/vigorashop.com\/fr\/wp-json\/wp\/v2\/types\/product"}],"replies":[{"embeddable":true,"href":"https:\/\/vigorashop.com\/fr\/wp-json\/wp\/v2\/comments?post=1585"}],"wp:featuredmedia":[{"embeddable":true,"href":"https:\/\/vigorashop.com\/fr\/wp-json\/wp\/v2\/media\/1586"}],"wp:attachment":[{"href":"https:\/\/vigorashop.com\/fr\/wp-json\/wp\/v2\/media?parent=1585"}],"wp:term":[{"taxonomy":"product_brand","embeddable":true,"href":"https:\/\/vigorashop.com\/fr\/wp-json\/wp\/v2\/product_brand?post=1585"},{"taxonomy":"product_cat","embeddable":true,"href":"https:\/\/vigorashop.com\/fr\/wp-json\/wp\/v2\/product_cat?post=1585"},{"taxonomy":"product_tag","embeddable":true,"href":"https:\/\/vigorashop.com\/fr\/wp-json\/wp\/v2\/product_tag?post=1585"}],"curies":[{"name":"wp","href":"https:\/\/api.w.org\/{rel}","templated":true}]}}