{"id":1578,"date":"2025-12-28T22:34:26","date_gmt":"2025-12-28T22:34:26","guid":{"rendered":"https:\/\/vigorashop.com\/?post_type=product&#038;p=1578"},"modified":"2025-12-28T22:34:42","modified_gmt":"2025-12-28T22:34:42","slug":"%d8%b1%d9%81%d8%b9-%d8%a7%d9%84%d8%aa%d8%b3%d8%aa%d9%88%d8%b3%d8%aa%d9%8a%d8%b1%d9%88%d9%86-ali-tongkat","status":"publish","type":"product","link":"https:\/\/vigorashop.com\/fr\/produit\/%d8%b1%d9%81%d8%b9-%d8%a7%d9%84%d8%aa%d8%b3%d8%aa%d9%88%d8%b3%d8%aa%d9%8a%d8%b1%d9%88%d9%86-ali-tongkat\/","title":{"rendered":"\u0631\u0641\u0639 \u0627\u0644\u062a\u0633\u062a\u0648\u0633\u062a\u064a\u0631\u0648\u0646 Ali tongkat 60 gelules"},"content":{"rendered":"<h2>Booster de Testost\u00e9rone \u2013 Ali Tongkat \u2013 60 G\u00e9lules<\/h2>\n<p data-start=\"323\" data-end=\"359\"><strong data-start=\"323\" data-end=\"359\">Puissance naturelle\u2026 \u00e9nergie accrue\u2026 meilleures performances<\/strong><\/p>\n<p data-start=\"361\" data-end=\"593\" class=\"translation-block\">Le compl\u00e9ment Ali Tongkat est formul\u00e9 \u00e0 partir d\u2019ingr\u00e9dients d\u2019origine naturelle pour aider \u00e0 soutenir l\u2019\u00e9quilibre hormonal naturel chez l\u2019homme et contribuer \u00e0 la vitalit\u00e9 et \u00e0 l\u2019\u00e9nergie au quotidien.\nIl accompagne la force physique, la concentration et un mode de vie actif et \u00e9quilibr\u00e9.<\/p>\n<p data-start=\"361\" data-end=\"593\"><img fetchpriority=\"high\" decoding=\"async\" class=\"aligncenter wp-image-1583 size-large\" src=\"https:\/\/vigorashop.com\/wp-content\/uploads\/2025\/12\/Render_Mockup_4000_3000_2025-11-20-61-1024x768.png\" alt=\"\" width=\"1024\" height=\"768\" srcset=\"https:\/\/vigorashop.com\/wp-content\/uploads\/2025\/12\/Render_Mockup_4000_3000_2025-11-20-61-1024x768.png 1024w, https:\/\/vigorashop.com\/wp-content\/uploads\/2025\/12\/Render_Mockup_4000_3000_2025-11-20-61-300x225.png 300w, https:\/\/vigorashop.com\/wp-content\/uploads\/2025\/12\/Render_Mockup_4000_3000_2025-11-20-61-768x576.png 768w, https:\/\/vigorashop.com\/wp-content\/uploads\/2025\/12\/Render_Mockup_4000_3000_2025-11-20-61-1536x1152.png 1536w, https:\/\/vigorashop.com\/wp-content\/uploads\/2025\/12\/Render_Mockup_4000_3000_2025-11-20-61-2048x1536.png 2048w, https:\/\/vigorashop.com\/wp-content\/uploads\/2025\/12\/Render_Mockup_4000_3000_2025-11-20-61-16x12.png 16w, https:\/\/vigorashop.com\/wp-content\/uploads\/2025\/12\/Render_Mockup_4000_3000_2025-11-20-61-600x450.png 600w\" sizes=\"(max-width: 1024px) 100vw, 1024px\" \/><\/p>\n<p data-start=\"595\" data-end=\"664\">Un choix id\u00e9al pour les hommes recherchant un soutien naturel de la performance et de l\u2019\u00e9nergie.<\/p>\n<h3 data-start=\"671\" data-end=\"691\">Bienfaits :<\/h3>\n<p data-start=\"692\" data-end=\"865\">\u2714\ufe0f Contribue au soutien des niveaux naturels de testost\u00e9rone<br data-start=\"737\" data-end=\"740\" \/>\u2714\ufe0f Aide \u00e0 soutenir l\u2019\u00e9nergie et la force physique<br data-start=\"769\" data-end=\"772\" \/>\u2714\ufe0f Favorise la concentration et les performances quotidiennes<br data-start=\"813\" data-end=\"816\" \/>\u2714\ufe0f Convient \u00e0 un usage r\u00e9gulier dans le cadre d\u2019un mode de vie sain<\/p>\n<h3 data-start=\"872\" data-end=\"888\">Caract\u00e9ristiques :<\/h3>\n<p data-start=\"889\" data-end=\"992\">\u2728 60 g\u00e9lules faciles \u00e0 prendre<br data-start=\"915\" data-end=\"918\" \/>\u2728 Formule d\u2019origine naturelle<br data-start=\"940\" data-end=\"943\" \/>\u2728 Adapt\u00e9 aux adultes<br data-start=\"959\" data-end=\"962\" \/>\u2728 Soutien \u00e9quilibr\u00e9 de la vitalit\u00e9 masculine<\/p>\n<p data-start=\"889\" data-end=\"992\"><img decoding=\"async\" class=\"aligncenter wp-image-1581 size-large\" src=\"https:\/\/vigorashop.com\/wp-content\/uploads\/2025\/12\/WhatsApp-Image-2025-09-20-at-16.13.58-1024x1024.jpeg\" alt=\"\" width=\"1024\" height=\"1024\" srcset=\"https:\/\/vigorashop.com\/wp-content\/uploads\/2025\/12\/WhatsApp-Image-2025-09-20-at-16.13.58-1024x1024.jpeg 1024w, https:\/\/vigorashop.com\/wp-content\/uploads\/2025\/12\/WhatsApp-Image-2025-09-20-at-16.13.58-300x300.jpeg 300w, https:\/\/vigorashop.com\/wp-content\/uploads\/2025\/12\/WhatsApp-Image-2025-09-20-at-16.13.58-150x150.jpeg 150w, https:\/\/vigorashop.com\/wp-content\/uploads\/2025\/12\/WhatsApp-Image-2025-09-20-at-16.13.58-768x768.jpeg 768w, https:\/\/vigorashop.com\/wp-content\/uploads\/2025\/12\/WhatsApp-Image-2025-09-20-at-16.13.58-12x12.jpeg 12w, https:\/\/vigorashop.com\/wp-content\/uploads\/2025\/12\/WhatsApp-Image-2025-09-20-at-16.13.58-600x600.jpeg 600w, https:\/\/vigorashop.com\/wp-content\/uploads\/2025\/12\/WhatsApp-Image-2025-09-20-at-16.13.58-100x100.jpeg 100w, https:\/\/vigorashop.com\/wp-content\/uploads\/2025\/12\/WhatsApp-Image-2025-09-20-at-16.13.58.jpeg 1080w\" sizes=\"(max-width: 1024px) 100vw, 1024px\" \/><\/p>\n<h3 data-start=\"999\" data-end=\"1022\">Mode d\u2019utilisation :<\/h3>\n<p data-start=\"1023\" data-end=\"1120\" class=\"translation-block\">Prendre deux g\u00e9lules par jour avec un verre d\u2019eau au cours des repas, dans le cadre d\u2019une routine r\u00e9guli\u00e8re de compl\u00e9mentation.<\/p>\n<p data-start=\"1155\" data-end=\"1432\" class=\"translation-block\">Ce produit est un compl\u00e9ment alimentaire.\nIl ne constitue pas un m\u00e9dicament et n\u2019est pas destin\u00e9 \u00e0 diagnostiquer, traiter, gu\u00e9rir ou pr\u00e9venir une maladie ou un trouble hormonal.\nLes r\u00e9sultats peuvent varier selon les individus.\nNe remplace pas une alimentation \u00e9quilibr\u00e9e ni un mode de vie sain.\nConsulter un professionnel de sant\u00e9 avant utilisation, notamment en cas de condition m\u00e9dicale ou de prise de m\u00e9dicaments.<\/p>\n<p data-start=\"1155\" data-end=\"1432\">Compl\u00e9ment alimentaire | Non m\u00e9dicament | R\u00e9sultats variable<\/p>","protected":false},"excerpt":{"rendered":"<p data-start=\"692\" data-end=\"865\">\u2714\ufe0f Contribue au soutien des niveaux naturels de testost\u00e9rone<br data-start=\"737\" data-end=\"740\" \/>\u2714\ufe0f Aide \u00e0 soutenir l\u2019\u00e9nergie et la force physique<br data-start=\"769\" data-end=\"772\" \/>\u2714\ufe0f Favorise la concentration et les performances quotidiennes<br data-start=\"813\" data-end=\"816\" \/>\u2714\ufe0f Convient \u00e0 un usage r\u00e9gulier dans le cadre d\u2019un mode de vie sain<\/p>","protected":false},"featured_media":1579,"comment_status":"open","ping_status":"closed","template":"","meta":{"_monsterinsights_skip_tracking":false,"_monsterinsights_sitenote_active":false,"_monsterinsights_sitenote_note":"","_monsterinsights_sitenote_category":0,"site-sidebar-layout":"default","site-content-layout":"","ast-site-content-layout":"default","site-content-style":"default","site-sidebar-style":"default","ast-global-header-display":"","ast-banner-title-visibility":"","ast-main-header-display":"","ast-hfb-above-header-display":"","ast-hfb-below-header-display":"","ast-hfb-mobile-header-display":"","site-post-title":"","ast-breadcrumbs-content":"","ast-featured-img":"","footer-sml-layout":"","ast-disable-related-posts":"","theme-transparent-header-meta":"default","adv-header-id-meta":"","stick-header-meta":"","header-above-stick-meta":"","header-main-stick-meta":"","header-below-stick-meta":"","astra-migrate-meta-layouts":"set","ast-page-background-enabled":"default","ast-page-background-meta":{"desktop":{"background-color":"","background-image":"","background-repeat":"repeat","background-position":"center center","background-size":"auto","background-attachment":"scroll","background-type":"","background-media":"","overlay-type":"","overlay-color":"","overlay-opacity":"","overlay-gradient":""},"tablet":{"background-color":"","background-image":"","background-repeat":"repeat","background-position":"center center","background-size":"auto","background-attachment":"scroll","background-type":"","background-media":"","overlay-type":"","overlay-color":"","overlay-opacity":"","overlay-gradient":""},"mobile":{"background-color":"","background-image":"","background-repeat":"repeat","background-position":"center center","background-size":"auto","background-attachment":"scroll","background-type":"","background-media":"","overlay-type":"","overlay-color":"","overlay-opacity":"","overlay-gradient":""}},"ast-content-background-meta":{"desktop":{"background-color":"var(--ast-global-color-5)","background-image":"","background-repeat":"repeat","background-position":"center center","background-size":"auto","background-attachment":"scroll","background-type":"","background-media":"","overlay-type":"","overlay-color":"","overlay-opacity":"","overlay-gradient":""},"tablet":{"background-color":"var(--ast-global-color-5)","background-image":"","background-repeat":"repeat","background-position":"center center","background-size":"auto","background-attachment":"scroll","background-type":"","background-media":"","overlay-type":"","overlay-color":"","overlay-opacity":"","overlay-gradient":""},"mobile":{"background-color":"var(--ast-global-color-5)","background-image":"","background-repeat":"repeat","background-position":"center center","background-size":"auto","background-attachment":"scroll","background-type":"","background-media":"","overlay-type":"","overlay-color":"","overlay-opacity":"","overlay-gradient":""}},"_joinchat":[]},"product_brand":[],"product_cat":[15],"product_tag":[],"class_list":{"0":"post-1578","1":"product","2":"type-product","3":"status-publish","4":"has-post-thumbnail","6":"product_cat-15","7":"desktop-align-left","8":"tablet-align-left","9":"mobile-align-left","11":"first","12":"instock","13":"shipping-taxable","14":"purchasable","15":"product-type-simple"},"_links":{"self":[{"href":"https:\/\/vigorashop.com\/fr\/wp-json\/wp\/v2\/product\/1578","targetHints":{"allow":["GET"]}}],"collection":[{"href":"https:\/\/vigorashop.com\/fr\/wp-json\/wp\/v2\/product"}],"about":[{"href":"https:\/\/vigorashop.com\/fr\/wp-json\/wp\/v2\/types\/product"}],"replies":[{"embeddable":true,"href":"https:\/\/vigorashop.com\/fr\/wp-json\/wp\/v2\/comments?post=1578"}],"wp:featuredmedia":[{"embeddable":true,"href":"https:\/\/vigorashop.com\/fr\/wp-json\/wp\/v2\/media\/1579"}],"wp:attachment":[{"href":"https:\/\/vigorashop.com\/fr\/wp-json\/wp\/v2\/media?parent=1578"}],"wp:term":[{"taxonomy":"product_brand","embeddable":true,"href":"https:\/\/vigorashop.com\/fr\/wp-json\/wp\/v2\/product_brand?post=1578"},{"taxonomy":"product_cat","embeddable":true,"href":"https:\/\/vigorashop.com\/fr\/wp-json\/wp\/v2\/product_cat?post=1578"},{"taxonomy":"product_tag","embeddable":true,"href":"https:\/\/vigorashop.com\/fr\/wp-json\/wp\/v2\/product_tag?post=1578"}],"curies":[{"name":"wp","href":"https:\/\/api.w.org\/{rel}","templated":true}]}}