{"id":1556,"date":"2025-12-26T23:35:12","date_gmt":"2025-12-26T23:35:12","guid":{"rendered":"https:\/\/vigorashop.com\/?post_type=product&#038;p=1556"},"modified":"2025-12-26T23:35:12","modified_gmt":"2025-12-26T23:35:12","slug":"%d9%85%d9%8a%d9%84%d8%a7%d8%aa%d9%88%d9%86%d9%8a%d9%86-60-%d9%83%d8%a8%d8%b3%d9%88%d9%84%d8%a9","status":"publish","type":"product","link":"https:\/\/vigorashop.com\/fr\/produit\/%d9%85%d9%8a%d9%84%d8%a7%d8%aa%d9%88%d9%86%d9%8a%d9%86-60-%d9%83%d8%a8%d8%b3%d9%88%d9%84%d8%a9\/","title":{"rendered":"M\u00e9latonine \u2013 60 G\u00e9lules"},"content":{"rendered":"<h2 data-start=\"211\" data-end=\"240\">M\u00e9latonine \u2013 60 G\u00e9lules<\/h2>\n<p data-start=\"241\" data-end=\"277\"><strong data-start=\"241\" data-end=\"277\">\u0646\u0648\u0645 \u0647\u0627\u062f\u0626\u2026 \u0631\u0627\u062d\u0629 \u0623\u0639\u0645\u0642\u2026 \u0637\u0627\u0642\u0629 \u0645\u062a\u062c\u062f\u062f\u0629<\/strong><\/p>\n<p data-start=\"279\" data-end=\"526\" class=\"translation-block\">Les g\u00e9lules de m\u00e9latonine sont formul\u00e9es pour aider \u00e0 soutenir l\u2019\u00e9quilibre naturel du cycle veille-sommeil et contribuer \u00e0 une meilleure qualit\u00e9 de sommeil et de relaxation.\nElles aident \u00e0 r\u00e9duire les sensations d\u2019insomnie, \u00e0 favoriser un sommeil calme et \u00e0 accompagner l\u2019organisme face aux changements de rythme ou au stress quotidien.<\/p>\n<p data-start=\"279\" data-end=\"526\"><img fetchpriority=\"high\" decoding=\"async\" class=\"aligncenter wp-image-1558 size-large\" src=\"https:\/\/vigorashop.com\/wp-content\/uploads\/2025\/12\/Rendu_Maquette_3840_2022_2025-04-157-1024x539.png\" alt=\"\" width=\"1024\" height=\"539\" srcset=\"https:\/\/vigorashop.com\/wp-content\/uploads\/2025\/12\/Rendu_Maquette_3840_2022_2025-04-157-1024x539.png 1024w, https:\/\/vigorashop.com\/wp-content\/uploads\/2025\/12\/Rendu_Maquette_3840_2022_2025-04-157-300x158.png 300w, https:\/\/vigorashop.com\/wp-content\/uploads\/2025\/12\/Rendu_Maquette_3840_2022_2025-04-157-768x404.png 768w, https:\/\/vigorashop.com\/wp-content\/uploads\/2025\/12\/Rendu_Maquette_3840_2022_2025-04-157-1536x809.png 1536w, https:\/\/vigorashop.com\/wp-content\/uploads\/2025\/12\/Rendu_Maquette_3840_2022_2025-04-157-2048x1078.png 2048w, https:\/\/vigorashop.com\/wp-content\/uploads\/2025\/12\/Rendu_Maquette_3840_2022_2025-04-157-18x9.png 18w, https:\/\/vigorashop.com\/wp-content\/uploads\/2025\/12\/Rendu_Maquette_3840_2022_2025-04-157-600x316.png 600w\" sizes=\"(max-width: 1024px) 100vw, 1024px\" \/><\/p>\n<p data-start=\"528\" data-end=\"597\">Un choix id\u00e9al pour ceux qui recherchent un sommeil r\u00e9parateur et un regain d\u2019\u00e9nergie au quotidien.<\/p>\n<h3 data-start=\"604\" data-end=\"624\">Bienfaits :<\/h3>\n<p data-start=\"625\" data-end=\"817\">\u2714\ufe0f \u064a\u0633\u0627\u0647\u0645 \u0641\u064a \u062a\u062d\u0633\u064a\u0646 \u062c\u0648\u062f\u0629 \u0627\u0644\u0646\u0648\u0645 \u0648\u0627\u0644\u0627\u0633\u062a\u0631\u062e\u0627\u0621<br data-start=\"664\" data-end=\"667\" \/>\u2714\ufe0f \u064a\u0633\u0627\u0639\u062f \u0639\u0644\u0649 \u062a\u0646\u0638\u064a\u0645 \u0625\u064a\u0642\u0627\u0639 \u0627\u0644\u0646\u0648\u0645 \u0627\u0644\u0637\u0628\u064a\u0639\u064a<br data-start=\"705\" data-end=\"708\" \/>\u2714\ufe0f \u064a\u062f\u0639\u0645 \u0627\u0644\u0634\u0639\u0648\u0631 \u0628\u0627\u0644\u0631\u0627\u062d\u0629 \u0648\u0627\u0644\u0647\u062f\u0648\u0621 \u0627\u0644\u0644\u064a\u0644\u064a<br data-start=\"745\" data-end=\"748\" \/>\u2714\ufe0f \u064a\u0633\u0627\u0647\u0645 \u0641\u064a \u062a\u0642\u0644\u064a\u0644 \u0627\u0636\u0637\u0631\u0627\u0628\u0627\u062a \u0627\u0644\u0646\u0648\u0645 \u0627\u0644\u0645\u0631\u062a\u0628\u0637\u0629 \u0628\u0627\u0644\u0625\u062c\u0647\u0627\u062f \u0623\u0648 \u062a\u063a\u064a\u0651\u0631 \u0627\u0644\u0631\u0648\u062a\u064a\u0646<\/p>\n<h3 data-start=\"824\" data-end=\"840\">Caract\u00e9ristiques :<\/h3>\n<p data-start=\"841\" data-end=\"949\">\u2705 60 g\u00e9lules faciles \u00e0 prendre<br data-start=\"867\" data-end=\"870\" \/>\u2705 Formule \u00e9quilibr\u00e9e pour un usage quotidien<br data-start=\"902\" data-end=\"905\" \/>\u2705 \u062f\u0639\u0645 \u0637\u0628\u064a\u0639\u064a \u0644\u062f\u0648\u0631\u0629 \u0627\u0644\u0646\u0648\u0645<br data-start=\"928\" data-end=\"931\" \/>\u2705 \u0645\u0646\u0627\u0633\u0628 \u0644\u0644\u0628\u0627\u0644\u063a\u064a\u0646<\/p>\n<p data-start=\"841\" data-end=\"949\"><img decoding=\"async\" class=\"aligncenter wp-image-1559 size-large\" src=\"https:\/\/vigorashop.com\/wp-content\/uploads\/2025\/12\/Rendu_Maquette_3840_2022_2025-04-2410-1024x539.png\" alt=\"\" width=\"1024\" height=\"539\" srcset=\"https:\/\/vigorashop.com\/wp-content\/uploads\/2025\/12\/Rendu_Maquette_3840_2022_2025-04-2410-1024x539.png 1024w, https:\/\/vigorashop.com\/wp-content\/uploads\/2025\/12\/Rendu_Maquette_3840_2022_2025-04-2410-300x158.png 300w, https:\/\/vigorashop.com\/wp-content\/uploads\/2025\/12\/Rendu_Maquette_3840_2022_2025-04-2410-768x404.png 768w, https:\/\/vigorashop.com\/wp-content\/uploads\/2025\/12\/Rendu_Maquette_3840_2022_2025-04-2410-1536x809.png 1536w, https:\/\/vigorashop.com\/wp-content\/uploads\/2025\/12\/Rendu_Maquette_3840_2022_2025-04-2410-2048x1078.png 2048w, https:\/\/vigorashop.com\/wp-content\/uploads\/2025\/12\/Rendu_Maquette_3840_2022_2025-04-2410-18x9.png 18w, https:\/\/vigorashop.com\/wp-content\/uploads\/2025\/12\/Rendu_Maquette_3840_2022_2025-04-2410-600x316.png 600w\" sizes=\"(max-width: 1024px) 100vw, 1024px\" \/><\/p>\n<h3 data-start=\"956\" data-end=\"979\">Mode d\u2019utilisation :<\/h3>\n<p data-start=\"980\" data-end=\"1097\">Prendre les g\u00e9lules avec un verre d\u2019eau selon l\u2019apport quotidien recommand\u00e9, de pr\u00e9f\u00e9rence avant le coucher, dans le cadre d\u2019une routine r\u00e9guli\u00e8re de compl\u00e9mentation.<\/p>\n<p data-start=\"980\" data-end=\"1097\" class=\"translation-block\">Ce produit est un compl\u00e9ment alimentaire.\nIl ne constitue pas un m\u00e9dicament et n\u2019est pas destin\u00e9 \u00e0 diagnostiquer, traiter, gu\u00e9rir ou pr\u00e9venir une maladie ou un trouble du sommeil.\nLes r\u00e9sultats peuvent varier d\u2019une personne \u00e0 l\u2019autre.\nNe remplace pas une alimentation \u00e9quilibr\u00e9e ni un mode de vie sain.\nConsulter un professionnel de sant\u00e9 avant utilisation, notamment en cas de grossesse ou de prise de m\u00e9dicaments.<\/p>\n<p data-start=\"980\" data-end=\"1097\">Compl\u00e9ment alimentaire | Non m\u00e9dicament | R\u00e9sultats variable<\/p>","protected":false},"excerpt":{"rendered":"<p data-start=\"604\" data-end=\"624\">\u2714\ufe0f \u064a\u0633\u0627\u0647\u0645 \u0641\u064a \u062a\u062d\u0633\u064a\u0646 \u062c\u0648\u062f\u0629 \u0627\u0644\u0646\u0648\u0645 \u0648\u0627\u0644\u0627\u0633\u062a\u0631\u062e\u0627\u0621<br data-start=\"664\" data-end=\"667\" \/>\u2714\ufe0f \u064a\u0633\u0627\u0639\u062f \u0639\u0644\u0649 \u062a\u0646\u0638\u064a\u0645 \u0625\u064a\u0642\u0627\u0639 \u0627\u0644\u0646\u0648\u0645 \u0627\u0644\u0637\u0628\u064a\u0639\u064a<br data-start=\"705\" data-end=\"708\" \/>\u2714\ufe0f \u064a\u062f\u0639\u0645 \u0627\u0644\u0634\u0639\u0648\u0631 \u0628\u0627\u0644\u0631\u0627\u062d\u0629 \u0648\u0627\u0644\u0647\u062f\u0648\u0621 \u0627\u0644\u0644\u064a\u0644\u064a<br data-start=\"745\" data-end=\"748\" \/>\u2714\ufe0f \u064a\u0633\u0627\u0647\u0645 \u0641\u064a \u062a\u0642\u0644\u064a\u0644 \u0627\u0636\u0637\u0631\u0627\u0628\u0627\u062a \u0627\u0644\u0646\u0648\u0645 \u0627\u0644\u0645\u0631\u062a\u0628\u0637\u0629 \u0628\u0627\u0644\u0625\u062c\u0647\u0627\u062f \u0623\u0648 \u062a\u063a\u064a\u0651\u0631 \u0627\u0644\u0631\u0648\u062a\u064a\u0646<\/p>\n<p data-start=\"625\" data-end=\"817\">","protected":false},"featured_media":1557,"comment_status":"open","ping_status":"closed","template":"","meta":{"_monsterinsights_skip_tracking":false,"_monsterinsights_sitenote_active":false,"_monsterinsights_sitenote_note":"","_monsterinsights_sitenote_category":0,"site-sidebar-layout":"default","site-content-layout":"","ast-site-content-layout":"default","site-content-style":"default","site-sidebar-style":"default","ast-global-header-display":"","ast-banner-title-visibility":"","ast-main-header-display":"","ast-hfb-above-header-display":"","ast-hfb-below-header-display":"","ast-hfb-mobile-header-display":"","site-post-title":"","ast-breadcrumbs-content":"","ast-featured-img":"","footer-sml-layout":"","ast-disable-related-posts":"","theme-transparent-header-meta":"default","adv-header-id-meta":"","stick-header-meta":"","header-above-stick-meta":"","header-main-stick-meta":"","header-below-stick-meta":"","astra-migrate-meta-layouts":"set","ast-page-background-enabled":"default","ast-page-background-meta":{"desktop":{"background-color":"","background-image":"","background-repeat":"repeat","background-position":"center center","background-size":"auto","background-attachment":"scroll","background-type":"","background-media":"","overlay-type":"","overlay-color":"","overlay-opacity":"","overlay-gradient":""},"tablet":{"background-color":"","background-image":"","background-repeat":"repeat","background-position":"center center","background-size":"auto","background-attachment":"scroll","background-type":"","background-media":"","overlay-type":"","overlay-color":"","overlay-opacity":"","overlay-gradient":""},"mobile":{"background-color":"","background-image":"","background-repeat":"repeat","background-position":"center center","background-size":"auto","background-attachment":"scroll","background-type":"","background-media":"","overlay-type":"","overlay-color":"","overlay-opacity":"","overlay-gradient":""}},"ast-content-background-meta":{"desktop":{"background-color":"var(--ast-global-color-5)","background-image":"","background-repeat":"repeat","background-position":"center center","background-size":"auto","background-attachment":"scroll","background-type":"","background-media":"","overlay-type":"","overlay-color":"","overlay-opacity":"","overlay-gradient":""},"tablet":{"background-color":"var(--ast-global-color-5)","background-image":"","background-repeat":"repeat","background-position":"center center","background-size":"auto","background-attachment":"scroll","background-type":"","background-media":"","overlay-type":"","overlay-color":"","overlay-opacity":"","overlay-gradient":""},"mobile":{"background-color":"var(--ast-global-color-5)","background-image":"","background-repeat":"repeat","background-position":"center center","background-size":"auto","background-attachment":"scroll","background-type":"","background-media":"","overlay-type":"","overlay-color":"","overlay-opacity":"","overlay-gradient":""}},"_joinchat":[]},"product_brand":[],"product_cat":[15],"product_tag":[],"class_list":{"0":"post-1556","1":"product","2":"type-product","3":"status-publish","4":"has-post-thumbnail","6":"product_cat-15","7":"desktop-align-left","8":"tablet-align-left","9":"mobile-align-left","11":"first","12":"instock","13":"shipping-taxable","14":"purchasable","15":"product-type-simple"},"_links":{"self":[{"href":"https:\/\/vigorashop.com\/fr\/wp-json\/wp\/v2\/product\/1556","targetHints":{"allow":["GET"]}}],"collection":[{"href":"https:\/\/vigorashop.com\/fr\/wp-json\/wp\/v2\/product"}],"about":[{"href":"https:\/\/vigorashop.com\/fr\/wp-json\/wp\/v2\/types\/product"}],"replies":[{"embeddable":true,"href":"https:\/\/vigorashop.com\/fr\/wp-json\/wp\/v2\/comments?post=1556"}],"wp:featuredmedia":[{"embeddable":true,"href":"https:\/\/vigorashop.com\/fr\/wp-json\/wp\/v2\/media\/1557"}],"wp:attachment":[{"href":"https:\/\/vigorashop.com\/fr\/wp-json\/wp\/v2\/media?parent=1556"}],"wp:term":[{"taxonomy":"product_brand","embeddable":true,"href":"https:\/\/vigorashop.com\/fr\/wp-json\/wp\/v2\/product_brand?post=1556"},{"taxonomy":"product_cat","embeddable":true,"href":"https:\/\/vigorashop.com\/fr\/wp-json\/wp\/v2\/product_cat?post=1556"},{"taxonomy":"product_tag","embeddable":true,"href":"https:\/\/vigorashop.com\/fr\/wp-json\/wp\/v2\/product_tag?post=1556"}],"curies":[{"name":"wp","href":"https:\/\/api.w.org\/{rel}","templated":true}]}}