{"id":1507,"date":"2025-12-25T00:19:50","date_gmt":"2025-12-25T00:19:50","guid":{"rendered":"https:\/\/vigorashop.com\/?post_type=product&#038;p=1507"},"modified":"2025-12-25T22:56:39","modified_gmt":"2025-12-25T22:56:39","slug":"spray-anti-eczemz-%d8%b3%d8%a8%d8%b1%d8%a7%d9%8a-%d9%85%d8%b6%d8%a7%d8%af-%d9%84%d9%84%d8%a3%d9%83%d8%b2%d9%8a%d9%85%d8%a7-50-%d9%85%d9%84","status":"publish","type":"product","link":"https:\/\/vigorashop.com\/fr\/produit\/spray-anti-eczemz-%d8%b3%d8%a8%d8%b1%d8%a7%d9%8a-%d9%85%d8%b6%d8%a7%d8%af-%d9%84%d9%84%d8%a3%d9%83%d8%b2%d9%8a%d9%85%d8%a7-50-%d9%85%d9%84\/","title":{"rendered":"Spray Anti eczemz 50ml"},"content":{"rendered":"<h2 data-start=\"187\" data-end=\"222\" data-rm-block-id=\"block-1\">Spray Apaisant Anti-Ecz\u00e9ma \u2013 50 ml<\/h2>\n<p data-start=\"223\" data-end=\"265\" data-rm-block-id=\"block-2\"><strong data-start=\"223\" data-end=\"265\">Soulagement imm\u00e9diat et douceur pour les peaux sensibles<\/strong><\/p>\n<p data-start=\"267\" data-end=\"485\" data-rm-block-id=\"block-3\">Profitez d\u2019un soulagement imm\u00e9diat avec ce spray apaisant anti-ecz\u00e9ma, sp\u00e9cialement con\u00e7u pour aider \u00e0 calmer les peaux sensibles et sujettes aux irritations.<br data-start=\"360\" data-end=\"363\" \/>Sa formule douce enrichie en ingr\u00e9dients d\u2019origine naturelle aide \u00e0 r\u00e9duire les sensations de d\u00e9mangeaisons et de rougeurs, \u00e0 hydrater la peau et \u00e0 am\u00e9liorer son confort au quotidien.<img fetchpriority=\"high\" decoding=\"async\" class=\"aligncenter wp-image-1508 size-large\" src=\"https:\/\/vigorashop.com\/wp-content\/uploads\/2025\/12\/Rendu_Maquette_3840_2022_2025-04-1531-1024x539.png\" alt=\"\" width=\"1024\" height=\"539\" srcset=\"https:\/\/vigorashop.com\/wp-content\/uploads\/2025\/12\/Rendu_Maquette_3840_2022_2025-04-1531-1024x539.png 1024w, https:\/\/vigorashop.com\/wp-content\/uploads\/2025\/12\/Rendu_Maquette_3840_2022_2025-04-1531-300x158.png 300w, https:\/\/vigorashop.com\/wp-content\/uploads\/2025\/12\/Rendu_Maquette_3840_2022_2025-04-1531-768x404.png 768w, https:\/\/vigorashop.com\/wp-content\/uploads\/2025\/12\/Rendu_Maquette_3840_2022_2025-04-1531-1536x809.png 1536w, https:\/\/vigorashop.com\/wp-content\/uploads\/2025\/12\/Rendu_Maquette_3840_2022_2025-04-1531-2048x1078.png 2048w, https:\/\/vigorashop.com\/wp-content\/uploads\/2025\/12\/Rendu_Maquette_3840_2022_2025-04-1531-18x9.png 18w, https:\/\/vigorashop.com\/wp-content\/uploads\/2025\/12\/Rendu_Maquette_3840_2022_2025-04-1531-600x316.png 600w\" sizes=\"(max-width: 1024px) 100vw, 1024px\" \/><\/p>\n<p data-start=\"487\" data-end=\"623\" data-rm-block-id=\"block-4\">Gr\u00e2ce \u00e0 son format spray pratique, l\u2019application est facile et cibl\u00e9e, pour un effet direct sur les zones concern\u00e9es, id\u00e9al pour une utilisation quotidienne.<\/p>\n<h3 data-start=\"625\" data-end=\"640\" data-rm-block-id=\"block-5\">\u00a0Bienfaits :<\/h3>\n<p data-start=\"641\" data-end=\"770\" data-rm-block-id=\"block-6\">\u2728 Aide \u00e0 apaiser les d\u00e9mangeaisons et les rougeurs<br data-start=\"674\" data-end=\"677\" \/>\u2728 Contribue \u00e0 hydrater la peau et r\u00e9duire les irritations<br data-start=\"715\" data-end=\"718\" \/>\u2728 Favorise le confort des peaux sensibles<br data-start=\"744\" data-end=\"747\" \/>\u2728 Texture l\u00e9g\u00e8re et non grasse<\/p>\n<h3 data-start=\"772\" data-end=\"788\" data-rm-block-id=\"block-7\">\u00a0Caract\u00e9ristiques :<\/h3>\n<p data-start=\"789\" data-end=\"904\" data-rm-block-id=\"block-8\">\u2705 Spray pratique et facile \u00e0 utiliser<br data-start=\"815\" data-end=\"818\" \/>\u2705 Format 50 ml \u2013 id\u00e9al \u00e0 emporter<br data-start=\"843\" data-end=\"846\" \/>\u2705 Formule douce pour un usage quotidien<br data-start=\"877\" data-end=\"880\" \/>\u2705 Adapt\u00e9 aux peaux sensibles<\/p>\n<h3 data-start=\"906\" data-end=\"929\" data-rm-block-id=\"block-9\">\u00a0Mode d\u2019utilisation :<img decoding=\"async\" class=\"aligncenter wp-image-1512 size-full\" src=\"https:\/\/vigorashop.com\/wp-content\/uploads\/2025\/12\/\u0632\u064a\u0627\u062f\u0629-\u0645\u0639\u062f\u0644\u0627\u062a-\u0627\u0644\u062d\u0631\u0642-\u0625\u0630\u0627\u0628\u0629-\u0627\u0644\u062f\u0647\u0648\u0646-\u0628\u0637\u0631\u064a\u0642\u0629-\u0637\u0628\u064a\u0639\u064a\u0629-\u062a\u0642\u0644\u064a\u0644-\u0627\u0644\u0634\u0647\u064a\u0629-\u0648\u062a\u0646\u0638\u064a\u0645-\u0627\u0644\u0623\u0643\u064430.png\" alt=\"\" width=\"940\" height=\"788\" srcset=\"https:\/\/vigorashop.com\/wp-content\/uploads\/2025\/12\/\u0632\u064a\u0627\u062f\u0629-\u0645\u0639\u062f\u0644\u0627\u062a-\u0627\u0644\u062d\u0631\u0642-\u0625\u0630\u0627\u0628\u0629-\u0627\u0644\u062f\u0647\u0648\u0646-\u0628\u0637\u0631\u064a\u0642\u0629-\u0637\u0628\u064a\u0639\u064a\u0629-\u062a\u0642\u0644\u064a\u0644-\u0627\u0644\u0634\u0647\u064a\u0629-\u0648\u062a\u0646\u0638\u064a\u0645-\u0627\u0644\u0623\u0643\u064430.png 940w, https:\/\/vigorashop.com\/wp-content\/uploads\/2025\/12\/\u0632\u064a\u0627\u062f\u0629-\u0645\u0639\u062f\u0644\u0627\u062a-\u0627\u0644\u062d\u0631\u0642-\u0625\u0630\u0627\u0628\u0629-\u0627\u0644\u062f\u0647\u0648\u0646-\u0628\u0637\u0631\u064a\u0642\u0629-\u0637\u0628\u064a\u0639\u064a\u0629-\u062a\u0642\u0644\u064a\u0644-\u0627\u0644\u0634\u0647\u064a\u0629-\u0648\u062a\u0646\u0638\u064a\u0645-\u0627\u0644\u0623\u0643\u064430-300x251.png 300w, https:\/\/vigorashop.com\/wp-content\/uploads\/2025\/12\/\u0632\u064a\u0627\u062f\u0629-\u0645\u0639\u062f\u0644\u0627\u062a-\u0627\u0644\u062d\u0631\u0642-\u0625\u0630\u0627\u0628\u0629-\u0627\u0644\u062f\u0647\u0648\u0646-\u0628\u0637\u0631\u064a\u0642\u0629-\u0637\u0628\u064a\u0639\u064a\u0629-\u062a\u0642\u0644\u064a\u0644-\u0627\u0644\u0634\u0647\u064a\u0629-\u0648\u062a\u0646\u0638\u064a\u0645-\u0627\u0644\u0623\u0643\u064430-768x644.png 768w, https:\/\/vigorashop.com\/wp-content\/uploads\/2025\/12\/\u0632\u064a\u0627\u062f\u0629-\u0645\u0639\u062f\u0644\u0627\u062a-\u0627\u0644\u062d\u0631\u0642-\u0625\u0630\u0627\u0628\u0629-\u0627\u0644\u062f\u0647\u0648\u0646-\u0628\u0637\u0631\u064a\u0642\u0629-\u0637\u0628\u064a\u0639\u064a\u0629-\u062a\u0642\u0644\u064a\u0644-\u0627\u0644\u0634\u0647\u064a\u0629-\u0648\u062a\u0646\u0638\u064a\u0645-\u0627\u0644\u0623\u0643\u064430-14x12.png 14w, https:\/\/vigorashop.com\/wp-content\/uploads\/2025\/12\/\u0632\u064a\u0627\u062f\u0629-\u0645\u0639\u062f\u0644\u0627\u062a-\u0627\u0644\u062d\u0631\u0642-\u0625\u0630\u0627\u0628\u0629-\u0627\u0644\u062f\u0647\u0648\u0646-\u0628\u0637\u0631\u064a\u0642\u0629-\u0637\u0628\u064a\u0639\u064a\u0629-\u062a\u0642\u0644\u064a\u0644-\u0627\u0644\u0634\u0647\u064a\u0629-\u0648\u062a\u0646\u0638\u064a\u0645-\u0627\u0644\u0623\u0643\u064430-600x503.png 600w\" sizes=\"(max-width: 940px) 100vw, 940px\" \/><\/h3>\n<p data-start=\"930\" data-end=\"1064\" data-rm-block-id=\"block-10\" class=\"translation-block\">Vaporiser directement sur la zone \u00e0 apaiser, sur une peau propre et s\u00e8che.\nUtiliser selon les besoins ou dans le cadre de la routine quotidienne de soin.\nLaisser s\u00e9cher sans frotter.<\/p>\n<h3 data-start=\"1066\" data-end=\"1087\" data-rm-block-id=\"block-11\">\u00a0Avertissement l\u00e9gal :<\/h3>\n<p data-start=\"1088\" data-end=\"1318\" data-rm-block-id=\"block-12\" class=\"translation-block\">Ce produit est un cosm\u00e9tique destin\u00e9 au soin de la peau.\nIl ne constitue pas un m\u00e9dicament et n\u2019est pas destin\u00e9 \u00e0 diagnostiquer, traiter, gu\u00e9rir ou pr\u00e9venir l\u2019ecz\u00e9ma ou toute autre affection cutan\u00e9e.\nLes r\u00e9sultats peuvent varier selon les individus.\nIl est recommand\u00e9 d\u2019effectuer un test de tol\u00e9rance cutan\u00e9e avant utilisation.\nUsage externe uniquement.<\/p>\n<p data-start=\"1357\" data-end=\"1417\" data-rm-block-id=\"block-13\"><strong data-start=\"1357\" data-end=\"1417\">Produit cosm\u00e9tique | Usage externe uniquement | R\u00e9sultats variables<\/strong><\/p>","protected":false},"excerpt":{"rendered":"<p>\u2728 Aide \u00e0 apaiser les d\u00e9mangeaisons et les rougeurs<br data-start=\"674\" data-end=\"677\" \/>\u2728 Contribue \u00e0 hydrater la peau et r\u00e9duire les irritations<br data-start=\"715\" data-end=\"718\" \/>\u2728 Favorise le confort des peaux sensibles<br data-start=\"744\" data-end=\"747\" \/>\u2728 Texture l\u00e9g\u00e8re et non grasse<\/p>","protected":false},"featured_media":1513,"comment_status":"open","ping_status":"closed","template":"","meta":{"_monsterinsights_skip_tracking":false,"_monsterinsights_sitenote_active":false,"_monsterinsights_sitenote_note":"","_monsterinsights_sitenote_category":0,"site-sidebar-layout":"default","site-content-layout":"","ast-site-content-layout":"default","site-content-style":"default","site-sidebar-style":"default","ast-global-header-display":"","ast-banner-title-visibility":"","ast-main-header-display":"","ast-hfb-above-header-display":"","ast-hfb-below-header-display":"","ast-hfb-mobile-header-display":"","site-post-title":"","ast-breadcrumbs-content":"","ast-featured-img":"","footer-sml-layout":"","ast-disable-related-posts":"","theme-transparent-header-meta":"default","adv-header-id-meta":"","stick-header-meta":"","header-above-stick-meta":"","header-main-stick-meta":"","header-below-stick-meta":"","astra-migrate-meta-layouts":"set","ast-page-background-enabled":"default","ast-page-background-meta":{"desktop":{"background-color":"","background-image":"","background-repeat":"repeat","background-position":"center center","background-size":"auto","background-attachment":"scroll","background-type":"","background-media":"","overlay-type":"","overlay-color":"","overlay-opacity":"","overlay-gradient":""},"tablet":{"background-color":"","background-image":"","background-repeat":"repeat","background-position":"center center","background-size":"auto","background-attachment":"scroll","background-type":"","background-media":"","overlay-type":"","overlay-color":"","overlay-opacity":"","overlay-gradient":""},"mobile":{"background-color":"","background-image":"","background-repeat":"repeat","background-position":"center center","background-size":"auto","background-attachment":"scroll","background-type":"","background-media":"","overlay-type":"","overlay-color":"","overlay-opacity":"","overlay-gradient":""}},"ast-content-background-meta":{"desktop":{"background-color":"var(--ast-global-color-5)","background-image":"","background-repeat":"repeat","background-position":"center center","background-size":"auto","background-attachment":"scroll","background-type":"","background-media":"","overlay-type":"","overlay-color":"","overlay-opacity":"","overlay-gradient":""},"tablet":{"background-color":"var(--ast-global-color-5)","background-image":"","background-repeat":"repeat","background-position":"center center","background-size":"auto","background-attachment":"scroll","background-type":"","background-media":"","overlay-type":"","overlay-color":"","overlay-opacity":"","overlay-gradient":""},"mobile":{"background-color":"var(--ast-global-color-5)","background-image":"","background-repeat":"repeat","background-position":"center center","background-size":"auto","background-attachment":"scroll","background-type":"","background-media":"","overlay-type":"","overlay-color":"","overlay-opacity":"","overlay-gradient":""}},"_joinchat":[]},"product_brand":[],"product_cat":[64],"product_tag":[],"class_list":{"0":"post-1507","1":"product","2":"type-product","3":"status-publish","4":"has-post-thumbnail","6":"product_cat-64","7":"desktop-align-left","8":"tablet-align-left","9":"mobile-align-left","11":"first","12":"instock","13":"shipping-taxable","14":"purchasable","15":"product-type-simple"},"_links":{"self":[{"href":"https:\/\/vigorashop.com\/fr\/wp-json\/wp\/v2\/product\/1507","targetHints":{"allow":["GET"]}}],"collection":[{"href":"https:\/\/vigorashop.com\/fr\/wp-json\/wp\/v2\/product"}],"about":[{"href":"https:\/\/vigorashop.com\/fr\/wp-json\/wp\/v2\/types\/product"}],"replies":[{"embeddable":true,"href":"https:\/\/vigorashop.com\/fr\/wp-json\/wp\/v2\/comments?post=1507"}],"wp:featuredmedia":[{"embeddable":true,"href":"https:\/\/vigorashop.com\/fr\/wp-json\/wp\/v2\/media\/1513"}],"wp:attachment":[{"href":"https:\/\/vigorashop.com\/fr\/wp-json\/wp\/v2\/media?parent=1507"}],"wp:term":[{"taxonomy":"product_brand","embeddable":true,"href":"https:\/\/vigorashop.com\/fr\/wp-json\/wp\/v2\/product_brand?post=1507"},{"taxonomy":"product_cat","embeddable":true,"href":"https:\/\/vigorashop.com\/fr\/wp-json\/wp\/v2\/product_cat?post=1507"},{"taxonomy":"product_tag","embeddable":true,"href":"https:\/\/vigorashop.com\/fr\/wp-json\/wp\/v2\/product_tag?post=1507"}],"curies":[{"name":"wp","href":"https:\/\/api.w.org\/{rel}","templated":true}]}}