{"id":1470,"date":"2025-12-24T02:44:00","date_gmt":"2025-12-24T02:44:00","guid":{"rendered":"https:\/\/vigorashop.com\/?post_type=product&#038;p=1470"},"modified":"2025-12-25T23:16:56","modified_gmt":"2025-12-25T23:16:56","slug":"%d9%83%d8%b1%d9%8a%d9%85-%d8%b6%d8%af-%d8%aa%d8%ac%d8%a7%d8%b9%d9%8a%d8%af","status":"publish","type":"product","link":"https:\/\/vigorashop.com\/fr\/produit\/%d9%83%d8%b1%d9%8a%d9%85-%d8%b6%d8%af-%d8%aa%d8%ac%d8%a7%d8%b9%d9%8a%d8%af\/","title":{"rendered":"Cr\u00e8me anti-rides 50ml"},"content":{"rendered":"<h2 data-start=\"179\" data-end=\"212\">Cr\u00e8me Anti-Rides &amp; \u00c9claircissante<\/h2>\n<p data-start=\"213\" data-end=\"243\"><strong data-start=\"213\" data-end=\"243\">Jeunesse et \u00e9clat en un seul geste<\/strong><\/p>\n<p data-start=\"245\" data-end=\"438\">Retrouvez la fra\u00eecheur et l\u2019\u00e9clat naturel de votre peau gr\u00e2ce \u00e0 la cr\u00e8me anti-rides et \u00e9claircissante, formul\u00e9e avec une combinaison avanc\u00e9e d\u2019ingr\u00e9dients reconnus pour soutenir l\u2019apparence d\u2019une peau jeune, associ\u00e9e \u00e0 des \u00e9l\u00e9ments d\u2019origine naturelle qui aident \u00e0 unifier le teint et \u00e0 r\u00e9v\u00e9ler un \u00e9clat sain. <img fetchpriority=\"high\" decoding=\"async\" class=\"alignundefined wp-image-1472 size-large\" src=\"https:\/\/vigorashop.com\/wp-content\/uploads\/2025\/12\/\u0644\u0627\u0644\u0627\u0644\u0627\u0644\u0627\u0644-1024x768.jpg\" alt=\"\" width=\"1024\" height=\"768\" srcset=\"https:\/\/vigorashop.com\/wp-content\/uploads\/2025\/12\/\u0644\u0627\u0644\u0627\u0644\u0627\u0644\u0627\u0644-1024x768.jpg 1024w, https:\/\/vigorashop.com\/wp-content\/uploads\/2025\/12\/\u0644\u0627\u0644\u0627\u0644\u0627\u0644\u0627\u0644-300x225.jpg 300w, https:\/\/vigorashop.com\/wp-content\/uploads\/2025\/12\/\u0644\u0627\u0644\u0627\u0644\u0627\u0644\u0627\u0644-768x576.jpg 768w, https:\/\/vigorashop.com\/wp-content\/uploads\/2025\/12\/\u0644\u0627\u0644\u0627\u0644\u0627\u0644\u0627\u0644-1536x1152.jpg 1536w, https:\/\/vigorashop.com\/wp-content\/uploads\/2025\/12\/\u0644\u0627\u0644\u0627\u0644\u0627\u0644\u0627\u0644-2048x1536.jpg 2048w, https:\/\/vigorashop.com\/wp-content\/uploads\/2025\/12\/\u0644\u0627\u0644\u0627\u0644\u0627\u0644\u0627\u0644-16x12.jpg 16w, https:\/\/vigorashop.com\/wp-content\/uploads\/2025\/12\/\u0644\u0627\u0644\u0627\u0644\u0627\u0644\u0627\u0644-600x450.jpg 600w\" sizes=\"(max-width: 1024px) 100vw, 1024px\" \/><\/p>\n<p data-start=\"440\" data-end=\"593\">Cette cr\u00e8me aide \u00e0 am\u00e9liorer l\u2019apparence des ridules et des rides, \u00e0 renforcer la douceur de la peau et \u00e0 soutenir son \u00e9clat quotidien, pour une sensation de peau plus vivante et rafra\u00eechie \u00e0 chaque utilisation.<\/p>\n<h3 data-start=\"600\" data-end=\"620\">\u00a0Bienfaits :<\/h3>\n<p data-start=\"621\" data-end=\"800\">\u2728 Aide \u00e0 r\u00e9duire l\u2019apparence des rides et des ridules<br data-start=\"668\" data-end=\"671\" \/>\u2728 Contribue \u00e0 unifier le teint et \u00e0 apporter un \u00e9clat naturel<br data-start=\"719\" data-end=\"722\" \/>\u2728 Hydrate la peau en profondeur et am\u00e9liore sa douceur<br data-start=\"755\" data-end=\"758\" \/>\u2728 Formule douce adapt\u00e9e \u00e0 tous les types de peau <img decoding=\"async\" class=\"alignundefined wp-image-1476 size-large\" src=\"https:\/\/vigorashop.com\/wp-content\/uploads\/2025\/12\/Render_Mockup_4000_3000_2025-11-20-40-1-1024x768.png\" alt=\"\" width=\"1024\" height=\"768\" srcset=\"https:\/\/vigorashop.com\/wp-content\/uploads\/2025\/12\/Render_Mockup_4000_3000_2025-11-20-40-1-1024x768.png 1024w, https:\/\/vigorashop.com\/wp-content\/uploads\/2025\/12\/Render_Mockup_4000_3000_2025-11-20-40-1-300x225.png 300w, https:\/\/vigorashop.com\/wp-content\/uploads\/2025\/12\/Render_Mockup_4000_3000_2025-11-20-40-1-768x576.png 768w, https:\/\/vigorashop.com\/wp-content\/uploads\/2025\/12\/Render_Mockup_4000_3000_2025-11-20-40-1-1536x1152.png 1536w, https:\/\/vigorashop.com\/wp-content\/uploads\/2025\/12\/Render_Mockup_4000_3000_2025-11-20-40-1-2048x1536.png 2048w, https:\/\/vigorashop.com\/wp-content\/uploads\/2025\/12\/Render_Mockup_4000_3000_2025-11-20-40-1-16x12.png 16w, https:\/\/vigorashop.com\/wp-content\/uploads\/2025\/12\/Render_Mockup_4000_3000_2025-11-20-40-1-600x450.png 600w\" sizes=\"(max-width: 1024px) 100vw, 1024px\" \/><\/p>\n<h3 data-start=\"930\" data-end=\"953\">Mode d\u2019utilisation :<\/h3>\n<p data-start=\"954\" data-end=\"1126\" class=\"translation-block\">Appliquer une quantit\u00e9 appropri\u00e9e de cr\u00e8me sur une peau propre et s\u00e8che du visage et du cou.\nMasser d\u00e9licatement par mouvements circulaires jusqu\u2019\u00e0 absorption compl\u00e8te.\nUtiliser deux fois par jour, matin et soir, pour de meilleurs r\u00e9sultats.<\/p>\n<p data-start=\"621\" data-end=\"800\" class=\"translation-block\">Ce produit est un cosm\u00e9tique destin\u00e9 uniquement au soin de la peau.\nIl ne s\u2019agit pas d\u2019un produit m\u00e9dical et n\u2019est pas destin\u00e9 \u00e0 diagnostiquer, traiter ou pr\u00e9venir une quelconque affection cutan\u00e9e.\nLes r\u00e9sultats peuvent varier d\u2019une personne \u00e0 l\u2019autre selon le type de peau et la routine de soin.\nIl est recommand\u00e9 d\u2019effectuer un test de tol\u00e9rance cutan\u00e9e sur une petite zone avant utilisation.\nUsage externe uniquement.<\/p>\n<p data-start=\"621\" data-end=\"800\">Produit cosm\u00e9tique | Usage externe uniquement | R\u00e9sultats variables<\/p>","protected":false},"excerpt":{"rendered":"<h3 data-start=\"600\" data-end=\"620\"><\/h3>\n<p data-start=\"621\" data-end=\"800\">\u2728 Aide \u00e0 r\u00e9duire l\u2019apparence des rides et des ridules<br data-start=\"668\" data-end=\"671\" \/>\u2728 Contribue \u00e0 unifier le teint et \u00e0 apporter un \u00e9clat naturel<br data-start=\"719\" data-end=\"722\" \/>\u2728 Hydrate la peau en profondeur et am\u00e9liore sa douceur<br data-start=\"755\" data-end=\"758\" \/>\u2728 Formule douce adapt\u00e9e \u00e0 tous les types de peau<\/p>","protected":false},"featured_media":1471,"comment_status":"open","ping_status":"closed","template":"","meta":{"_monsterinsights_skip_tracking":false,"_monsterinsights_sitenote_active":false,"_monsterinsights_sitenote_note":"","_monsterinsights_sitenote_category":0,"site-sidebar-layout":"default","site-content-layout":"","ast-site-content-layout":"default","site-content-style":"default","site-sidebar-style":"default","ast-global-header-display":"","ast-banner-title-visibility":"","ast-main-header-display":"","ast-hfb-above-header-display":"","ast-hfb-below-header-display":"","ast-hfb-mobile-header-display":"","site-post-title":"","ast-breadcrumbs-content":"","ast-featured-img":"","footer-sml-layout":"","ast-disable-related-posts":"","theme-transparent-header-meta":"default","adv-header-id-meta":"","stick-header-meta":"","header-above-stick-meta":"","header-main-stick-meta":"","header-below-stick-meta":"","astra-migrate-meta-layouts":"set","ast-page-background-enabled":"default","ast-page-background-meta":{"desktop":{"background-color":"","background-image":"","background-repeat":"repeat","background-position":"center center","background-size":"auto","background-attachment":"scroll","background-type":"","background-media":"","overlay-type":"","overlay-color":"","overlay-opacity":"","overlay-gradient":""},"tablet":{"background-color":"","background-image":"","background-repeat":"repeat","background-position":"center center","background-size":"auto","background-attachment":"scroll","background-type":"","background-media":"","overlay-type":"","overlay-color":"","overlay-opacity":"","overlay-gradient":""},"mobile":{"background-color":"","background-image":"","background-repeat":"repeat","background-position":"center center","background-size":"auto","background-attachment":"scroll","background-type":"","background-media":"","overlay-type":"","overlay-color":"","overlay-opacity":"","overlay-gradient":""}},"ast-content-background-meta":{"desktop":{"background-color":"var(--ast-global-color-5)","background-image":"","background-repeat":"repeat","background-position":"center center","background-size":"auto","background-attachment":"scroll","background-type":"","background-media":"","overlay-type":"","overlay-color":"","overlay-opacity":"","overlay-gradient":""},"tablet":{"background-color":"var(--ast-global-color-5)","background-image":"","background-repeat":"repeat","background-position":"center center","background-size":"auto","background-attachment":"scroll","background-type":"","background-media":"","overlay-type":"","overlay-color":"","overlay-opacity":"","overlay-gradient":""},"mobile":{"background-color":"var(--ast-global-color-5)","background-image":"","background-repeat":"repeat","background-position":"center center","background-size":"auto","background-attachment":"scroll","background-type":"","background-media":"","overlay-type":"","overlay-color":"","overlay-opacity":"","overlay-gradient":""}},"_joinchat":[]},"product_brand":[],"product_cat":[64],"product_tag":[],"class_list":{"0":"post-1470","1":"product","2":"type-product","3":"status-publish","4":"has-post-thumbnail","6":"product_cat-64","7":"desktop-align-left","8":"tablet-align-left","9":"mobile-align-left","11":"first","12":"instock","13":"shipping-taxable","14":"purchasable","15":"product-type-simple"},"_links":{"self":[{"href":"https:\/\/vigorashop.com\/fr\/wp-json\/wp\/v2\/product\/1470","targetHints":{"allow":["GET"]}}],"collection":[{"href":"https:\/\/vigorashop.com\/fr\/wp-json\/wp\/v2\/product"}],"about":[{"href":"https:\/\/vigorashop.com\/fr\/wp-json\/wp\/v2\/types\/product"}],"replies":[{"embeddable":true,"href":"https:\/\/vigorashop.com\/fr\/wp-json\/wp\/v2\/comments?post=1470"}],"wp:featuredmedia":[{"embeddable":true,"href":"https:\/\/vigorashop.com\/fr\/wp-json\/wp\/v2\/media\/1471"}],"wp:attachment":[{"href":"https:\/\/vigorashop.com\/fr\/wp-json\/wp\/v2\/media?parent=1470"}],"wp:term":[{"taxonomy":"product_brand","embeddable":true,"href":"https:\/\/vigorashop.com\/fr\/wp-json\/wp\/v2\/product_brand?post=1470"},{"taxonomy":"product_cat","embeddable":true,"href":"https:\/\/vigorashop.com\/fr\/wp-json\/wp\/v2\/product_cat?post=1470"},{"taxonomy":"product_tag","embeddable":true,"href":"https:\/\/vigorashop.com\/fr\/wp-json\/wp\/v2\/product_tag?post=1470"}],"curies":[{"name":"wp","href":"https:\/\/api.w.org\/{rel}","templated":true}]}}