{"id":1467,"date":"2025-12-24T02:21:03","date_gmt":"2025-12-24T02:21:03","guid":{"rendered":"https:\/\/vigorashop.com\/?post_type=product&#038;p=1467"},"modified":"2025-12-25T01:15:41","modified_gmt":"2025-12-25T01:15:41","slug":"%d8%a8%d8%b1%d9%88%d8%b3%d8%aa%d8%a7%d9%85%d8%a7%d8%b1%d9%83","status":"publish","type":"product","link":"https:\/\/vigorashop.com\/fr\/produit\/%d8%a8%d8%b1%d9%88%d8%b3%d8%aa%d8%a7%d9%85%d8%a7%d8%b1%d9%83\/","title":{"rendered":"Prostamark \u2013 60 G\u00e9lules"},"content":{"rendered":"<h2 data-start=\"184\" data-end=\"212\" data-rm-block-id=\"block-1\">Prostamark \u2013 60 G\u00e9lules<\/h2>\n<p data-start=\"214\" data-end=\"262\" data-rm-block-id=\"block-2\"><strong data-start=\"214\" data-end=\"262\">\u062f\u0639\u0645 \u064a\u0648\u0645\u064a \u0644\u0635\u062d\u0629 \u0627\u0644\u0628\u0631\u0648\u0633\u062a\u0627\u062a\u0627 \u0648\u0631\u0627\u062d\u0629 \u0627\u0644\u062c\u0647\u0627\u0632 \u0627\u0644\u0628\u0648\u0644\u064a<\/strong><\/p>\n<p data-start=\"264\" data-end=\"563\" data-rm-block-id=\"block-3\">\u062a\u0645 \u062a\u0637\u0648\u064a\u0631 \u0628\u0631\u0648\u0633\u062a\u0627\u0645\u0627\u0631\u0643 \u0628\u062a\u0631\u0643\u064a\u0628\u0629 \u0637\u0628\u064a\u0639\u064a\u0629 \u0645\u062a\u0648\u0627\u0632\u0646\u0629 \u0644\u062f\u0639\u0645 \u0627\u0644\u0639\u0646\u0627\u064a\u0629 \u0628\u0635\u062d\u0629 \u0627\u0644\u0628\u0631\u0648\u0633\u062a\u0627\u062a\u0627 \u0648\u0627\u0644\u0645\u0633\u0627\u0647\u0645\u0629 \u0641\u064a \u062a\u062d\u0633\u064a\u0646 \u0631\u0627\u062d\u0629 \u0627\u0644\u062c\u0647\u0627\u0632 \u0627\u0644\u0628\u0648\u0644\u064a \u0644\u062f\u0649 \u0627\u0644\u0631\u062c\u0627\u0644.<\/p>\n<p data-start=\"264\" data-end=\"563\" data-rm-block-id=\"block-4\"><br data-start=\"399\" data-end=\"402\" \/><img fetchpriority=\"high\" decoding=\"async\" class=\"aligncenter wp-image-1464 size-full\" src=\"https:\/\/vigorashop.com\/wp-content\/uploads\/2025\/12\/Rendu_Maquette_3840_2022_2025-03-251-Pacdora.png\" alt=\"\" width=\"1024\" height=\"1024\" srcset=\"https:\/\/vigorashop.com\/wp-content\/uploads\/2025\/12\/Rendu_Maquette_3840_2022_2025-03-251-Pacdora.png 1024w, https:\/\/vigorashop.com\/wp-content\/uploads\/2025\/12\/Rendu_Maquette_3840_2022_2025-03-251-Pacdora-300x300.png 300w, https:\/\/vigorashop.com\/wp-content\/uploads\/2025\/12\/Rendu_Maquette_3840_2022_2025-03-251-Pacdora-150x150.png 150w, https:\/\/vigorashop.com\/wp-content\/uploads\/2025\/12\/Rendu_Maquette_3840_2022_2025-03-251-Pacdora-768x768.png 768w, https:\/\/vigorashop.com\/wp-content\/uploads\/2025\/12\/Rendu_Maquette_3840_2022_2025-03-251-Pacdora-12x12.png 12w, https:\/\/vigorashop.com\/wp-content\/uploads\/2025\/12\/Rendu_Maquette_3840_2022_2025-03-251-Pacdora-600x600.png 600w, https:\/\/vigorashop.com\/wp-content\/uploads\/2025\/12\/Rendu_Maquette_3840_2022_2025-03-251-Pacdora-100x100.png 100w\" sizes=\"(max-width: 1024px) 100vw, 1024px\" \/><\/p>\n<p data-start=\"565\" data-end=\"617\" data-rm-block-id=\"block-5\">\u062a\u0633\u0627\u0639\u062f \u0627\u0644\u0643\u0628\u0633\u0648\u0644\u0627\u062a \u0639\u0644\u0649 \u062f\u0639\u0645 \u0627\u0644\u062a\u0648\u0627\u0632\u0646 \u0627\u0644\u0637\u0628\u064a\u0639\u064a \u0644\u0644\u062c\u0633\u0645\u060c \u062a\u0642\u0644\u064a\u0644 \u0627\u0644\u0634\u0639\u0648\u0631 \u0628\u0639\u062f\u0645 \u0627\u0644\u0631\u0627\u062d\u0629 \u0627\u0644\u0645\u0631\u062a\u0628\u0637 \u0628\u0627\u0644\u062a\u0628\u0648\u0644 \u0627\u0644\u0645\u062a\u0643\u0631\u0631\u060c \u0648\u062a\u0639\u0632\u064a\u0632 \u0627\u0644\u062d\u064a\u0648\u064a\u0629 \u0627\u0644\u0639\u0627\u0645\u0629 \u0645\u0639 \u0627\u0644\u062a\u0642\u062f\u0645 \u0641\u064a \u0627\u0644\u0639\u0645\u0631.<\/p>\n<p data-start=\"565\" data-end=\"617\" data-rm-block-id=\"block-6\">\u062e\u064a\u0627\u0631 \u0645\u062b\u0627\u0644\u064a \u0644\u0643\u0644 \u0631\u062c\u0644 \u064a\u0647\u062a\u0645 \u0628\u0635\u062d\u062a\u0647 \u0627\u0644\u064a\u0648\u0645\u064a\u0629 \u0648\u062c\u0648\u062f\u0629 \u062d\u064a\u0627\u062a\u0647.<\/p>\n<h3 data-start=\"599\" data-end=\"619\" data-rm-block-id=\"block-7\">\u00a0Bienfaits :<\/h3>\n<p data-start=\"620\" data-end=\"760\" data-rm-block-id=\"block-8\">\u2714\ufe0f \u064a\u0633\u0627\u0647\u0645 \u0641\u064a \u062f\u0639\u0645 \u0635\u062d\u0629 \u0627\u0644\u0628\u0631\u0648\u0633\u062a\u0627\u062a\u0627<br data-start=\"650\" data-end=\"653\" \/>\u2714\ufe0f \u064a\u0633\u0627\u0639\u062f \u0639\u0644\u0649 \u062a\u062d\u0633\u064a\u0646 \u0631\u0627\u062d\u0629 \u0627\u0644\u062c\u0647\u0627\u0632 \u0627\u0644\u0628\u0648\u0644\u064a<br data-start=\"690\" data-end=\"693\" \/>\u2714\ufe0f \u064a\u062f\u0639\u0645 \u0627\u0644\u062a\u0648\u0627\u0632\u0646 \u0627\u0644\u0647\u0631\u0645\u0648\u0646\u064a \u0627\u0644\u0637\u0628\u064a\u0639\u064a<br data-start=\"725\" data-end=\"728\" \/>\u2714\ufe0f \u064a\u0639\u0632\u0632 \u0627\u0644\u062d\u064a\u0648\u064a\u0629 \u0648\u0627\u0644\u0646\u0634\u0627\u0637 \u0627\u0644\u064a\u0648\u0645\u064a <img decoding=\"async\" class=\"aligncenter wp-image-1465 size-large\" src=\"https:\/\/vigorashop.com\/wp-content\/uploads\/2025\/12\/Rendu_Maquette_3840_2022_2025-04-247-1024x539.png\" alt=\"\" width=\"1024\" height=\"539\" srcset=\"https:\/\/vigorashop.com\/wp-content\/uploads\/2025\/12\/Rendu_Maquette_3840_2022_2025-04-247-1024x539.png 1024w, https:\/\/vigorashop.com\/wp-content\/uploads\/2025\/12\/Rendu_Maquette_3840_2022_2025-04-247-300x158.png 300w, https:\/\/vigorashop.com\/wp-content\/uploads\/2025\/12\/Rendu_Maquette_3840_2022_2025-04-247-768x404.png 768w, https:\/\/vigorashop.com\/wp-content\/uploads\/2025\/12\/Rendu_Maquette_3840_2022_2025-04-247-1536x809.png 1536w, https:\/\/vigorashop.com\/wp-content\/uploads\/2025\/12\/Rendu_Maquette_3840_2022_2025-04-247-2048x1078.png 2048w, https:\/\/vigorashop.com\/wp-content\/uploads\/2025\/12\/Rendu_Maquette_3840_2022_2025-04-247-18x9.png 18w, https:\/\/vigorashop.com\/wp-content\/uploads\/2025\/12\/Rendu_Maquette_3840_2022_2025-04-247-600x316.png 600w\" sizes=\"(max-width: 1024px) 100vw, 1024px\" \/><\/p>\n<h3 data-start=\"762\" data-end=\"778\" data-rm-block-id=\"block-9\">Caract\u00e9ristiques :<\/h3>\n<p data-start=\"779\" data-end=\"888\" data-rm-block-id=\"block-10\">\u2705 60 g\u00e9lules faciles \u00e0 prendre<br data-start=\"805\" data-end=\"808\" \/>\u2705 \u062a\u0631\u0643\u064a\u0628\u0629 \u0637\u0628\u064a\u0639\u064a\u0629 \u0645\u062f\u0631\u0648\u0633\u0629<br data-start=\"830\" data-end=\"833\" \/>\u2705 \u0645\u0646\u0627\u0633\u0628 \u0644\u0644\u0627\u0633\u062a\u062e\u062f\u0627\u0645 \u0627\u0644\u064a\u0648\u0645\u064a<br data-start=\"857\" data-end=\"860\" \/>\u2705 \u0645\u062e\u0635\u0635 \u0644\u0644\u0639\u0646\u0627\u064a\u0629 \u0628\u0635\u062d\u0629 \u0627\u0644\u0631\u062c\u0627\u0644<\/p>\n<h3 data-start=\"890\" data-end=\"913\" data-rm-block-id=\"block-11\">Mode d\u2019utilisation :<\/h3>\n<p data-start=\"914\" data-end=\"1021\" data-rm-block-id=\"block-12\">\u062a\u0624\u062e\u0630 \u0627\u0644\u0643\u0628\u0633\u0648\u0644\u0627\u062a \u0645\u0639 \u0643\u0648\u0628 \u0645\u0646 \u0627\u0644\u0645\u0627\u0621 \u062d\u0633\u0628 \u0627\u0644\u062c\u0631\u0639\u0629 \u0627\u0644\u0645\u0648\u0635\u0649 \u0628\u0647\u0627 \u0623\u0648 \u0648\u0641\u0642 \u0646\u0645\u0637 \u0627\u0644\u0627\u0633\u062a\u0647\u0644\u0627\u0643 \u0627\u0644\u064a\u0648\u0645\u064a \u0627\u0644\u0645\u0639\u062a\u0627\u062f \u0644\u0644\u0645\u0643\u0645\u0644\u0627\u062a \u0627\u0644\u063a\u0630\u0627\u0626\u064a\u0629.<\/p>\n<p data-start=\"914\" data-end=\"1021\" data-rm-block-id=\"block-13\">\u0647\u0630\u0627 \u0627\u0644\u0645\u0646\u062a\u062c <strong data-start=\"1062\" data-end=\"1076\">\u0645\u0643\u0645\u0644 \u063a\u0630\u0627\u0626\u064a<\/strong>.<br data-start=\"1077\" data-end=\"1080\" \/>\u0644\u0627 \u064a\u064f\u0639\u062f \u062f\u0648\u0627\u0621\u064b \u0648\u0644\u0627 \u064a\u064f\u0642\u0635\u062f \u0628\u0647 \u062a\u0634\u062e\u064a\u0635 \u0623\u0648 \u0639\u0644\u0627\u062c \u0623\u0648 \u0627\u0644\u0648\u0642\u0627\u064a\u0629 \u0645\u0646 \u0623\u064a \u0645\u0631\u0636\u060c \u0628\u0645\u0627 \u0641\u064a \u0630\u0644\u0643 \u0623\u0645\u0631\u0627\u0636 \u0627\u0644\u0628\u0631\u0648\u0633\u062a\u0627\u062a\u0627.<br data-start=\"1171\" data-end=\"1174\" \/>\u0627\u0644\u0646\u062a\u0627\u0626\u062c \u0642\u062f \u062a\u062e\u062a\u0644\u0641 \u0645\u0646 \u0634\u062e\u0635 \u0644\u0622\u062e\u0631.<br data-start=\"1203\" data-end=\"1206\" \/>\u0644\u0627 \u064a\u064f\u0633\u062a\u062e\u062f\u0645 \u0643\u0628\u062f\u064a\u0644 \u0644\u0646\u0638\u0627\u0645 \u063a\u0630\u0627\u0626\u064a \u0645\u062a\u0648\u0627\u0632\u0646 \u0648\u0646\u0645\u0637 \u062d\u064a\u0627\u0629 \u0635\u062d\u064a.<br data-start=\"1256\" data-end=\"1259\" \/>\u064a\u064f\u0646\u0635\u062d \u0628\u0627\u0633\u062a\u0634\u0627\u0631\u0629 \u0645\u062e\u062a\u0635 \u0635\u062d\u064a \u0642\u0628\u0644 \u0627\u0644\u0627\u0633\u062a\u062e\u062f\u0627\u0645 \u0641\u064a \u062d\u0627\u0644 \u0648\u062c\u0648\u062f \u062d\u0627\u0644\u0629 \u0635\u062d\u064a\u0629 \u0623\u0648 \u062a\u0646\u0627\u0648\u0644 \u0623\u062f\u0648\u064a\u0629 \u0623\u062e\u0631\u0649.<\/p>\n<p data-start=\"914\" data-end=\"1021\" data-rm-block-id=\"block-14\">Compl\u00e9ment alimentaire | Non m\u00e9dicament | R\u00e9sultats variable<\/p>","protected":false},"excerpt":{"rendered":"<p>\u2714 \u062f\u0639\u0645 \u0635\u062d\u0629 \u0627\u0644\u0628\u0631\u0648\u0633\u062a\u0627\u062a\u0627<br data-start=\"668\" data-end=\"671\" \/>\u2714 \u0627\u0644\u0645\u0633\u0627\u0639\u062f\u0629 \u0641\u064a \u0631\u0627\u062d\u0629 \u0627\u0644\u062c\u0647\u0627\u0632 \u0627\u0644\u0628\u0648\u0644\u064a<br data-start=\"703\" data-end=\"706\" \/>\u2714 \u062f\u0639\u0645 \u0627\u0644\u062a\u0648\u0627\u0632\u0646 \u0648\u0627\u0644\u062d\u064a\u0648\u064a\u0629 \u0627\u0644\u0639\u0627\u0645\u0629<br data-start=\"735\" data-end=\"738\" \/>\u2714 \u0645\u0646\u0627\u0633\u0628 \u0644\u0644\u0627\u0633\u062a\u062e\u062f\u0627\u0645 \u0627\u0644\u064a\u0648\u0645\u064a \u0644\u0644\u0631\u062c\u0627\u0644<\/p>","protected":false},"featured_media":1468,"comment_status":"open","ping_status":"closed","template":"","meta":{"_monsterinsights_skip_tracking":false,"_monsterinsights_sitenote_active":false,"_monsterinsights_sitenote_note":"","_monsterinsights_sitenote_category":0,"site-sidebar-layout":"default","site-content-layout":"","ast-site-content-layout":"default","site-content-style":"default","site-sidebar-style":"default","ast-global-header-display":"","ast-banner-title-visibility":"","ast-main-header-display":"","ast-hfb-above-header-display":"","ast-hfb-below-header-display":"","ast-hfb-mobile-header-display":"","site-post-title":"","ast-breadcrumbs-content":"","ast-featured-img":"","footer-sml-layout":"","ast-disable-related-posts":"","theme-transparent-header-meta":"default","adv-header-id-meta":"","stick-header-meta":"","header-above-stick-meta":"","header-main-stick-meta":"","header-below-stick-meta":"","astra-migrate-meta-layouts":"set","ast-page-background-enabled":"default","ast-page-background-meta":{"desktop":{"background-color":"","background-image":"","background-repeat":"repeat","background-position":"center center","background-size":"auto","background-attachment":"scroll","background-type":"","background-media":"","overlay-type":"","overlay-color":"","overlay-opacity":"","overlay-gradient":""},"tablet":{"background-color":"","background-image":"","background-repeat":"repeat","background-position":"center center","background-size":"auto","background-attachment":"scroll","background-type":"","background-media":"","overlay-type":"","overlay-color":"","overlay-opacity":"","overlay-gradient":""},"mobile":{"background-color":"","background-image":"","background-repeat":"repeat","background-position":"center center","background-size":"auto","background-attachment":"scroll","background-type":"","background-media":"","overlay-type":"","overlay-color":"","overlay-opacity":"","overlay-gradient":""}},"ast-content-background-meta":{"desktop":{"background-color":"var(--ast-global-color-5)","background-image":"","background-repeat":"repeat","background-position":"center center","background-size":"auto","background-attachment":"scroll","background-type":"","background-media":"","overlay-type":"","overlay-color":"","overlay-opacity":"","overlay-gradient":""},"tablet":{"background-color":"var(--ast-global-color-5)","background-image":"","background-repeat":"repeat","background-position":"center center","background-size":"auto","background-attachment":"scroll","background-type":"","background-media":"","overlay-type":"","overlay-color":"","overlay-opacity":"","overlay-gradient":""},"mobile":{"background-color":"var(--ast-global-color-5)","background-image":"","background-repeat":"repeat","background-position":"center center","background-size":"auto","background-attachment":"scroll","background-type":"","background-media":"","overlay-type":"","overlay-color":"","overlay-opacity":"","overlay-gradient":""}},"_joinchat":[]},"product_brand":[],"product_cat":[15],"product_tag":[],"class_list":{"0":"post-1467","1":"product","2":"type-product","3":"status-publish","4":"has-post-thumbnail","6":"product_cat-15","7":"desktop-align-left","8":"tablet-align-left","9":"mobile-align-left","11":"first","12":"instock","13":"shipping-taxable","14":"purchasable","15":"product-type-simple"},"_links":{"self":[{"href":"https:\/\/vigorashop.com\/fr\/wp-json\/wp\/v2\/product\/1467","targetHints":{"allow":["GET"]}}],"collection":[{"href":"https:\/\/vigorashop.com\/fr\/wp-json\/wp\/v2\/product"}],"about":[{"href":"https:\/\/vigorashop.com\/fr\/wp-json\/wp\/v2\/types\/product"}],"replies":[{"embeddable":true,"href":"https:\/\/vigorashop.com\/fr\/wp-json\/wp\/v2\/comments?post=1467"}],"wp:featuredmedia":[{"embeddable":true,"href":"https:\/\/vigorashop.com\/fr\/wp-json\/wp\/v2\/media\/1468"}],"wp:attachment":[{"href":"https:\/\/vigorashop.com\/fr\/wp-json\/wp\/v2\/media?parent=1467"}],"wp:term":[{"taxonomy":"product_brand","embeddable":true,"href":"https:\/\/vigorashop.com\/fr\/wp-json\/wp\/v2\/product_brand?post=1467"},{"taxonomy":"product_cat","embeddable":true,"href":"https:\/\/vigorashop.com\/fr\/wp-json\/wp\/v2\/product_cat?post=1467"},{"taxonomy":"product_tag","embeddable":true,"href":"https:\/\/vigorashop.com\/fr\/wp-json\/wp\/v2\/product_tag?post=1467"}],"curies":[{"name":"wp","href":"https:\/\/api.w.org\/{rel}","templated":true}]}}