{"id":802,"date":"2025-12-21T05:37:03","date_gmt":"2025-12-21T05:37:03","guid":{"rendered":"https:\/\/vigorashop.com\/about\/"},"modified":"2026-01-24T00:15:59","modified_gmt":"2026-01-23T23:15:59","slug":"%d9%85%d9%86-%d9%86%d8%ad%d9%86","status":"publish","type":"page","link":"https:\/\/vigorashop.com\/fr\/%d9%85%d9%86-%d9%86%d8%ad%d9%86\/","title":{"rendered":"\u00c0 Propos"},"content":{"rendered":"<div data-elementor-type=\"wp-page\" data-elementor-id=\"802\" class=\"elementor elementor-802\">\n\t\t\t\t<div class=\"elementor-element elementor-element-1849320 e-flex e-con-boxed e-con e-parent\" data-id=\"1849320\" data-element_type=\"container\" data-e-type=\"container\" data-settings=\"{&quot;background_background&quot;:&quot;classic&quot;}\">\n\t\t\t\t\t<div class=\"e-con-inner\">\n\t\t<div class=\"elementor-element elementor-element-18a774d e-con-full e-flex e-con e-child\" data-id=\"18a774d\" data-element_type=\"container\" data-e-type=\"container\">\n\t\t\t\t<div class=\"elementor-element elementor-element-aaf15f5 elementor-widget elementor-widget-heading\" data-id=\"aaf15f5\" data-element_type=\"widget\" data-e-type=\"widget\" data-widget_type=\"heading.default\">\n\t\t\t\t<div class=\"elementor-widget-container\">\n\t\t\t\t\t<h1 class=\"elementor-heading-title elementor-size-default\">\u00c0 Propos<\/h1>\t\t\t\t<\/div>\n\t\t\t\t<\/div>\n\t\t\t\t<\/div>\n\t\t\t\t\t<\/div>\n\t\t\t\t<\/div>\n\t\t<div class=\"elementor-element elementor-element-97e4322 e-flex e-con-boxed e-con e-parent\" data-id=\"97e4322\" data-element_type=\"container\" data-e-type=\"container\">\n\t\t\t\t\t<div class=\"e-con-inner\">\n\t\t<div class=\"elementor-element elementor-element-04666ae e-con-full e-flex e-con e-child\" data-id=\"04666ae\" data-element_type=\"container\" data-e-type=\"container\">\n\t\t\t\t<div class=\"elementor-element elementor-element-29e659d elementor-widget elementor-widget-heading\" data-id=\"29e659d\" data-element_type=\"widget\" data-e-type=\"widget\" data-widget_type=\"heading.default\">\n\t\t\t\t<div class=\"elementor-widget-container\">\n\t\t\t\t\t<h5 class=\"elementor-heading-title elementor-size-default\">Notre mission est de vous aider \u00e0 :<\/h5>\t\t\t\t<\/div>\n\t\t\t\t<\/div>\n\t\t\t\t<div class=\"elementor-element elementor-element-6e3bfc9 elementor-icon-list--layout-traditional elementor-list-item-link-full_width elementor-widget elementor-widget-icon-list\" data-id=\"6e3bfc9\" data-element_type=\"widget\" data-e-type=\"widget\" data-widget_type=\"icon-list.default\">\n\t\t\t\t<div class=\"elementor-widget-container\">\n\t\t\t\t\t\t\t<ul class=\"elementor-icon-list-items\">\n\t\t\t\t\t\t\t<li class=\"elementor-icon-list-item\">\n\t\t\t\t\t\t\t\t\t\t\t<span class=\"elementor-icon-list-icon\">\n\t\t\t\t\t\t\t<i aria-hidden=\"true\" class=\"fas fa-caret-right\"><\/i>\t\t\t\t\t\t<\/span>\n\t\t\t\t\t\t\t\t\t\t<span class=\"elementor-icon-list-text\">Sublimer votre apparence et r\u00e9v\u00e9ler votre \u00e9clat naturel <\/span>\n\t\t\t\t\t\t\t\t\t<\/li>\n\t\t\t\t\t\t\t\t<li class=\"elementor-icon-list-item\">\n\t\t\t\t\t\t\t\t\t\t\t<span class=\"elementor-icon-list-icon\">\n\t\t\t\t\t\t\t<i aria-hidden=\"true\" class=\"fas fa-caret-right\"><\/i>\t\t\t\t\t\t<\/span>\n\t\t\t\t\t\t\t\t\t\t<span class=\"elementor-icon-list-text\">Renforcer votre sant\u00e9 et votre \u00e9nergie au quotidien<\/span>\n\t\t\t\t\t\t\t\t\t<\/li>\n\t\t\t\t\t\t\t\t<li class=\"elementor-icon-list-item\">\n\t\t\t\t\t\t\t\t\t\t\t<span class=\"elementor-icon-list-icon\">\n\t\t\t\t\t\t\t<i aria-hidden=\"true\" class=\"fas fa-caret-right\"><\/i>\t\t\t\t\t\t<\/span>\n\t\t\t\t\t\t\t\t\t\t<span class=\"elementor-icon-list-text\">Augmenter votre confiance en vous, \u00e0 l\u2019int\u00e9rieur comme \u00e0 l\u2019ext\u00e9rieur<\/span>\n\t\t\t\t\t\t\t\t\t<\/li>\n\t\t\t\t\t\t<\/ul>\n\t\t\t\t\t\t<\/div>\n\t\t\t\t<\/div>\n\t\t\t\t<div class=\"elementor-element elementor-element-26e5077 elementor-widget elementor-widget-hfe-infocard\" data-id=\"26e5077\" data-element_type=\"widget\" data-e-type=\"widget\" data-widget_type=\"hfe-infocard.default\">\n\t\t\t\t<div class=\"elementor-widget-container\">\n\t\t\t\t\t\n\t\t<div class=\"hfe-infocard\">\n\t\t\t\t\t\t\t\t\t<div class=\"hfe-infocard-title-wrap\">\n\t\t\t\t<h3 class=\"hfe-infocard-title elementor-inline-editing\" data-elementor-setting-key=\"infocard_title\" data-elementor-inline-editing-toolbar=\"basic\" >Notre Mission : Beaut\u00e9 &amp; Bien-\u00catre Absolus<\/h3>\t\t\t<\/div>\n\t\t\t\t\t\t<div class=\"hfe-infocard-text-wrap\">\n\t\t\t\t<div class=\"hfe-infocard-text elementor-inline-editing\" data-elementor-setting-key=\"infocard_description\" data-elementor-inline-editing-toolbar=\"advanced\">\n\t\t\t\t\tDans notre boutique, nous ne proposons pas seulement des produits, mais une exp\u00e9rience compl\u00e8te de beaut\u00e9 et de bien-\u00eatre.\nNos soins de beaut\u00e9 et compl\u00e9ments alimentaires sont soigneusement s\u00e9lectionn\u00e9s pour r\u00e9pondre aux besoins des femmes et des hommes, avec un accent sur la qualit\u00e9, l\u2019efficacit\u00e9 et la s\u00e9curit\u00e9.\nAvec nous, b\u00e9n\u00e9ficiez de produits fiables, d\u2019une exp\u00e9rience d\u2019achat fluide et d\u2019un support client 24\/7.\nRejoignez d\u00e8s aujourd\u2019hui des milliers de clients satisfaits qui ont choisi la qualit\u00e9 et des r\u00e9sultats gara\n\t\t\t\t<\/div>\n\t\t\t\t\t\t\t<\/div>\n\t\t<\/div>\n\n\t\t\t\t\t\t<\/div>\n\t\t\t\t<\/div>\n\t\t\t\t<\/div>\n\t\t<div class=\"elementor-element elementor-element-4c10c64 e-con-full e-flex e-con e-child\" data-id=\"4c10c64\" data-element_type=\"container\" data-e-type=\"container\">\n\t\t\t\t<div class=\"elementor-element elementor-element-e5a6af8 elementor-widget elementor-widget-image\" data-id=\"e5a6af8\" data-element_type=\"widget\" data-e-type=\"widget\" data-widget_type=\"image.default\">\n\t\t\t\t<div class=\"elementor-widget-container\">\n\t\t\t\t\t\t\t\t\t\t\t\t\t\t\t<img fetchpriority=\"high\" decoding=\"async\" width=\"1376\" height=\"768\" src=\"https:\/\/vigorashop.com\/wp-content\/uploads\/2025\/12\/boutique_cosmtique_et_complments_alimentaires__tsa5ubd0cdjiykdeszju_1.png\" class=\"attachment-full size-full wp-image-1276\" alt=\"vigorashop\" srcset=\"https:\/\/vigorashop.com\/wp-content\/uploads\/2025\/12\/boutique_cosmtique_et_complments_alimentaires__tsa5ubd0cdjiykdeszju_1.png 1376w, https:\/\/vigorashop.com\/wp-content\/uploads\/2025\/12\/boutique_cosmtique_et_complments_alimentaires__tsa5ubd0cdjiykdeszju_1-300x167.png 300w, https:\/\/vigorashop.com\/wp-content\/uploads\/2025\/12\/boutique_cosmtique_et_complments_alimentaires__tsa5ubd0cdjiykdeszju_1-1024x572.png 1024w, https:\/\/vigorashop.com\/wp-content\/uploads\/2025\/12\/boutique_cosmtique_et_complments_alimentaires__tsa5ubd0cdjiykdeszju_1-768x429.png 768w, https:\/\/vigorashop.com\/wp-content\/uploads\/2025\/12\/boutique_cosmtique_et_complments_alimentaires__tsa5ubd0cdjiykdeszju_1-600x335.png 600w\" sizes=\"(max-width: 1376px) 100vw, 1376px\" \/>\t\t\t\t\t\t\t\t\t\t\t\t\t\t\t<\/div>\n\t\t\t\t<\/div>\n\t\t\t\t<\/div>\n\t\t\t\t\t<\/div>\n\t\t\t\t<\/div>\n\t\t\t\t<\/div>","protected":false},"excerpt":{"rendered":"<p>\u0645\u0646 \u0646\u062d\u0646 \u0647\u062f\u0641\u0646\u0627 \u0647\u0648 \u062a\u0645\u0643\u064a\u0646\u0643 \u0645\u0646 \u062a\u062d\u0633\u064a\u0646 \u0645\u0638\u0647\u0631\u0643 \u0648\u0625\u0628\u0631\u0627\u0632 \u0625\u0634\u0631\u0627\u0642\u062a\u0643 \u0627\u0644\u0637\u0628\u064a\u0639\u064a\u0629 \u062a\u0639\u0632\u064a\u0632 \u0635\u062d\u062a\u0643 \u0648\u0646\u0634\u0627\u0637\u0643 \u0627\u0644\u064a\u0648\u0645\u064a \u0632\u064a\u0627\u062f\u0629 \u062b\u0642\u062a\u0643 \u0628\u0646\u0641\u0633\u0643 \u0645\u0646 \u0627\u0644\u062f\u0627\u062e\u0644 \u0648\u0627\u0644\u062e\u0627\u0631\u062c \u0645\u0639\u0646\u0627. \u0631\u062d\u0644\u062a\u0646\u0627 \u0646\u062d\u0648 \u062c\u0645\u0627\u0644 \u0648\u0635\u062d\u0629 \u0645\u062b\u0627\u0644\u064a\u0629 \u0641\u064a \u0645\u062a\u062c\u0631\u0646\u0627\u060c \u0644\u0627 \u0646\u0642\u062f\u0645 \u0645\u0646\u062a\u062c\u0627\u062a \u0641\u062d\u0633\u0628\u060c \u0628\u0644 \u0646\u0642\u062f\u0651\u0645 \u062a\u062c\u0631\u0628\u0629 \u0645\u062a\u0643\u0627\u0645\u0644\u0629 \u0644\u0644\u062c\u0645\u0627\u0644 \u0648\u0627\u0644\u0635\u062d\u0629. \u0645\u0633\u062a\u062d\u0636\u0631\u0627\u062a \u0627\u0644\u062a\u062c\u0645\u064a\u0644 \u0648\u0627\u0644\u0645\u0643\u0645\u0644\u0627\u062a \u0627\u0644\u063a\u0630\u0627\u0626\u064a\u0629 \u0644\u062f\u064a\u0646\u0627 \u0645\u062e\u062a\u0627\u0631\u0629 \u0628\u0639\u0646\u0627\u064a\u0629 \u0641\u0627\u0626\u0642\u0629 \u0644\u062a\u0644\u0628\u064a\u0629 \u0627\u062d\u062a\u064a\u0627\u062c\u0627\u062a \u0627\u0644\u0646\u0633\u0627\u0621 \u0648\u0627\u0644\u0631\u062c\u0627\u0644\u060c \u0645\u0639 \u062a\u0631\u0643\u064a\u0632 \u0639\u0644\u0649 \u0627\u0644\u062c\u0648\u062f\u0629\u060c [&hellip;]<\/p>\n","protected":false},"author":1,"featured_media":0,"parent":0,"menu_order":0,"comment_status":"closed","ping_status":"closed","template":"","meta":{"_monsterinsights_skip_tracking":false,"_monsterinsights_sitenote_active":false,"_monsterinsights_sitenote_note":"","_monsterinsights_sitenote_category":0,"site-sidebar-layout":"no-sidebar","site-content-layout":"page-builder","ast-site-content-layout":"full-width-container","site-content-style":"unboxed","site-sidebar-style":"unboxed","ast-global-header-display":"","ast-banner-title-visibility":"","ast-main-header-display":"","ast-hfb-above-header-display":"","ast-hfb-below-header-display":"","ast-hfb-mobile-header-display":"","site-post-title":"disabled","ast-breadcrumbs-content":"disabled","ast-featured-img":"disabled","footer-sml-layout":"","ast-disable-related-posts":"","theme-transparent-header-meta":"disabled","adv-header-id-meta":"","stick-header-meta":"","header-above-stick-meta":"","header-main-stick-meta":"","header-below-stick-meta":"","astra-migrate-meta-layouts":"set","ast-page-background-enabled":"default","ast-page-background-meta":{"desktop":{"background-color":"","background-image":"","background-repeat":"repeat","background-position":"center center","background-size":"auto","background-attachment":"scroll","background-type":"","background-media":"","overlay-type":"","overlay-color":"","overlay-opacity":"","overlay-gradient":""},"tablet":{"background-color":"","background-image":"","background-repeat":"repeat","background-position":"center center","background-size":"auto","background-attachment":"scroll","background-type":"","background-media":"","overlay-type":"","overlay-color":"","overlay-opacity":"","overlay-gradient":""},"mobile":{"background-color":"","background-image":"","background-repeat":"repeat","background-position":"center center","background-size":"auto","background-attachment":"scroll","background-type":"","background-media":"","overlay-type":"","overlay-color":"","overlay-opacity":"","overlay-gradient":""}},"ast-content-background-meta":{"desktop":{"background-color":"var(--ast-global-color-5)","background-image":"","background-repeat":"repeat","background-position":"center center","background-size":"auto","background-attachment":"scroll","background-type":"","background-media":"","overlay-type":"","overlay-color":"","overlay-opacity":"","overlay-gradient":""},"tablet":{"background-color":"var(--ast-global-color-5)","background-image":"","background-repeat":"repeat","background-position":"center center","background-size":"auto","background-attachment":"scroll","background-type":"","background-media":"","overlay-type":"","overlay-color":"","overlay-opacity":"","overlay-gradient":""},"mobile":{"background-color":"var(--ast-global-color-5)","background-image":"","background-repeat":"repeat","background-position":"center center","background-size":"auto","background-attachment":"scroll","background-type":"","background-media":"","overlay-type":"","overlay-color":"","overlay-opacity":"","overlay-gradient":""}},"_joinchat":[],"footnotes":""},"class_list":["post-802","page","type-page","status-publish","hentry"],"_links":{"self":[{"href":"https:\/\/vigorashop.com\/fr\/wp-json\/wp\/v2\/pages\/802","targetHints":{"allow":["GET"]}}],"collection":[{"href":"https:\/\/vigorashop.com\/fr\/wp-json\/wp\/v2\/pages"}],"about":[{"href":"https:\/\/vigorashop.com\/fr\/wp-json\/wp\/v2\/types\/page"}],"author":[{"embeddable":true,"href":"https:\/\/vigorashop.com\/fr\/wp-json\/wp\/v2\/users\/1"}],"replies":[{"embeddable":true,"href":"https:\/\/vigorashop.com\/fr\/wp-json\/wp\/v2\/comments?post=802"}],"version-history":[{"count":19,"href":"https:\/\/vigorashop.com\/fr\/wp-json\/wp\/v2\/pages\/802\/revisions"}],"predecessor-version":[{"id":1452,"href":"https:\/\/vigorashop.com\/fr\/wp-json\/wp\/v2\/pages\/802\/revisions\/1452"}],"wp:attachment":[{"href":"https:\/\/vigorashop.com\/fr\/wp-json\/wp\/v2\/media?parent=802"}],"curies":[{"name":"wp","href":"https:\/\/api.w.org\/{rel}","templated":true}]}}